{"id":5266,"date":"2021-07-18T08:03:35","date_gmt":"2021-07-18T08:03:35","guid":{"rendered":"https:\/\/nuss.uxper.co\/luxury-resort\/?page_id=5266"},"modified":"2026-04-07T04:33:20","modified_gmt":"2026-04-07T04:33:20","slug":"uber-uns","status":"publish","type":"page","link":"https:\/\/legolandhotelshanghai.com\/de\/about-us\/","title":{"rendered":"\u00dcber uns"},"content":{"rendered":"<div data-elementor-type=\"wp-page\" data-elementor-id=\"5266\" class=\"elementor elementor-5266\">\n\t\t\t\t\t\t<section class=\"elementor-section elementor-top-section elementor-element elementor-element-10416953 elementor-section-boxed elementor-section-gap-beside-yes elementor-section-height-default elementor-section-height-default elementor-section-column-vertical-align-stretch\" data-id=\"10416953\" data-element_type=\"section\" data-e-type=\"section\">\n\t\t\t\t\t\t<div class=\"elementor-container elementor-column-gap-extended\">\n\t\t\t\t\t<div class=\"elementor-column elementor-col-100 elementor-top-column elementor-element elementor-element-29c6aa8\" data-id=\"29c6aa8\" data-element_type=\"column\" data-e-type=\"column\">\n\t\t\t<div class=\"elementor-widget-wrap elementor-element-populated\">\n\t\t\t\t\t\t<div class=\"elementor-element elementor-element-7be18fe7 elementor-widget__width-initial elementor-invisible elementor-widget elementor-widget-text-editor\" data-id=\"7be18fe7\" data-element_type=\"widget\" data-e-type=\"widget\" data-settings=\"{&quot;_animation&quot;:&quot;nussFadeInUp&quot;}\" data-widget_type=\"text-editor.default\">\n\t\t\t\t\t\t\t\t\tLEGOLAND\u00ae Hotel Shanghai: Das ultimative Familienabenteuerziel in Fengjing\t\t\t\t\t\t\t\t<\/div>\n\t\t\t\t\t<\/div>\n\t\t<\/div>\n\t\t\t\t\t<\/div>\n\t\t<\/section>\n\t\t\t\t<section class=\"elementor-section elementor-top-section elementor-element elementor-element-7d18327f elementor-section-boxed elementor-section-gap-beside-yes elementor-section-height-default elementor-section-height-default elementor-section-column-vertical-align-stretch\" data-id=\"7d18327f\" data-element_type=\"section\" data-e-type=\"section\">\n\t\t\t\t\t\t<div class=\"elementor-container elementor-column-gap-extended\">\n\t\t\t\t\t<div class=\"elementor-column elementor-col-50 elementor-top-column elementor-element elementor-element-56533670\" data-id=\"56533670\" data-element_type=\"column\" data-e-type=\"column\">\n\t\t\t<div class=\"elementor-widget-wrap elementor-element-populated\">\n\t\t\t\t\t\t<div class=\"elementor-element elementor-element-19c3f543 elementor-invisible elementor-widget elementor-widget-text-editor\" data-id=\"19c3f543\" data-element_type=\"widget\" data-e-type=\"widget\" data-settings=\"{&quot;_animation&quot;:&quot;nussFadeInUp&quot;}\" data-widget_type=\"text-editor.default\">\n\t\t\t\t\t\t\t\t\t<p><span class=\"qwen-markdown-text\">Entdecken Sie die Magie der aus Ziegelsteinen gebauten Wunder bei <\/span><strong class=\"qwen-markdown-strong\"><span class=\"qwen-markdown-text\">LEGOLAND\u00ae Hotel Shanghai<\/span><\/strong><span class=\"qwen-markdown-text\">, Das erstklassige, familienfreundliche Hotel befindet sich in der Lefen Road 188, Fengjing Town, Jinshan District, Shanghai, China. Als offizielles Themenhotel des weltweit gr\u00f6\u00dften LEGOLAND\u00ae Resorts bietet dieses au\u00dfergew\u00f6hnliche 5-Sterne-Hotel ein unvergessliches Erlebnis, bei dem jede Ecke Kreativit\u00e4t, Fantasie und Erinnerungen f\u00fcr G\u00e4ste jeden Alters weckt. Speziell f\u00fcr Familien mit Kindern zwischen 2 und 12 Jahren konzipiert, verwandelt das Hotel eine einfache \u00dcbernachtung in ein interaktives Abenteuer voller LEGO\u00ae-\u00dcberraschungen, themenbezogener Unterhaltung und pers\u00f6nlichem Service, der die Freude am Spielen zelebriert.<\/span><\/p>\t\t\t\t\t\t\t\t<\/div>\n\t\t\t\t\t<\/div>\n\t\t<\/div>\n\t\t\t\t<div class=\"elementor-column elementor-col-50 elementor-top-column elementor-element elementor-element-30f14127\" data-id=\"30f14127\" data-element_type=\"column\" data-e-type=\"column\">\n\t\t\t<div class=\"elementor-widget-wrap elementor-element-populated\">\n\t\t\t\t\t\t<div class=\"elementor-element elementor-element-46bc30f elementor-widget elementor-widget-image\" data-id=\"46bc30f\" data-element_type=\"widget\" data-e-type=\"widget\" data-widget_type=\"image.default\">\n\t\t\t\t\t\t\t\t\t\t\t\t\t\t\t<img fetchpriority=\"high\" decoding=\"async\" width=\"1024\" height=\"682\" src=\"https:\/\/legolandhotelshanghai.com\/wp-content\/uploads\/2026\/04\/LEGOLAND-Hotel-45-1024x682.webp\" class=\"attachment-large size-large wp-image-5645\" alt=\"\" srcset=\"https:\/\/legolandhotelshanghai.com\/wp-content\/uploads\/2026\/04\/LEGOLAND-Hotel-45-1024x682.webp 1024w, https:\/\/legolandhotelshanghai.com\/wp-content\/uploads\/2026\/04\/LEGOLAND-Hotel-45-300x200.webp 300w, https:\/\/legolandhotelshanghai.com\/wp-content\/uploads\/2026\/04\/LEGOLAND-Hotel-45-768x512.webp 768w, https:\/\/legolandhotelshanghai.com\/wp-content\/uploads\/2026\/04\/LEGOLAND-Hotel-45.webp 1280w\" sizes=\"(max-width: 1024px) 100vw, 1024px\" \/>\t\t\t\t\t\t\t\t\t\t\t\t\t\t\t<\/div>\n\t\t\t\t\t<\/div>\n\t\t<\/div>\n\t\t\t\t\t<\/div>\n\t\t<\/section>\n\t\t\t\t<section class=\"elementor-section elementor-top-section elementor-element elementor-element-29fb8578 elementor-section-height-min-height elementor-section-stretched elementor-section-full_width elementor-section-items-stretch elementor-section-height-default elementor-section-column-vertical-align-stretch\" data-id=\"29fb8578\" data-element_type=\"section\" data-e-type=\"section\" data-settings=\"{&quot;stretch_section&quot;:&quot;section-stretched&quot;}\">\n\t\t\t\t\t\t<div class=\"elementor-container elementor-column-gap-no\">\n\t\t\t\t\t<div class=\"elementor-column elementor-col-50 elementor-top-column elementor-element elementor-element-40ac270b\" data-id=\"40ac270b\" data-element_type=\"column\" data-e-type=\"column\">\n\t\t\t<div class=\"elementor-widget-wrap elementor-element-populated\">\n\t\t\t\t\t\t<div class=\"elementor-element elementor-element-20872773 elementor-widget__width-initial elementor-widget-mobile__width-inherit elementor-invisible nuss-elementor-loading nuss-slide-in-right elementor-widget elementor-widget-image\" data-id=\"20872773\" data-element_type=\"widget\" data-e-type=\"widget\" data-settings=\"{&quot;_animation&quot;:&quot;nussSlideInRight&quot;}\" data-widget_type=\"image.default\">\n\t\t\t\t\t\t\t\t\t\t\t\t\t\t\t<img decoding=\"async\" width=\"1179\" height=\"853\" src=\"https:\/\/legolandhotelshanghai.com\/wp-content\/uploads\/2026\/04\/LEGOLAND-Hotel-58.webp\" class=\"attachment-full size-full wp-image-5658\" alt=\"\" srcset=\"https:\/\/legolandhotelshanghai.com\/wp-content\/uploads\/2026\/04\/LEGOLAND-Hotel-58.webp 1179w, https:\/\/legolandhotelshanghai.com\/wp-content\/uploads\/2026\/04\/LEGOLAND-Hotel-58-300x217.webp 300w, https:\/\/legolandhotelshanghai.com\/wp-content\/uploads\/2026\/04\/LEGOLAND-Hotel-58-1024x741.webp 1024w, https:\/\/legolandhotelshanghai.com\/wp-content\/uploads\/2026\/04\/LEGOLAND-Hotel-58-768x556.webp 768w\" sizes=\"(max-width: 1179px) 100vw, 1179px\" \/>\t\t\t\t\t\t\t\t\t\t\t\t\t\t\t<\/div>\n\t\t\t\t\t<\/div>\n\t\t<\/div>\n\t\t\t\t<div class=\"elementor-column elementor-col-50 elementor-top-column elementor-element elementor-element-2dac103\" data-id=\"2dac103\" data-element_type=\"column\" data-e-type=\"column\">\n\t\t\t<div class=\"elementor-widget-wrap elementor-element-populated\">\n\t\t\t\t\t\t<div class=\"elementor-element elementor-element-6f1b8966 elementor-invisible elementor-widget elementor-widget-text-editor\" data-id=\"6f1b8966\" data-element_type=\"widget\" data-e-type=\"widget\" data-settings=\"{&quot;_animation&quot;:&quot;nussFadeInUp&quot;}\" data-widget_type=\"text-editor.default\">\n\t\t\t\t\t\t\t\t\t<p><span class=\"qwen-markdown-text\">Tauchen Sie ein in eine lebendige Welt, in der Fantasie vom ersten Moment an zum Leben erwacht. Das LEGOLAND\u00ae Hotel Shanghai bietet 250 individuell gestaltete Familienzimmer und Suiten mit separaten Schlafbereichen f\u00fcr Erwachsene und Kinder \u2013 f\u00fcr Komfort und Bequemlichkeit f\u00fcr die ganze Familie. W\u00e4hlen Sie aus f\u00fcnf aufregenden LEGO\u00ae Themenwelten: LEGO\u00ae CITY, LEGO\u00ae CASTLE, LEGO\u00ae NINJAGO\u00ae, LEGO\u00ae Friends oder der exklusiven LEGO\u00ae Monkie Kid\u2122 Kollektion. Jedes Zimmer ist mit verspielten LEGO\u00ae Details, interaktiven Elementen, Etagenbetten f\u00fcr junge Baumeister, modernen Annehmlichkeiten wie kostenlosem Highspeed-WLAN, Klimaanlage, eigenem Bad und einem atemberaubenden Blick auf den Park oder Garten ausgestattet. Starten Sie erholt in den Tag und genie\u00dfen Sie die Faszination des LEGOLAND\u00ae Shanghai Resorts. Dank exklusiver Vorteile wie dem fr\u00fchen Parkeintritt k\u00f6nnen Hotelg\u00e4ste beliebte Attraktionen vor dem gro\u00dfen Besucheransturm erleben.<\/span><\/p>\t\t\t\t\t\t\t\t<\/div>\n\t\t\t\t\t<\/div>\n\t\t<\/div>\n\t\t\t\t\t<\/div>\n\t\t<\/section>\n\t\t\t\t<section class=\"elementor-section elementor-top-section elementor-element elementor-element-ecd78ac elementor-section-height-min-height elementor-section-stretched elementor-section-full_width elementor-section-items-stretch elementor-section-height-default elementor-section-column-vertical-align-stretch\" data-id=\"ecd78ac\" data-element_type=\"section\" data-e-type=\"section\" data-settings=\"{&quot;stretch_section&quot;:&quot;section-stretched&quot;}\">\n\t\t\t\t\t\t<div class=\"elementor-container elementor-column-gap-no\">\n\t\t\t\t\t<div class=\"elementor-column elementor-col-50 elementor-top-column elementor-element elementor-element-7e39197\" data-id=\"7e39197\" data-element_type=\"column\" data-e-type=\"column\">\n\t\t\t<div class=\"elementor-widget-wrap elementor-element-populated\">\n\t\t\t\t\t\t<div class=\"elementor-element elementor-element-a43080a elementor-invisible elementor-widget elementor-widget-text-editor\" data-id=\"a43080a\" data-element_type=\"widget\" data-e-type=\"widget\" data-settings=\"{&quot;_animation&quot;:&quot;nussFadeInUp&quot;}\" data-widget_type=\"text-editor.default\">\n\t\t\t\t\t\t\t\t\t<p><span class=\"qwen-markdown-text\">Kulinarische Abenteuer erwarten Sie in den drei einzigartigen Restaurants des Hotels, wo Kreativit\u00e4t und Geschmack in jedem Bissen aufeinandertreffen. Das Bricks Family Restaurant bietet ein reichhaltiges Fr\u00fchst\u00fccksbuffet mit westlichen und chinesischen Spezialit\u00e4ten \u2013 hier ist f\u00fcr jeden Geschmack etwas dabei. Die Adventure Lounge verw\u00f6hnt Sie ganzt\u00e4gig mit \u00c0-la-carte-Gerichten, die von LEGO\u00ae inspiriert sind und das Essen f\u00fcr Kinder zum Vergn\u00fcgen und f\u00fcr Erwachsene zu einem anspruchsvollen Erlebnis machen. F\u00fcr einen schnellen Snack und erfrischende Getr\u00e4nke bietet Splash Bites ein entspanntes Ambiente, ideal zum Auftanken zwischen den Parkabenteuern. Alle Restaurants legen Wert auf frische Zutaten, kinderfreundliche Men\u00fcs und den spielerischen Geist, der die Marke LEGOLAND\u00ae auszeichnet.<\/span><\/p>\t\t\t\t\t\t\t\t<\/div>\n\t\t\t\t\t<\/div>\n\t\t<\/div>\n\t\t\t\t<div class=\"elementor-column elementor-col-50 elementor-top-column elementor-element elementor-element-7a21817\" data-id=\"7a21817\" data-element_type=\"column\" data-e-type=\"column\">\n\t\t\t<div class=\"elementor-widget-wrap elementor-element-populated\">\n\t\t\t\t\t\t<div class=\"elementor-element elementor-element-385c1d4 elementor-widget__width-initial elementor-widget-mobile__width-inherit elementor-invisible nuss-elementor-loading nuss-slide-in-right elementor-widget elementor-widget-image\" data-id=\"385c1d4\" data-element_type=\"widget\" data-e-type=\"widget\" data-settings=\"{&quot;_animation&quot;:&quot;nussSlideInRight&quot;}\" data-widget_type=\"image.default\">\n\t\t\t\t\t\t\t\t\t\t\t\t\t\t\t<img decoding=\"async\" width=\"1280\" height=\"853\" src=\"https:\/\/legolandhotelshanghai.com\/wp-content\/uploads\/2026\/04\/LEGOLAND-Hotel-12.webp\" class=\"attachment-full size-full wp-image-5612\" alt=\"\" srcset=\"https:\/\/legolandhotelshanghai.com\/wp-content\/uploads\/2026\/04\/LEGOLAND-Hotel-12.webp 1280w, https:\/\/legolandhotelshanghai.com\/wp-content\/uploads\/2026\/04\/LEGOLAND-Hotel-12-300x200.webp 300w, https:\/\/legolandhotelshanghai.com\/wp-content\/uploads\/2026\/04\/LEGOLAND-Hotel-12-1024x682.webp 1024w, https:\/\/legolandhotelshanghai.com\/wp-content\/uploads\/2026\/04\/LEGOLAND-Hotel-12-768x512.webp 768w\" sizes=\"(max-width: 1280px) 100vw, 1280px\" \/>\t\t\t\t\t\t\t\t\t\t\t\t\t\t\t<\/div>\n\t\t\t\t\t<\/div>\n\t\t<\/div>\n\t\t\t\t\t<\/div>\n\t\t<\/section>\n\t\t\t\t<section class=\"elementor-section elementor-top-section elementor-element elementor-element-0ad8a04 elementor-section-height-min-height elementor-section-stretched elementor-section-full_width elementor-section-items-stretch elementor-section-height-default elementor-section-column-vertical-align-stretch\" data-id=\"0ad8a04\" data-element_type=\"section\" data-e-type=\"section\" data-settings=\"{&quot;stretch_section&quot;:&quot;section-stretched&quot;}\">\n\t\t\t\t\t\t<div class=\"elementor-container elementor-column-gap-no\">\n\t\t\t\t\t<div class=\"elementor-column elementor-col-50 elementor-top-column elementor-element elementor-element-f4fd966\" data-id=\"f4fd966\" data-element_type=\"column\" data-e-type=\"column\">\n\t\t\t<div class=\"elementor-widget-wrap elementor-element-populated\">\n\t\t\t\t\t\t<div class=\"elementor-element elementor-element-cbe9535 elementor-widget__width-initial elementor-widget-mobile__width-inherit elementor-invisible nuss-elementor-loading nuss-slide-in-right elementor-widget elementor-widget-image\" data-id=\"cbe9535\" data-element_type=\"widget\" data-e-type=\"widget\" data-settings=\"{&quot;_animation&quot;:&quot;nussSlideInRight&quot;}\" data-widget_type=\"image.default\">\n\t\t\t\t\t\t\t\t\t\t\t\t\t\t\t<img loading=\"lazy\" decoding=\"async\" width=\"1123\" height=\"808\" src=\"https:\/\/legolandhotelshanghai.com\/wp-content\/uploads\/2026\/04\/LEGOLAND-Hotel-4.webp\" class=\"attachment-full size-full wp-image-5604\" alt=\"\" srcset=\"https:\/\/legolandhotelshanghai.com\/wp-content\/uploads\/2026\/04\/LEGOLAND-Hotel-4.webp 1123w, https:\/\/legolandhotelshanghai.com\/wp-content\/uploads\/2026\/04\/LEGOLAND-Hotel-4-300x216.webp 300w, https:\/\/legolandhotelshanghai.com\/wp-content\/uploads\/2026\/04\/LEGOLAND-Hotel-4-1024x737.webp 1024w, https:\/\/legolandhotelshanghai.com\/wp-content\/uploads\/2026\/04\/LEGOLAND-Hotel-4-768x553.webp 768w\" sizes=\"(max-width: 1123px) 100vw, 1123px\" \/>\t\t\t\t\t\t\t\t\t\t\t\t\t\t\t<\/div>\n\t\t\t\t\t<\/div>\n\t\t<\/div>\n\t\t\t\t<div class=\"elementor-column elementor-col-50 elementor-top-column elementor-element elementor-element-0a70ed4\" data-id=\"0a70ed4\" data-element_type=\"column\" data-e-type=\"column\">\n\t\t\t<div class=\"elementor-widget-wrap elementor-element-populated\">\n\t\t\t\t\t\t<div class=\"elementor-element elementor-element-8075589 elementor-invisible elementor-widget elementor-widget-text-editor\" data-id=\"8075589\" data-element_type=\"widget\" data-e-type=\"widget\" data-settings=\"{&quot;_animation&quot;:&quot;nussFadeInUp&quot;}\" data-widget_type=\"text-editor.default\">\n\t\t\t\t\t\t\t\t\t<p><span class=\"qwen-markdown-text\" data-spm-anchor-id=\"a2ty_o01.29997173.0.i37.16955171QIa6jo\">Neben den Zimmern und Restaurants bietet das LEGOLAND\u00ae Hotel Shanghai au\u00dfergew\u00f6hnliche Services f\u00fcr einen reibungslosen und stressfreien Familienurlaub. Genie\u00dfen Sie kostenfreie Privatparkpl\u00e4tze mit Ladestationen f\u00fcr Elektrofahrzeuge, eine rund um die Uhr besetzte Rezeption mit mehrsprachigem Personal, Concierge-Services zur Planung Ihres Aufenthalts und eine Gep\u00e4ckaufbewahrung. Junge G\u00e4ste werden den Kinderspielplatz, das t\u00e4gliche Unterhaltungsprogramm, die LEGO\u00ae Bauworkshops, die Schatzsuchen und die Treffen mit den LEGO\u00ae-Figuren lieben, die den Zauber w\u00e4hrend Ihres gesamten Aufenthalts lebendig halten. Zu den weiteren Annehmlichkeiten geh\u00f6ren ein glitzernder Swimmingpool, ein Souvenirshop mit exklusiven LEGO\u00ae Artikeln, Sekretariatsservice f\u00fcr Gesch\u00e4ftsreisende und barrierefreie Einrichtungen, die allen G\u00e4sten Komfort bieten.<\/span><\/p>\t\t\t\t\t\t\t\t<\/div>\n\t\t\t\t\t<\/div>\n\t\t<\/div>\n\t\t\t\t\t<\/div>\n\t\t<\/section>\n\t\t\t\t<section class=\"elementor-section elementor-top-section elementor-element elementor-element-98f28aa elementor-section-height-min-height elementor-section-stretched elementor-section-full_width elementor-section-items-stretch elementor-section-height-default elementor-section-column-vertical-align-stretch\" data-id=\"98f28aa\" data-element_type=\"section\" data-e-type=\"section\" data-settings=\"{&quot;stretch_section&quot;:&quot;section-stretched&quot;}\">\n\t\t\t\t\t\t<div class=\"elementor-container elementor-column-gap-no\">\n\t\t\t\t\t<div class=\"elementor-column elementor-col-50 elementor-top-column elementor-element elementor-element-3775aa0\" data-id=\"3775aa0\" data-element_type=\"column\" data-e-type=\"column\">\n\t\t\t<div class=\"elementor-widget-wrap elementor-element-populated\">\n\t\t\t\t\t\t<div class=\"elementor-element elementor-element-221f52e elementor-invisible elementor-widget elementor-widget-text-editor\" data-id=\"221f52e\" data-element_type=\"widget\" data-e-type=\"widget\" data-settings=\"{&quot;_animation&quot;:&quot;nussFadeInUp&quot;}\" data-widget_type=\"text-editor.default\">\n\t\t\t\t\t\t\t\t\t<p><span class=\"qwen-markdown-text\">Strategisch g\u00fcnstig im malerischen Jinshan-Viertel von Shanghai gelegen, bietet das Hotel bequemen Zugang sowohl zum LEGOLAND\u00ae Shanghai Resort \u2013 nur 250 Meter entfernt \u2013 als auch zu weiteren Sehensw\u00fcrdigkeiten Shanghais. Der Bahnhof Jinshanbei ist nur 1,8 Kilometer entfernt und bietet bequeme Verbindungen zum internationalen Flughafen Shanghai Hongqiao und in die Shanghaier Innenstadt per Hochgeschwindigkeitszug. Zu den nahegelegenen Attraktionen z\u00e4hlen die charmante Altstadt von Fengjing, der \u00d6kologische Park Huakai Haishang und das Blumenmeer, sodass Sie Ihr Abenteuer ganz einfach \u00fcber die LEGO\u00ae Welt hinaus erweitern k\u00f6nnen. Ob Sie einen Urlaub ausschlie\u00dflich im LEGOLAND\u00ae planen oder das Resort in eine umfassendere Shanghai-Reise einbinden m\u00f6chten \u2013 das LEGOLAND\u00ae Hotel Shanghai ist der perfekte Ausgangspunkt f\u00fcr Entdeckungen, Entspannung und gemeinsame Erlebnisse mit der Familie.<\/span><\/p>\t\t\t\t\t\t\t\t<\/div>\n\t\t\t\t\t<\/div>\n\t\t<\/div>\n\t\t\t\t<div class=\"elementor-column elementor-col-50 elementor-top-column elementor-element elementor-element-08a3384\" data-id=\"08a3384\" data-element_type=\"column\" data-e-type=\"column\">\n\t\t\t<div class=\"elementor-widget-wrap elementor-element-populated\">\n\t\t\t\t\t\t<div class=\"elementor-element elementor-element-219d980 elementor-widget__width-initial elementor-widget-mobile__width-inherit elementor-invisible nuss-elementor-loading nuss-slide-in-right elementor-widget elementor-widget-image\" data-id=\"219d980\" data-element_type=\"widget\" data-e-type=\"widget\" data-settings=\"{&quot;_animation&quot;:&quot;nussSlideInRight&quot;}\" data-widget_type=\"image.default\">\n\t\t\t\t\t\t\t\t\t\t\t\t\t\t\t<img loading=\"lazy\" decoding=\"async\" width=\"1200\" height=\"800\" src=\"https:\/\/legolandhotelshanghai.com\/wp-content\/uploads\/2026\/04\/legoland-resort.jpg\" class=\"attachment-full size-full wp-image-5697\" alt=\"\" srcset=\"https:\/\/legolandhotelshanghai.com\/wp-content\/uploads\/2026\/04\/legoland-resort.jpg 1200w, https:\/\/legolandhotelshanghai.com\/wp-content\/uploads\/2026\/04\/legoland-resort-300x200.jpg 300w, https:\/\/legolandhotelshanghai.com\/wp-content\/uploads\/2026\/04\/legoland-resort-1024x683.jpg 1024w, https:\/\/legolandhotelshanghai.com\/wp-content\/uploads\/2026\/04\/legoland-resort-768x512.jpg 768w\" sizes=\"(max-width: 1200px) 100vw, 1200px\" \/>\t\t\t\t\t\t\t\t\t\t\t\t\t\t\t<\/div>\n\t\t\t\t\t<\/div>\n\t\t<\/div>\n\t\t\t\t\t<\/div>\n\t\t<\/section>\n\t\t<div class=\"elementor-element elementor-element-ae7873f e-flex e-con-boxed e-con e-parent\" data-id=\"ae7873f\" data-element_type=\"container\" data-e-type=\"container\">\n\t\t\t\t\t<div class=\"e-con-inner\">\n\t\t\t\t<div class=\"elementor-element elementor-element-208c793 elementor-widget elementor-widget-text-editor\" data-id=\"208c793\" data-element_type=\"widget\" data-e-type=\"widget\" data-widget_type=\"text-editor.default\">\n\t\t\t\t\t\t\t\t\t<p><span class=\"qwen-markdown-text\" data-spm-anchor-id=\"a2ty_o01.29997173.0.i38.16955171QIa6jo\">Erleben Sie den Unterschied eines Aufenthalts, bei dem jedes Detail auf Familien ausgerichtet ist. Von der farbenfrohen, interaktiven Lobby mit beeindruckenden LEGO\u00ae-Skulpturen bis hin zu den liebevollen Details in jedem Zimmer bietet das LEGOLAND\u00ae Hotel Shanghai mehr als nur eine Unterkunft \u2013 es schafft ein ganzheitliches Unterhaltungserlebnis. Dank durchweg hervorragender G\u00e4stebewertungen, die den au\u00dfergew\u00f6hnlichen Service, die makellose Sauberkeit, die erstklassige Lage und die magische Atmosph\u00e4re loben, hat sich dieses Hotel seinen Ruf als eines der besten Familienreiseziele in Shanghai redlich verdient. Buchen Sie noch heute Ihren Aufenthalt und verwandeln Sie Ihre Shanghai-Reise in ein legend\u00e4res Abenteuer, in dem der Spielspa\u00df grenzenlos ist und Erinnerungen f\u00fcr die Ewigkeit geschaffen werden \u2013 genau wie die LEGO\u00ae-Steine, die alles inspirieren.<\/span><\/p>\t\t\t\t\t\t\t\t<\/div>\n\t\t\t\t\t<\/div>\n\t\t\t\t<\/div>\n\t\t\t\t<\/div>","protected":false},"excerpt":{"rendered":"<p>LEGOLAND\u00ae Hotel Shanghai: The Ultimate Family Adventure Destination in Fengjing Town Discover the magic of brick-built wonder at LEGOLAND\u00ae Hotel Shanghai, the premier family-friendly destination nestled at No. 188 Lefen Road, Fengjing Town, Jinshan District, Shanghai, China. As the official themed hotel of the world&#8217;s largest LEGOLAND\u00ae Resort, this extraordinary 5-star property offers an immersive [&hellip;]<\/p>\n","protected":false},"author":1,"featured_media":0,"parent":0,"menu_order":0,"comment_status":"closed","ping_status":"closed","template":"","meta":{"footnotes":""},"class_list":["post-5266","page","type-page","status-publish","hentry","post-no-thumbnail"],"_links":{"self":[{"href":"https:\/\/legolandhotelshanghai.com\/de\/wp-json\/wp\/v2\/pages\/5266","targetHints":{"allow":["GET"]}}],"collection":[{"href":"https:\/\/legolandhotelshanghai.com\/de\/wp-json\/wp\/v2\/pages"}],"about":[{"href":"https:\/\/legolandhotelshanghai.com\/de\/wp-json\/wp\/v2\/types\/page"}],"author":[{"embeddable":true,"href":"https:\/\/legolandhotelshanghai.com\/de\/wp-json\/wp\/v2\/users\/1"}],"replies":[{"embeddable":true,"href":"https:\/\/legolandhotelshanghai.com\/de\/wp-json\/wp\/v2\/comments?post=5266"}],"version-history":[{"count":0,"href":"https:\/\/legolandhotelshanghai.com\/de\/wp-json\/wp\/v2\/pages\/5266\/revisions"}],"wp:attachment":[{"href":"https:\/\/legolandhotelshanghai.com\/de\/wp-json\/wp\/v2\/media?parent=5266"}],"curies":[{"name":"wp","href":"https:\/\/api.w.org\/{rel}","templated":true}]}}