{"id":2104,"date":"2021-03-23T09:33:48","date_gmt":"2021-03-23T09:33:48","guid":{"rendered":"http:\/\/localhost\/nuss\/?page_id=167"},"modified":"2026-04-07T04:14:28","modified_gmt":"2026-04-07T04:14:28","slug":"nuestra-historia","status":"publish","type":"page","link":"https:\/\/legolandhotelshanghai.com\/es\/our-story\/","title":{"rendered":"Nuestra historia"},"content":{"rendered":"<div data-elementor-type=\"wp-page\" data-elementor-id=\"2104\" class=\"elementor elementor-2104\">\n\t\t\t\t\t\t<section class=\"elementor-section elementor-top-section elementor-element elementor-element-8f5bb9d elementor-section-boxed elementor-section-gap-beside-yes elementor-section-height-default elementor-section-height-default elementor-section-column-vertical-align-stretch\" data-id=\"8f5bb9d\" data-element_type=\"section\" data-e-type=\"section\">\n\t\t\t\t\t\t<div class=\"elementor-container elementor-column-gap-extended\">\n\t\t\t\t\t<div class=\"elementor-column elementor-col-100 elementor-top-column elementor-element elementor-element-7ec4215\" data-id=\"7ec4215\" data-element_type=\"column\" data-e-type=\"column\">\n\t\t\t<div class=\"elementor-widget-wrap elementor-element-populated\">\n\t\t\t\t\t\t<div class=\"elementor-element elementor-element-edd9d03 elementor-widget__width-initial elementor-invisible elementor-widget elementor-widget-text-editor\" data-id=\"edd9d03\" data-element_type=\"widget\" data-e-type=\"widget\" data-settings=\"{&quot;_animation&quot;:&quot;nussFadeInUp&quot;}\" data-widget_type=\"text-editor.default\">\n\t\t\t\t\t\t\t\t\tNuestra historia: LEGOLAND\u00ae Hotel Shanghai \u2013 Donde la imaginaci\u00f3n echa ra\u00edces en el coraz\u00f3n de Jinshan\t\t\t\t\t\t\t\t<\/div>\n\t\t\t\t\t<\/div>\n\t\t<\/div>\n\t\t\t\t\t<\/div>\n\t\t<\/section>\n\t\t<div class=\"elementor-element elementor-element-7cccb04 e-flex e-con-boxed e-con e-parent\" data-id=\"7cccb04\" data-element_type=\"container\" data-e-type=\"container\">\n\t\t\t\t\t<div class=\"e-con-inner\">\n\t\t\t\t<div class=\"elementor-element elementor-element-a12cf9b elementor-widget elementor-widget-text-editor\" data-id=\"a12cf9b\" data-element_type=\"widget\" data-e-type=\"widget\" data-widget_type=\"text-editor.default\">\n\t\t\t\t\t\t\t\t\t<h2 class=\"qwen-markdown-heading\"><span class=\"qwen-markdown-text\">Un sue\u00f1o construido ladrillo a ladrillo<\/span><\/h2><div class=\"qwen-markdown-paragraph\"><span class=\"qwen-markdown-text\">La historia de <\/span><strong class=\"qwen-markdown-strong\"><span class=\"qwen-markdown-text\">Hotel LEGOLAND\u00ae Shanghai<\/span><\/strong><span class=\"qwen-markdown-text\"> No comienza con planos ni ceremonias de inauguraci\u00f3n, sino con una idea simple y poderosa: <\/span><em><span class=\"qwen-markdown-text\">\u00bfY si un hotel pudiera ser algo m\u00e1s que un lugar para dormir? \u00bfY si pudiera ser un destino en s\u00ed mismo, un mundo donde la creatividad fomenta la conexi\u00f3n, donde el juego impulsa el descubrimiento y donde las familias construyen recuerdos tan duraderos como los ladrillos que los inspiran?<\/span><\/em><\/div><div class=\"qwen-markdown-space\">\u00a0<\/div><div class=\"qwen-markdown-paragraph\"><span class=\"qwen-markdown-text\">Ubicado en el n\u00famero 188 de la calle Lefen, en el tranquilo y culturalmente rico barrio de Fengjing, en el distrito de Jinshan de Shangh\u00e1i, el LEGOLAND\u00ae Hotel Shanghai es la materializaci\u00f3n de esa visi\u00f3n. Concebido como la puerta de entrada tem\u00e1tica oficial a LEGOLAND\u00ae Shanghai Resort, el parque LEGOLAND\u00ae m\u00e1s grande del mundo, este extraordinario hotel de 5 estrellas fue meticulosamente dise\u00f1ado para extender la magia del universo LEGO\u00ae m\u00e1s all\u00e1 de las puertas del parque y a cada momento de la estancia de una familia. Desde sus primeros bocetos conceptuales hasta su vibrante d\u00eda de inauguraci\u00f3n, el hotel se ha guiado por un \u00fanico prop\u00f3sito: crear una experiencia fluida, inmersiva y alegre donde la imaginaci\u00f3n es la bienvenida y el asombro la norma.<\/span><\/div><div class=\"qwen-markdown-space\">\u00a0<\/div><h2 class=\"qwen-markdown-heading\"><span class=\"qwen-markdown-text\">Arraigados en el legado, inspirados en Shangh\u00e1i.<\/span><\/h2><div class=\"qwen-markdown-paragraph\"><span class=\"qwen-markdown-text\">El LEGOLAND\u00ae Hotel Shanghai se inspira en la herencia atemporal del Grupo LEGO\u00ae, una empresa familiar danesa que ha promovido la creatividad, la calidad y el aprendizaje a trav\u00e9s del juego durante generaciones. Sin embargo, este hotel no es una simple r\u00e9plica de sus hom\u00f3logos internacionales; es una oda a Shangh\u00e1i y a la cultura china. Cada elemento de dise\u00f1o, cada detalle del servicio y cada historia que se entrelaza con la experiencia del hu\u00e9sped reflejan una cuidada fusi\u00f3n de la magia internacional de LEGO\u00ae con la autenticidad local.<\/span><\/div><div class=\"qwen-markdown-space\">\u00a0<\/div><div class=\"qwen-markdown-paragraph\"><span class=\"qwen-markdown-text\">La elecci\u00f3n de Fengjing Town, un hist\u00f3rico pueblo acu\u00e1tico famoso por sus pinturas tradicionales chinas de campesinos, sus antiguos canales y su esp\u00edritu art\u00edstico, fue intencionada. Al igual que los ladrillos LEGO\u00ae invitan a una reinterpretaci\u00f3n infinita, Fengjing encarna la armon\u00eda entre tradici\u00f3n e innovaci\u00f3n. La arquitectura y los interiores del hotel reflejan este equilibrio: la vibrante y l\u00fadica est\u00e9tica LEGO\u00ae se fusiona con sutiles gui\u00f1os al dise\u00f1o regional de Jiangnan, creando un espacio que se siente a la vez novedoso y acogedor. Los materiales locales, las colaboraciones art\u00edsticas con creadores de Shangh\u00e1i y la oferta culinaria que celebra los sabores regionales garantizan que los hu\u00e9spedes disfruten no solo de una marca global, sino de una historia aut\u00e9nticamente shanghainesa.<\/span><\/div><div class=\"qwen-markdown-space\">\u00a0<\/div><h2 class=\"qwen-markdown-heading\"><span class=\"qwen-markdown-text\">Dise\u00f1ado para el descubrimiento, creado para la conexi\u00f3n.<\/span><\/h2><div class=\"qwen-markdown-paragraph\"><span class=\"qwen-markdown-text\">Desde el momento en que las familias entran al majestuoso vest\u00edbulo del hotel, rebosante de imponentes esculturas LEGO\u00ae, exhibiciones interactivas y la alegre expectaci\u00f3n de la llegada, se adentran en una historia creada exclusivamente para ellas. Cada pasillo, cada habitaci\u00f3n y cada espacio com\u00fan narra un cap\u00edtulo de aventura. Las cinco tem\u00e1ticas inmersivas de las habitaciones \u2014LEGO\u00ae CITY, CASTLE, NINJAGO\u00ae, Friends y la exclusiva colecci\u00f3n LEGO\u00ae Monkie Kid\u2122\u2014 se desarrollaron con un profundo conocimiento de lo que cautiva a las mentes j\u00f3venes y tranquiliza a los padres. Zonas de descanso separadas, tesoros LEGO\u00ae ocultos y detalles l\u00fadicos transforman un simple descanso nocturno en una extensi\u00f3n de la exploraci\u00f3n del d\u00eda.<\/span><\/div><div class=\"qwen-markdown-space\">\u00a0<\/div><div class=\"qwen-markdown-paragraph\"><span class=\"qwen-markdown-text\">Pero la historia del LEGOLAND\u00ae Hotel Shanghai no se limita al dise\u00f1o f\u00edsico. Se trata de las personas que le dan vida. Nuestro equipo, multiling\u00fce, apasionado y meticulosamente capacitado, comparte una convicci\u00f3n com\u00fan: que la hospitalidad es un acto de cocreaci\u00f3n. No solo atendemos a los hu\u00e9spedes; nos asociamos con las familias para crear momentos de alegr\u00eda personalizados. Ya sea un conserje organizando una celebraci\u00f3n de cumplea\u00f1os sorpresa, un chef adaptando una comida a las necesidades diet\u00e9ticas de un ni\u00f1o o un coordinador de juegos guiando un taller de construcci\u00f3n con LEGO\u00ae, cada interacci\u00f3n est\u00e1 impregnada de calidez, profesionalismo y un deseo genuino de hacer que su historia sea inolvidable.<\/span><\/div><div class=\"qwen-markdown-space\">\u00a0<\/div><h2 class=\"qwen-markdown-heading\"><span class=\"qwen-markdown-text\">Un compromiso con el juego, el prop\u00f3sito y el planeta.<\/span><\/h2><div class=\"qwen-markdown-paragraph\"><span class=\"qwen-markdown-text\">Nuestra historia tambi\u00e9n es una historia de responsabilidad. El LEGOLAND\u00ae Hotel Shanghai se adhiere al compromiso global del Grupo LEGO\u00ae con la sostenibilidad y el impacto positivo. Desde sistemas de construcci\u00f3n energ\u00e9ticamente eficientes y medidas de conservaci\u00f3n del agua hasta iniciativas de reducci\u00f3n de residuos y abastecimiento ecol\u00f3gico, nos esforzamos por minimizar nuestro impacto ambiental y maximizar la comodidad de nuestros hu\u00e9spedes. Priorizamos las alianzas con proveedores locales, apoyamos programas art\u00edsticos comunitarios en el distrito de Jinshan y creamos oportunidades para el intercambio cultural que enriquecen tanto a nuestros hu\u00e9spedes como a nuestros vecinos.<\/span><\/div><div class=\"qwen-markdown-space\">\u00a0<\/div><div class=\"qwen-markdown-paragraph\"><span class=\"qwen-markdown-text\">Adem\u00e1s, creemos que el juego es una poderosa herramienta para el aprendizaje y la conexi\u00f3n. Por eso, nuestra programaci\u00f3n va m\u00e1s all\u00e1 del entretenimiento: los talleres de construcci\u00f3n con LEGO\u00ae fomentan la resoluci\u00f3n de problemas y la creatividad; las interacciones entre personajes promueven la amabilidad y el trabajo en equipo; y las actividades familiares incentivan el descubrimiento compartido. En un mundo que a menudo va a toda prisa, ofrecemos un refugio donde no solo se fomenta el juego en grupo, sino que se celebra.<\/span><\/div><div class=\"qwen-markdown-space\">\u00a0<\/div><h2 class=\"qwen-markdown-heading\"><span class=\"qwen-markdown-text\">Tu cap\u00edtulo te espera<\/span><\/h2><div class=\"qwen-markdown-paragraph\"><span class=\"qwen-markdown-text\">Hoy, LEGOLAND\u00ae Hotel Shanghai es mucho m\u00e1s que un lugar para hospedarse. Es una historia viva que se sigue desarrollando con cada familia que cruza nuestras puertas. Es un testimonio de la convicci\u00f3n de que cuando la imaginaci\u00f3n tiene espacio para florecer, suceden cosas extraordinarias. Es la promesa de que, en el coraz\u00f3n del distrito de Jinshan en Shangh\u00e1i, existe un refugio donde los ni\u00f1os sue\u00f1an sin l\u00edmites, los padres se relajan profundamente y todos se marchan con un poco m\u00e1s de asombro del que tra\u00edan al llegar.<\/span><\/div><div class=\"qwen-markdown-space\">\u00a0<\/div><div class=\"qwen-markdown-paragraph\"><span class=\"qwen-markdown-text\">Esta es nuestra historia. Y te invitamos a escribir el pr\u00f3ximo cap\u00edtulo con nosotros. Ya sea que celebres un hito, te embarques en una primera aventura o simplemente busques una escapada llena de alegr\u00eda, LEGOLAND\u00ae Hotel Shanghai te da la bienvenida a un mundo donde cada ladrillo encierra una posibilidad, cada momento genera conexi\u00f3n y cada estancia se convierte en un recuerdo preciado para tu familia.<\/span><\/div><div class=\"qwen-markdown-space\">\u00a0<\/div><div class=\"qwen-markdown-paragraph\" data-spm-anchor-id=\"a2ty_o01.29997173.0.i21.16955171QIa6jo\"><em><span class=\"qwen-markdown-text\">Ven a construir tu historia con nosotros. La aventura comienza en el momento en que llegas.<\/span><\/em><span class=\"qwen-markdown-text\"> \ud83e\uddf1\u2728<\/span><\/div>\t\t\t\t\t\t\t\t<\/div>\n\t\t\t\t\t<\/div>\n\t\t\t\t<\/div>\n\t\t\t\t<\/div>","protected":false},"excerpt":{"rendered":"<p>Our Story: LEGOLAND\u00ae Hotel Shanghai \u2013 Where Imagination Takes Root in the Heart of Jinshan A Dream Built Brick by Brick The story of LEGOLAND\u00ae Hotel Shanghai begins not with blueprints or groundbreaking ceremonies, but with a simple, powerful idea: What if a hotel could be more than just a place to sleep? What if [&hellip;]<\/p>\n","protected":false},"author":1,"featured_media":0,"parent":0,"menu_order":0,"comment_status":"closed","ping_status":"closed","template":"elementor_header_footer","meta":{"footnotes":""},"class_list":["post-2104","page","type-page","status-publish","hentry","post-no-thumbnail"],"_links":{"self":[{"href":"https:\/\/legolandhotelshanghai.com\/es\/wp-json\/wp\/v2\/pages\/2104","targetHints":{"allow":["GET"]}}],"collection":[{"href":"https:\/\/legolandhotelshanghai.com\/es\/wp-json\/wp\/v2\/pages"}],"about":[{"href":"https:\/\/legolandhotelshanghai.com\/es\/wp-json\/wp\/v2\/types\/page"}],"author":[{"embeddable":true,"href":"https:\/\/legolandhotelshanghai.com\/es\/wp-json\/wp\/v2\/users\/1"}],"replies":[{"embeddable":true,"href":"https:\/\/legolandhotelshanghai.com\/es\/wp-json\/wp\/v2\/comments?post=2104"}],"version-history":[{"count":0,"href":"https:\/\/legolandhotelshanghai.com\/es\/wp-json\/wp\/v2\/pages\/2104\/revisions"}],"wp:attachment":[{"href":"https:\/\/legolandhotelshanghai.com\/es\/wp-json\/wp\/v2\/media?parent=2104"}],"curies":[{"name":"wp","href":"https:\/\/api.w.org\/{rel}","templated":true}]}}