{"id":5266,"date":"2021-07-18T08:03:35","date_gmt":"2021-07-18T08:03:35","guid":{"rendered":"https:\/\/nuss.uxper.co\/luxury-resort\/?page_id=5266"},"modified":"2026-04-07T04:33:20","modified_gmt":"2026-04-07T04:33:20","slug":"sobre-nosotros","status":"publish","type":"page","link":"https:\/\/legolandhotelshanghai.com\/es\/about-us\/","title":{"rendered":"Sobre nosotros"},"content":{"rendered":"<div data-elementor-type=\"wp-page\" data-elementor-id=\"5266\" class=\"elementor elementor-5266\">\n\t\t\t\t\t\t<section class=\"elementor-section elementor-top-section elementor-element elementor-element-10416953 elementor-section-boxed elementor-section-gap-beside-yes elementor-section-height-default elementor-section-height-default elementor-section-column-vertical-align-stretch\" data-id=\"10416953\" data-element_type=\"section\" data-e-type=\"section\">\n\t\t\t\t\t\t<div class=\"elementor-container elementor-column-gap-extended\">\n\t\t\t\t\t<div class=\"elementor-column elementor-col-100 elementor-top-column elementor-element elementor-element-29c6aa8\" data-id=\"29c6aa8\" data-element_type=\"column\" data-e-type=\"column\">\n\t\t\t<div class=\"elementor-widget-wrap elementor-element-populated\">\n\t\t\t\t\t\t<div class=\"elementor-element elementor-element-7be18fe7 elementor-widget__width-initial elementor-invisible elementor-widget elementor-widget-text-editor\" data-id=\"7be18fe7\" data-element_type=\"widget\" data-e-type=\"widget\" data-settings=\"{&quot;_animation&quot;:&quot;nussFadeInUp&quot;}\" data-widget_type=\"text-editor.default\">\n\t\t\t\t\t\t\t\t\tLEGOLAND\u00ae Hotel Shanghai: El destino de aventuras familiares definitivo en la ciudad de Fengjing.\t\t\t\t\t\t\t\t<\/div>\n\t\t\t\t\t<\/div>\n\t\t<\/div>\n\t\t\t\t\t<\/div>\n\t\t<\/section>\n\t\t\t\t<section class=\"elementor-section elementor-top-section elementor-element elementor-element-7d18327f elementor-section-boxed elementor-section-gap-beside-yes elementor-section-height-default elementor-section-height-default elementor-section-column-vertical-align-stretch\" data-id=\"7d18327f\" data-element_type=\"section\" data-e-type=\"section\">\n\t\t\t\t\t\t<div class=\"elementor-container elementor-column-gap-extended\">\n\t\t\t\t\t<div class=\"elementor-column elementor-col-50 elementor-top-column elementor-element elementor-element-56533670\" data-id=\"56533670\" data-element_type=\"column\" data-e-type=\"column\">\n\t\t\t<div class=\"elementor-widget-wrap elementor-element-populated\">\n\t\t\t\t\t\t<div class=\"elementor-element elementor-element-19c3f543 elementor-invisible elementor-widget elementor-widget-text-editor\" data-id=\"19c3f543\" data-element_type=\"widget\" data-e-type=\"widget\" data-settings=\"{&quot;_animation&quot;:&quot;nussFadeInUp&quot;}\" data-widget_type=\"text-editor.default\">\n\t\t\t\t\t\t\t\t\t<p><span class=\"qwen-markdown-text\">Descubre la magia de las maravillas construidas con ladrillos en <\/span><strong class=\"qwen-markdown-strong\"><span class=\"qwen-markdown-text\">Hotel LEGOLAND\u00ae Shanghai<\/span><\/strong><span class=\"qwen-markdown-text\">, El hotel, un destino ideal para familias, se encuentra en el n\u00famero 188 de la calle Lefen, en la ciudad de Fengjing, distrito de Jinshan, Shangh\u00e1i, China. Como hotel tem\u00e1tico oficial del LEGOLAND\u00ae Resort m\u00e1s grande del mundo, este extraordinario establecimiento de 5 estrellas ofrece una experiencia inmersiva donde cada rinc\u00f3n despierta la creatividad, la imaginaci\u00f3n y crea recuerdos inolvidables para hu\u00e9spedes de todas las edades. Dise\u00f1ado especialmente para familias con ni\u00f1os de 2 a 12 a\u00f1os, el hotel transforma una simple estancia de una noche en una aventura interactiva repleta de sorpresas LEGO\u00ae, entretenimiento tem\u00e1tico y un servicio personalizado que celebra la alegr\u00eda del juego.<\/span><\/p>\t\t\t\t\t\t\t\t<\/div>\n\t\t\t\t\t<\/div>\n\t\t<\/div>\n\t\t\t\t<div class=\"elementor-column elementor-col-50 elementor-top-column elementor-element elementor-element-30f14127\" data-id=\"30f14127\" data-element_type=\"column\" data-e-type=\"column\">\n\t\t\t<div class=\"elementor-widget-wrap elementor-element-populated\">\n\t\t\t\t\t\t<div class=\"elementor-element elementor-element-46bc30f elementor-widget elementor-widget-image\" data-id=\"46bc30f\" data-element_type=\"widget\" data-e-type=\"widget\" data-widget_type=\"image.default\">\n\t\t\t\t\t\t\t\t\t\t\t\t\t\t\t<img fetchpriority=\"high\" decoding=\"async\" width=\"1024\" height=\"682\" src=\"https:\/\/legolandhotelshanghai.com\/wp-content\/uploads\/2026\/04\/LEGOLAND-Hotel-45-1024x682.webp\" class=\"attachment-large size-large wp-image-5645\" alt=\"\" srcset=\"https:\/\/legolandhotelshanghai.com\/wp-content\/uploads\/2026\/04\/LEGOLAND-Hotel-45-1024x682.webp 1024w, https:\/\/legolandhotelshanghai.com\/wp-content\/uploads\/2026\/04\/LEGOLAND-Hotel-45-300x200.webp 300w, https:\/\/legolandhotelshanghai.com\/wp-content\/uploads\/2026\/04\/LEGOLAND-Hotel-45-768x512.webp 768w, https:\/\/legolandhotelshanghai.com\/wp-content\/uploads\/2026\/04\/LEGOLAND-Hotel-45.webp 1280w\" sizes=\"(max-width: 1024px) 100vw, 1024px\" \/>\t\t\t\t\t\t\t\t\t\t\t\t\t\t\t<\/div>\n\t\t\t\t\t<\/div>\n\t\t<\/div>\n\t\t\t\t\t<\/div>\n\t\t<\/section>\n\t\t\t\t<section class=\"elementor-section elementor-top-section elementor-element elementor-element-29fb8578 elementor-section-height-min-height elementor-section-stretched elementor-section-full_width elementor-section-items-stretch elementor-section-height-default elementor-section-column-vertical-align-stretch\" data-id=\"29fb8578\" data-element_type=\"section\" data-e-type=\"section\" data-settings=\"{&quot;stretch_section&quot;:&quot;section-stretched&quot;}\">\n\t\t\t\t\t\t<div class=\"elementor-container elementor-column-gap-no\">\n\t\t\t\t\t<div class=\"elementor-column elementor-col-50 elementor-top-column elementor-element elementor-element-40ac270b\" data-id=\"40ac270b\" data-element_type=\"column\" data-e-type=\"column\">\n\t\t\t<div class=\"elementor-widget-wrap elementor-element-populated\">\n\t\t\t\t\t\t<div class=\"elementor-element elementor-element-20872773 elementor-widget__width-initial elementor-widget-mobile__width-inherit elementor-invisible nuss-elementor-loading nuss-slide-in-right elementor-widget elementor-widget-image\" data-id=\"20872773\" data-element_type=\"widget\" data-e-type=\"widget\" data-settings=\"{&quot;_animation&quot;:&quot;nussSlideInRight&quot;}\" data-widget_type=\"image.default\">\n\t\t\t\t\t\t\t\t\t\t\t\t\t\t\t<img decoding=\"async\" width=\"1179\" height=\"853\" src=\"https:\/\/legolandhotelshanghai.com\/wp-content\/uploads\/2026\/04\/LEGOLAND-Hotel-58.webp\" class=\"attachment-full size-full wp-image-5658\" alt=\"\" srcset=\"https:\/\/legolandhotelshanghai.com\/wp-content\/uploads\/2026\/04\/LEGOLAND-Hotel-58.webp 1179w, https:\/\/legolandhotelshanghai.com\/wp-content\/uploads\/2026\/04\/LEGOLAND-Hotel-58-300x217.webp 300w, https:\/\/legolandhotelshanghai.com\/wp-content\/uploads\/2026\/04\/LEGOLAND-Hotel-58-1024x741.webp 1024w, https:\/\/legolandhotelshanghai.com\/wp-content\/uploads\/2026\/04\/LEGOLAND-Hotel-58-768x556.webp 768w\" sizes=\"(max-width: 1179px) 100vw, 1179px\" \/>\t\t\t\t\t\t\t\t\t\t\t\t\t\t\t<\/div>\n\t\t\t\t\t<\/div>\n\t\t<\/div>\n\t\t\t\t<div class=\"elementor-column elementor-col-50 elementor-top-column elementor-element elementor-element-2dac103\" data-id=\"2dac103\" data-element_type=\"column\" data-e-type=\"column\">\n\t\t\t<div class=\"elementor-widget-wrap elementor-element-populated\">\n\t\t\t\t\t\t<div class=\"elementor-element elementor-element-6f1b8966 elementor-invisible elementor-widget elementor-widget-text-editor\" data-id=\"6f1b8966\" data-element_type=\"widget\" data-e-type=\"widget\" data-settings=\"{&quot;_animation&quot;:&quot;nussFadeInUp&quot;}\" data-widget_type=\"text-editor.default\">\n\t\t\t\t\t\t\t\t\t<p><span class=\"qwen-markdown-text\">Ad\u00e9ntrate en un mundo vibrante donde la imaginaci\u00f3n cobra vida desde el momento de tu llegada. El LEGOLAND\u00ae Hotel Shanghai cuenta con 250 habitaciones y suites familiares de dise\u00f1o exclusivo, cada una cuidadosamente dise\u00f1ada con \u00e1reas de descanso separadas para adultos y ni\u00f1os, garantizando as\u00ed la comodidad de toda la familia. Elige entre cinco emocionantes entornos tem\u00e1ticos de LEGO\u00ae: LEGO\u00ae CITY, LEGO\u00ae CASTLE, LEGO\u00ae NINJAGO\u00ae, LEGO\u00ae Friends o la exclusiva colecci\u00f3n LEGO\u00ae Monkie Kid\u2122. Cada habitaci\u00f3n est\u00e1 decorada con divertidos detalles de LEGO\u00ae, elementos interactivos, literas para los peque\u00f1os constructores, modernas comodidades que incluyen Wi-Fi de alta velocidad gratuito, aire acondicionado, ba\u00f1os privados e impresionantes vistas al parque o al jard\u00edn. Despierta renovado y a solo unos pasos de la emoci\u00f3n de LEGOLAND\u00ae Shanghai Resort, con privilegios exclusivos de entrada anticipada al parque que permiten a los hu\u00e9spedes del hotel disfrutar de las atracciones m\u00e1s populares antes de que lleguen las multitudes.<\/span><\/p>\t\t\t\t\t\t\t\t<\/div>\n\t\t\t\t\t<\/div>\n\t\t<\/div>\n\t\t\t\t\t<\/div>\n\t\t<\/section>\n\t\t\t\t<section class=\"elementor-section elementor-top-section elementor-element elementor-element-ecd78ac elementor-section-height-min-height elementor-section-stretched elementor-section-full_width elementor-section-items-stretch elementor-section-height-default elementor-section-column-vertical-align-stretch\" data-id=\"ecd78ac\" data-element_type=\"section\" data-e-type=\"section\" data-settings=\"{&quot;stretch_section&quot;:&quot;section-stretched&quot;}\">\n\t\t\t\t\t\t<div class=\"elementor-container elementor-column-gap-no\">\n\t\t\t\t\t<div class=\"elementor-column elementor-col-50 elementor-top-column elementor-element elementor-element-7e39197\" data-id=\"7e39197\" data-element_type=\"column\" data-e-type=\"column\">\n\t\t\t<div class=\"elementor-widget-wrap elementor-element-populated\">\n\t\t\t\t\t\t<div class=\"elementor-element elementor-element-a43080a elementor-invisible elementor-widget elementor-widget-text-editor\" data-id=\"a43080a\" data-element_type=\"widget\" data-e-type=\"widget\" data-settings=\"{&quot;_animation&quot;:&quot;nussFadeInUp&quot;}\" data-widget_type=\"text-editor.default\">\n\t\t\t\t\t\t\t\t\t<p><span class=\"qwen-markdown-text\">Las aventuras culinarias te esperan en los tres exclusivos restaurantes del hotel, donde la creatividad se une al sabor en cada bocado. El Bricks Family Restaurant ofrece un extenso buf\u00e9 de desayuno con platos occidentales y chinos, para deleitar a todos los paladares. El Adventure Lounge ofrece servicio de comidas a la carta durante todo el d\u00eda con presentaciones inspiradas en LEGO\u00ae, que hacen que la hora de la comida sea divertida para los ni\u00f1os y lo suficientemente sofisticada para los adultos. Para refrigerios r\u00e1pidos y bebidas refrescantes, Splash Bites ofrece un ambiente informal perfecto para reponer energ\u00edas entre las aventuras del parque. Todas las experiencias gastron\u00f3micas se centran en ingredientes frescos, men\u00fas para ni\u00f1os y el esp\u00edritu l\u00fadico que define la marca LEGOLAND\u00ae.<\/span><\/p>\t\t\t\t\t\t\t\t<\/div>\n\t\t\t\t\t<\/div>\n\t\t<\/div>\n\t\t\t\t<div class=\"elementor-column elementor-col-50 elementor-top-column elementor-element elementor-element-7a21817\" data-id=\"7a21817\" data-element_type=\"column\" data-e-type=\"column\">\n\t\t\t<div class=\"elementor-widget-wrap elementor-element-populated\">\n\t\t\t\t\t\t<div class=\"elementor-element elementor-element-385c1d4 elementor-widget__width-initial elementor-widget-mobile__width-inherit elementor-invisible nuss-elementor-loading nuss-slide-in-right elementor-widget elementor-widget-image\" data-id=\"385c1d4\" data-element_type=\"widget\" data-e-type=\"widget\" data-settings=\"{&quot;_animation&quot;:&quot;nussSlideInRight&quot;}\" data-widget_type=\"image.default\">\n\t\t\t\t\t\t\t\t\t\t\t\t\t\t\t<img decoding=\"async\" width=\"1280\" height=\"853\" src=\"https:\/\/legolandhotelshanghai.com\/wp-content\/uploads\/2026\/04\/LEGOLAND-Hotel-12.webp\" class=\"attachment-full size-full wp-image-5612\" alt=\"\" srcset=\"https:\/\/legolandhotelshanghai.com\/wp-content\/uploads\/2026\/04\/LEGOLAND-Hotel-12.webp 1280w, https:\/\/legolandhotelshanghai.com\/wp-content\/uploads\/2026\/04\/LEGOLAND-Hotel-12-300x200.webp 300w, https:\/\/legolandhotelshanghai.com\/wp-content\/uploads\/2026\/04\/LEGOLAND-Hotel-12-1024x682.webp 1024w, https:\/\/legolandhotelshanghai.com\/wp-content\/uploads\/2026\/04\/LEGOLAND-Hotel-12-768x512.webp 768w\" sizes=\"(max-width: 1280px) 100vw, 1280px\" \/>\t\t\t\t\t\t\t\t\t\t\t\t\t\t\t<\/div>\n\t\t\t\t\t<\/div>\n\t\t<\/div>\n\t\t\t\t\t<\/div>\n\t\t<\/section>\n\t\t\t\t<section class=\"elementor-section elementor-top-section elementor-element elementor-element-0ad8a04 elementor-section-height-min-height elementor-section-stretched elementor-section-full_width elementor-section-items-stretch elementor-section-height-default elementor-section-column-vertical-align-stretch\" data-id=\"0ad8a04\" data-element_type=\"section\" data-e-type=\"section\" data-settings=\"{&quot;stretch_section&quot;:&quot;section-stretched&quot;}\">\n\t\t\t\t\t\t<div class=\"elementor-container elementor-column-gap-no\">\n\t\t\t\t\t<div class=\"elementor-column elementor-col-50 elementor-top-column elementor-element elementor-element-f4fd966\" data-id=\"f4fd966\" data-element_type=\"column\" data-e-type=\"column\">\n\t\t\t<div class=\"elementor-widget-wrap elementor-element-populated\">\n\t\t\t\t\t\t<div class=\"elementor-element elementor-element-cbe9535 elementor-widget__width-initial elementor-widget-mobile__width-inherit elementor-invisible nuss-elementor-loading nuss-slide-in-right elementor-widget elementor-widget-image\" data-id=\"cbe9535\" data-element_type=\"widget\" data-e-type=\"widget\" data-settings=\"{&quot;_animation&quot;:&quot;nussSlideInRight&quot;}\" data-widget_type=\"image.default\">\n\t\t\t\t\t\t\t\t\t\t\t\t\t\t\t<img loading=\"lazy\" decoding=\"async\" width=\"1123\" height=\"808\" src=\"https:\/\/legolandhotelshanghai.com\/wp-content\/uploads\/2026\/04\/LEGOLAND-Hotel-4.webp\" class=\"attachment-full size-full wp-image-5604\" alt=\"\" srcset=\"https:\/\/legolandhotelshanghai.com\/wp-content\/uploads\/2026\/04\/LEGOLAND-Hotel-4.webp 1123w, https:\/\/legolandhotelshanghai.com\/wp-content\/uploads\/2026\/04\/LEGOLAND-Hotel-4-300x216.webp 300w, https:\/\/legolandhotelshanghai.com\/wp-content\/uploads\/2026\/04\/LEGOLAND-Hotel-4-1024x737.webp 1024w, https:\/\/legolandhotelshanghai.com\/wp-content\/uploads\/2026\/04\/LEGOLAND-Hotel-4-768x553.webp 768w\" sizes=\"(max-width: 1123px) 100vw, 1123px\" \/>\t\t\t\t\t\t\t\t\t\t\t\t\t\t\t<\/div>\n\t\t\t\t\t<\/div>\n\t\t<\/div>\n\t\t\t\t<div class=\"elementor-column elementor-col-50 elementor-top-column elementor-element elementor-element-0a70ed4\" data-id=\"0a70ed4\" data-element_type=\"column\" data-e-type=\"column\">\n\t\t\t<div class=\"elementor-widget-wrap elementor-element-populated\">\n\t\t\t\t\t\t<div class=\"elementor-element elementor-element-8075589 elementor-invisible elementor-widget elementor-widget-text-editor\" data-id=\"8075589\" data-element_type=\"widget\" data-e-type=\"widget\" data-settings=\"{&quot;_animation&quot;:&quot;nussFadeInUp&quot;}\" data-widget_type=\"text-editor.default\">\n\t\t\t\t\t\t\t\t\t<p><span class=\"qwen-markdown-text\" data-spm-anchor-id=\"a2ty_o01.29997173.0.i37.16955171QIa6jo\">M\u00e1s all\u00e1 de las habitaciones y los restaurantes, el LEGOLAND\u00ae Hotel Shanghai ofrece servicios excepcionales dise\u00f1ados para que los viajes en familia sean c\u00f3modos y sin estr\u00e9s. Disfrute de aparcamiento privado gratuito con estaciones de carga para veh\u00edculos el\u00e9ctricos, recepci\u00f3n 24 horas con personal multiling\u00fce, servicio de conserjer\u00eda para planificar su experiencia en el resort y consigna de equipaje para mayor comodidad. Los m\u00e1s peque\u00f1os disfrutar\u00e1n del parque infantil exclusivo, los programas de entretenimiento diarios, los talleres de construcci\u00f3n LEGO\u00ae, las b\u00fasquedas del tesoro y los encuentros con personajes que mantienen viva la magia durante toda su estancia. Entre las comodidades adicionales se incluyen una espectacular piscina, una tienda de regalos con productos exclusivos de LEGO\u00ae, servicios de secretar\u00eda para viajeros de negocios e instalaciones accesibles para garantizar la comodidad de todos los hu\u00e9spedes.<\/span><\/p>\t\t\t\t\t\t\t\t<\/div>\n\t\t\t\t\t<\/div>\n\t\t<\/div>\n\t\t\t\t\t<\/div>\n\t\t<\/section>\n\t\t\t\t<section class=\"elementor-section elementor-top-section elementor-element elementor-element-98f28aa elementor-section-height-min-height elementor-section-stretched elementor-section-full_width elementor-section-items-stretch elementor-section-height-default elementor-section-column-vertical-align-stretch\" data-id=\"98f28aa\" data-element_type=\"section\" data-e-type=\"section\" data-settings=\"{&quot;stretch_section&quot;:&quot;section-stretched&quot;}\">\n\t\t\t\t\t\t<div class=\"elementor-container elementor-column-gap-no\">\n\t\t\t\t\t<div class=\"elementor-column elementor-col-50 elementor-top-column elementor-element elementor-element-3775aa0\" data-id=\"3775aa0\" data-element_type=\"column\" data-e-type=\"column\">\n\t\t\t<div class=\"elementor-widget-wrap elementor-element-populated\">\n\t\t\t\t\t\t<div class=\"elementor-element elementor-element-221f52e elementor-invisible elementor-widget elementor-widget-text-editor\" data-id=\"221f52e\" data-element_type=\"widget\" data-e-type=\"widget\" data-settings=\"{&quot;_animation&quot;:&quot;nussFadeInUp&quot;}\" data-widget_type=\"text-editor.default\">\n\t\t\t\t\t\t\t\t\t<p><span class=\"qwen-markdown-text\">Con una ubicaci\u00f3n estrat\u00e9gica en el pintoresco distrito de Jinshan de Shangh\u00e1i, el hotel ofrece f\u00e1cil acceso tanto al LEGOLAND\u00ae Shanghai Resort \u2014a tan solo 250 metros a pie\u2014 como a otras atracciones de la ciudad. La estaci\u00f3n de tren de Jinshanbei se encuentra a solo 1,8 kil\u00f3metros, lo que permite una c\u00f3moda conexi\u00f3n con el Aeropuerto Internacional de Shangh\u00e1i Hongqiao y el centro de la ciudad mediante tren de alta velocidad. Entre los puntos de inter\u00e9s cercanos se incluyen la encantadora Ciudad Antigua de Fengjing, el Parque Ecol\u00f3gico Huakai Haishang y Flower Sea Town, lo que facilita extender la aventura m\u00e1s all\u00e1 del universo LEGO\u00ae. Tanto si planea unas vacaciones dedicadas a LEGOLAND\u00ae como si desea integrar el resort en un itinerario m\u00e1s amplio por Shangh\u00e1i, el LEGOLAND\u00ae Hotel Shanghai es el punto de partida ideal para explorar, relajarse y disfrutar de momentos inolvidables en familia.<\/span><\/p>\t\t\t\t\t\t\t\t<\/div>\n\t\t\t\t\t<\/div>\n\t\t<\/div>\n\t\t\t\t<div class=\"elementor-column elementor-col-50 elementor-top-column elementor-element elementor-element-08a3384\" data-id=\"08a3384\" data-element_type=\"column\" data-e-type=\"column\">\n\t\t\t<div class=\"elementor-widget-wrap elementor-element-populated\">\n\t\t\t\t\t\t<div class=\"elementor-element elementor-element-219d980 elementor-widget__width-initial elementor-widget-mobile__width-inherit elementor-invisible nuss-elementor-loading nuss-slide-in-right elementor-widget elementor-widget-image\" data-id=\"219d980\" data-element_type=\"widget\" data-e-type=\"widget\" data-settings=\"{&quot;_animation&quot;:&quot;nussSlideInRight&quot;}\" data-widget_type=\"image.default\">\n\t\t\t\t\t\t\t\t\t\t\t\t\t\t\t<img loading=\"lazy\" decoding=\"async\" width=\"1200\" height=\"800\" src=\"https:\/\/legolandhotelshanghai.com\/wp-content\/uploads\/2026\/04\/legoland-resort.jpg\" class=\"attachment-full size-full wp-image-5697\" alt=\"\" srcset=\"https:\/\/legolandhotelshanghai.com\/wp-content\/uploads\/2026\/04\/legoland-resort.jpg 1200w, https:\/\/legolandhotelshanghai.com\/wp-content\/uploads\/2026\/04\/legoland-resort-300x200.jpg 300w, https:\/\/legolandhotelshanghai.com\/wp-content\/uploads\/2026\/04\/legoland-resort-1024x683.jpg 1024w, https:\/\/legolandhotelshanghai.com\/wp-content\/uploads\/2026\/04\/legoland-resort-768x512.jpg 768w\" sizes=\"(max-width: 1200px) 100vw, 1200px\" \/>\t\t\t\t\t\t\t\t\t\t\t\t\t\t\t<\/div>\n\t\t\t\t\t<\/div>\n\t\t<\/div>\n\t\t\t\t\t<\/div>\n\t\t<\/section>\n\t\t<div class=\"elementor-element elementor-element-ae7873f e-flex e-con-boxed e-con e-parent\" data-id=\"ae7873f\" data-element_type=\"container\" data-e-type=\"container\">\n\t\t\t\t\t<div class=\"e-con-inner\">\n\t\t\t\t<div class=\"elementor-element elementor-element-208c793 elementor-widget elementor-widget-text-editor\" data-id=\"208c793\" data-element_type=\"widget\" data-e-type=\"widget\" data-widget_type=\"text-editor.default\">\n\t\t\t\t\t\t\t\t\t<p><span class=\"qwen-markdown-text\" data-spm-anchor-id=\"a2ty_o01.29997173.0.i38.16955171QIa6jo\">Experimente la diferencia de una estancia donde cada detalle est\u00e1 dise\u00f1ado pensando en las familias. Desde el colorido e interactivo vest\u00edbulo repleto de impresionantes esculturas LEGO\u00ae hasta los cuidados detalles en cada habitaci\u00f3n, LEGOLAND\u00ae Hotel Shanghai va m\u00e1s all\u00e1 del alojamiento para crear una experiencia de entretenimiento integral. Con excelentes rese\u00f1as de hu\u00e9spedes que elogian el servicio excepcional, la limpieza impecable, la ubicaci\u00f3n privilegiada y la atm\u00f3sfera m\u00e1gica, este hotel se ha ganado su reputaci\u00f3n como uno de los mejores destinos familiares de Shangh\u00e1i. Reserve su estancia hoy mismo y transforme su viaje a Shangh\u00e1i en una aventura legendaria donde la diversi\u00f3n nunca termina y los recuerdos perduran, al igual que los ladrillos que lo inspiran todo.<\/span><\/p>\t\t\t\t\t\t\t\t<\/div>\n\t\t\t\t\t<\/div>\n\t\t\t\t<\/div>\n\t\t\t\t<\/div>","protected":false},"excerpt":{"rendered":"<p>LEGOLAND\u00ae Hotel Shanghai: The Ultimate Family Adventure Destination in Fengjing Town Discover the magic of brick-built wonder at LEGOLAND\u00ae Hotel Shanghai, the premier family-friendly destination nestled at No. 188 Lefen Road, Fengjing Town, Jinshan District, Shanghai, China. As the official themed hotel of the world&#8217;s largest LEGOLAND\u00ae Resort, this extraordinary 5-star property offers an immersive [&hellip;]<\/p>\n","protected":false},"author":1,"featured_media":0,"parent":0,"menu_order":0,"comment_status":"closed","ping_status":"closed","template":"","meta":{"footnotes":""},"class_list":["post-5266","page","type-page","status-publish","hentry","post-no-thumbnail"],"_links":{"self":[{"href":"https:\/\/legolandhotelshanghai.com\/es\/wp-json\/wp\/v2\/pages\/5266","targetHints":{"allow":["GET"]}}],"collection":[{"href":"https:\/\/legolandhotelshanghai.com\/es\/wp-json\/wp\/v2\/pages"}],"about":[{"href":"https:\/\/legolandhotelshanghai.com\/es\/wp-json\/wp\/v2\/types\/page"}],"author":[{"embeddable":true,"href":"https:\/\/legolandhotelshanghai.com\/es\/wp-json\/wp\/v2\/users\/1"}],"replies":[{"embeddable":true,"href":"https:\/\/legolandhotelshanghai.com\/es\/wp-json\/wp\/v2\/comments?post=5266"}],"version-history":[{"count":0,"href":"https:\/\/legolandhotelshanghai.com\/es\/wp-json\/wp\/v2\/pages\/5266\/revisions"}],"wp:attachment":[{"href":"https:\/\/legolandhotelshanghai.com\/es\/wp-json\/wp\/v2\/media?parent=5266"}],"curies":[{"name":"wp","href":"https:\/\/api.w.org\/{rel}","templated":true}]}}