{"id":612,"date":"2021-03-26T10:04:13","date_gmt":"2021-03-26T10:04:13","guid":{"rendered":"http:\/\/localhost\/nuss\/?page_id=612"},"modified":"2026-04-07T04:12:44","modified_gmt":"2026-04-07T04:12:44","slug":"restaurante","status":"publish","type":"page","link":"https:\/\/legolandhotelshanghai.com\/es\/restaurant\/","title":{"rendered":"Restaurante"},"content":{"rendered":"<div data-elementor-type=\"wp-page\" data-elementor-id=\"612\" class=\"elementor elementor-612\">\n\t\t\t\t\t\t<section class=\"elementor-section elementor-top-section elementor-element elementor-element-e2effe8 elementor-section-boxed elementor-section-gap-beside-yes elementor-section-height-default elementor-section-height-default elementor-section-column-vertical-align-stretch\" data-id=\"e2effe8\" data-element_type=\"section\" data-e-type=\"section\">\n\t\t\t\t\t\t<div class=\"elementor-container elementor-column-gap-extended\">\n\t\t\t\t\t<div class=\"elementor-column elementor-col-100 elementor-top-column elementor-element elementor-element-e18f688\" data-id=\"e18f688\" data-element_type=\"column\" data-e-type=\"column\">\n\t\t\t<div class=\"elementor-widget-wrap elementor-element-populated\">\n\t\t\t\t\t\t<div class=\"elementor-element elementor-element-6db146d elementor-widget__width-initial elementor-invisible elementor-widget elementor-widget-text-editor\" data-id=\"6db146d\" data-element_type=\"widget\" data-e-type=\"widget\" data-settings=\"{&quot;_animation&quot;:&quot;nussFadeInUp&quot;}\" data-widget_type=\"text-editor.default\">\n\t\t\t\t\t\t\t\t\tCenar en LEGOLAND\u00ae Hotel Shanghai: donde cada comida es una aventura de sabor construida con ladrillos.\t\t\t\t\t\t\t\t<\/div>\n\t\t\t\t\t<\/div>\n\t\t<\/div>\n\t\t\t\t\t<\/div>\n\t\t<\/section>\n\t\t<div class=\"elementor-element elementor-element-5919518 e-flex e-con-boxed e-con e-parent\" data-id=\"5919518\" data-element_type=\"container\" data-e-type=\"container\">\n\t\t\t\t\t<div class=\"e-con-inner\">\n\t\t\t\t<div class=\"elementor-element elementor-element-5300052 elementor-widget elementor-widget-text-editor\" data-id=\"5300052\" data-element_type=\"widget\" data-e-type=\"widget\" data-widget_type=\"text-editor.default\">\n\t\t\t\t\t\t\t\t\t<div class=\"qwen-markdown-paragraph\"><span class=\"qwen-markdown-text\">Ad\u00e9ntrate en un mundo donde la creatividad culinaria se une a la imaginaci\u00f3n l\u00fadica en los restaurantes de <\/span><strong class=\"qwen-markdown-strong\"><span class=\"qwen-markdown-text\">Hotel LEGOLAND\u00ae Shanghai<\/span><\/strong><span class=\"qwen-markdown-text\">, Ubicado en el n\u00famero 188 de la calle Lefen, en la ciudad de Fengjing, distrito de Jinshan, Shangh\u00e1i, China. M\u00e1s que simples restaurantes, nuestros tres exclusivos espacios gastron\u00f3micos son extensiones inmersivas del universo LEGO\u00ae, dise\u00f1ados para deleitar a visitantes de todas las edades con una ambientaci\u00f3n vibrante, men\u00fas cuidadosamente elaborados y un servicio que convierte cada comida en un cap\u00edtulo memorable de su aventura familiar. Ya sea que est\u00e9 recargando energ\u00edas para un d\u00eda de exploraci\u00f3n del parque, celebrando una ocasi\u00f3n especial o simplemente disfrutando de una velada relajada en familia, nuestras experiencias gastron\u00f3micas combinan la calidad internacional con el sabor local, todo servido con una generosa dosis de alegr\u00eda construida con ladrillos.<\/span><\/div><div class=\"qwen-markdown-space\">\u00a0<\/div><h2 class=\"qwen-markdown-heading\"><span class=\"qwen-markdown-text\">\ud83c\udf7d\ufe0f Restaurante familiar Bricks: El coraz\u00f3n de la gastronom\u00eda familiar.<\/span><\/h2><div class=\"qwen-markdown-paragraph\"><span class=\"qwen-markdown-text\">Comience su d\u00eda con una experiencia de desayuno inolvidable en <\/span><strong class=\"qwen-markdown-strong\"><span class=\"qwen-markdown-text\">Restaurante familiar Bricks<\/span><\/strong><span class=\"qwen-markdown-text\">, El restaurante buffet insignia del hotel, donde la variedad se une a la vitalidad. Las ma\u00f1anas cobran vida con una amplia selecci\u00f3n que incluye cl\u00e1sicos occidentales y aut\u00e9nticos platos chinos: huevos revueltos esponjosos, tocino crujiente y pasteles reci\u00e9n hechos, junto con humeantes estaciones de dim sum, congee y fideos de inspiraci\u00f3n local. Dise\u00f1ado pensando en las familias, el espacio abierto del restaurante, la colorida decoraci\u00f3n con tem\u00e1tica de LEGO\u00ae y las estaciones de comida interactivas mantienen a los m\u00e1s peque\u00f1os entretenidos mientras los padres disfrutan de un comienzo de d\u00eda sin estr\u00e9s. Tronas, utensilios aptos para ni\u00f1os y un personal atento y paciente garantizan que incluso los constructores m\u00e1s peque\u00f1os se sientan bienvenidos. Adem\u00e1s del desayuno, Bricks Family Restaurant se transforma para la cena, ofreciendo noches de buffet tem\u00e1ticas que celebran la gastronom\u00eda mundial con divertidas presentaciones inspiradas en LEGO\u00ae, porque \u00bfpor qu\u00e9 una cena ordinaria cuando puede ser extraordinaria?<\/span><\/div><div class=\"qwen-markdown-space\">\u00a0<\/div><h2 class=\"qwen-markdown-heading\"><span class=\"qwen-markdown-text\">\ud83e\udd57 Sal\u00f3n de Aventura: Comida durante todo el d\u00eda con un toque de imaginaci\u00f3n<\/span><\/h2><div class=\"qwen-markdown-paragraph\"><span class=\"qwen-markdown-text\">Para una experiencia gastron\u00f3mica flexible y a la carta que se adapte a su horario, el <\/span><strong class=\"qwen-markdown-strong\"><span class=\"qwen-markdown-text\">Sal\u00f3n de aventuras<\/span><\/strong><span class=\"qwen-markdown-text\"> Es el lugar ideal para almorzar, cenar y disfrutar de cualquier momento del d\u00eda. Este espacio vers\u00e1til combina una sofisticaci\u00f3n relajada con toques divertidos de LEGO\u00ae, creando un ambiente acogedor para familias, parejas y grupos peque\u00f1os. El men\u00fa ofrece una cuidada selecci\u00f3n de platos internacionales y especialidades inspiradas en Shangh\u00e1i, desde hamburguesas gourmet y pasta fresca hasta verduras de temporada salteadas y tiernos wraps de pato laqueado. A los ni\u00f1os les encanta el men\u00fa especial &quot;Builder&#039;s Menu&quot;, con divertidos nuggets, mini pizzas y snacks saludables con un toque LEGO\u00ae. Mientras tanto, los adultos pueden relajarse con bebidas artesanales, caf\u00e9s especiales o una copa de vino, disfrutando de los c\u00f3modos asientos y el ambiente vibrante del sal\u00f3n. Ya sea que est\u00e9s reponiendo energ\u00edas despu\u00e9s de una ma\u00f1ana en el parque o disfrutando de una cena tranquila, el Adventure Lounge ofrece calidad, creatividad y comodidad en cada bocado.<\/span><\/div><div class=\"qwen-markdown-space\">\u00a0<\/div><h2 class=\"qwen-markdown-heading\"><span class=\"qwen-markdown-text\">\ud83c\udf66 Splash Bites: Delicias r\u00e1pidas y momentos refrescantes<\/span><\/h2><div class=\"qwen-markdown-paragraph\"><span class=\"qwen-markdown-text\">\u00bfNecesitas un tentempi\u00e9 r\u00e1pido o una bebida refrescante entre aventuras? <\/span><strong class=\"qwen-markdown-strong\"><span class=\"qwen-markdown-text\">Bocados de Splash<\/span><\/strong><span class=\"qwen-markdown-text\"> Splash Bites es tu parada perfecta. Este local informal para llevar ofrece una deliciosa variedad de bocadillos, bebidas reci\u00e9n hechas y postres con tem\u00e1tica de LEGO\u00ae que satisfacen tus antojos sin interrumpir tu diversi\u00f3n. Disfruta de helados artesanales, coloridos batidos, galletas reci\u00e9n horneadas y sabrosos s\u00e1ndwiches, todo servido con una sonrisa y pensado para disfrutarlo f\u00e1cilmente sobre la marcha. Splash Bites es especialmente popular durante los meses m\u00e1s c\u00e1lidos, ofreciendo un refrescante refugio con asientos interiores y exteriores donde las familias pueden recargar energ\u00edas mientras comparten historias de los mejores momentos del d\u00eda. Es el lugar ideal para un tentempi\u00e9 a media tarde o un dulce final para un d\u00eda lleno de acci\u00f3n.<\/span><\/div><div class=\"qwen-markdown-space\">\u00a0<\/div><h2 class=\"qwen-markdown-heading\"><span class=\"qwen-markdown-text\">\ud83c\udf31 Filosof\u00eda culinaria: Calidad, inclusi\u00f3n y alegr\u00eda<\/span><\/h2><div class=\"qwen-markdown-paragraph\"><span class=\"qwen-markdown-text\">En LEGOLAND\u00ae Hotel Shanghai, creemos que la buena comida debe ser tan inclusiva como deliciosa. Nuestro equipo culinario prioriza ingredientes frescos y de alta calidad, provenientes de proveedores locales e internacionales de confianza, garantizando que cada plato cumpla con rigurosos est\u00e1ndares de sabor y nutrici\u00f3n. Nos enorgullece atender diversas necesidades diet\u00e9ticas: las opciones vegetarianas, veganas, sin gluten y para personas con alergias est\u00e1n claramente indicadas en todos los men\u00fas, y nuestros chefs estar\u00e1n encantados de personalizar los platos a petici\u00f3n. Simplemente informe a su camarero sobre cualquier restricci\u00f3n o p\u00f3ngase en contacto con el hotel con antelaci\u00f3n para planificar su men\u00fa personalizado. Nos comprometemos a garantizar que cada hu\u00e9sped disfrute de una experiencia gastron\u00f3mica segura, satisfactoria y placentera.<\/span><\/div><div class=\"qwen-markdown-space\">\u00a0<\/div><h2 class=\"qwen-markdown-heading\"><span class=\"qwen-markdown-text\">\u2728 Experiencias gastron\u00f3micas tem\u00e1ticas: donde la comida se encuentra con la fantas\u00eda.<\/span><\/h2><div class=\"qwen-markdown-paragraph\"><span class=\"qwen-markdown-text\">Lo que realmente distingue a nuestros restaurantes es la perfecta integraci\u00f3n de la narrativa LEGO\u00ae en cada momento culinario. Imagina panqueques para el desayuno con forma de ladrillos LEGO\u00ae, hamburguesas con barras de ingredientes personalizables o postres decorados con motivos LEGO\u00ae comestibles. Los eventos de temporada a\u00f1aden un toque m\u00e1gico: buf\u00e9s tem\u00e1ticos navide\u00f1os, encuentros con personajes y talleres de cocina interactivos donde los ni\u00f1os pueden crear sus propios dulces inspirados en LEGO\u00ae. Estos detalles inmersivos transforman las comidas cotidianas en oportunidades para conectar, ser creativos y compartir risas, porque en LEGOLAND\u00ae Hotel Shanghai, comer no se trata solo de alimentarse; se trata de crear recuerdos, bocado a bocado.<\/span><\/div><div class=\"qwen-markdown-space\">\u00a0<\/div><h2 class=\"qwen-markdown-heading\"><span class=\"qwen-markdown-text\">\ud83d\udccd Ubicaci\u00f3n ideal para viajes familiares sin complicaciones<\/span><\/h2><div class=\"qwen-markdown-paragraph\"><span class=\"qwen-markdown-text\">Ubicados dentro del hotel en el n\u00famero 188 de la calle Lefen, en Fengjing Town, distrito de Jinshan, nuestros restaurantes ofrecen una comodidad inigualable para los hu\u00e9spedes del LEGOLAND\u00ae Hotel Shanghai o para quienes visitan el LEGOLAND\u00ae Shanghai Resort. Con un servicio de desayuno temprano que coincide con la apertura del parque, horarios de comida flexibles que se adaptan a su agenda y la opci\u00f3n de cargar las comidas a su habitaci\u00f3n, eliminamos el estr\u00e9s log\u00edstico para que pueda concentrarse en lo m\u00e1s importante: disfrutar del tiempo en familia. Para quienes exploran el distrito de Jinshan, nuestros establecimientos tambi\u00e9n dan la bienvenida a visitantes externos, convirti\u00e9ndose as\u00ed en un destino gastron\u00f3mico \u00fanico para familias que buscan una comida divertida y de alta calidad en los pintorescos suburbios del suroeste de Shangh\u00e1i.<\/span><\/div><div class=\"qwen-markdown-space\">\u00a0<\/div><h2 class=\"qwen-markdown-heading\"><span class=\"qwen-markdown-text\">\ud83c\udf1f Tu mesa te espera: Reserva tu aventura culinaria.<\/span><\/h2><div class=\"qwen-markdown-paragraph\"><span class=\"qwen-markdown-text\">Ya sea que disfrute de un desayuno familiar tranquilo, una cena de celebraci\u00f3n o un tentempi\u00e9 r\u00e1pido entre atracciones, los restaurantes del LEGOLAND\u00ae Hotel Shanghai le prometen mucho m\u00e1s que una simple comida: le prometen una experiencia. Con excelentes calificaciones por la calidad de su comida, la calidez de su servicio y su ambiente familiar, nuestros restaurantes se han convertido en destinos muy apreciados. Le invitamos a sentarse, explorar nuestros men\u00fas y descubrir por qu\u00e9 familias de todo el mundo eligen cenar con nosotros. En LEGOLAND\u00ae Hotel Shanghai, cada plato cuenta una historia, cada sabor despierta alegr\u00eda y cada comida es una invitaci\u00f3n a construir algo maravilloso juntos.<\/span><\/div><div class=\"qwen-markdown-space\">\u00a0<\/div><div class=\"qwen-markdown-paragraph\" data-spm-anchor-id=\"a2ty_o01.29997173.0.i18.16955171QIa6jo\"><em><span class=\"qwen-markdown-text\">\u00bfListo para saborear la magia?<\/span><\/em><span class=\"qwen-markdown-text\"> \u00danete a nosotros en los restaurantes del LEGOLAND\u00ae Hotel Shanghai, donde la imaginaci\u00f3n siempre est\u00e1 presente y cada bocado est\u00e1 hecho con amor. \ud83e\uddf1\ud83c\udf74\u2728<\/span><\/div>\t\t\t\t\t\t\t\t<\/div>\n\t\t\t\t\t<\/div>\n\t\t\t\t<\/div>\n\t\t\t\t<\/div>","protected":false},"excerpt":{"rendered":"<p>Dining at LEGOLAND\u00ae Hotel Shanghai: Where Every Meal is a Brick-Built Adventure in FlavorStep into a world where culinary creativity meets playful imagination at the restaurants of LEGOLAND\u00ae Hotel Shanghai, located at No. 188 Lefen Road, Fengjing Town, Jinshan District, Shanghai, China. More than just places to eat, our three distinctive dining venues are immersive [&hellip;]<\/p>\n","protected":false},"author":1,"featured_media":0,"parent":0,"menu_order":0,"comment_status":"closed","ping_status":"closed","template":"elementor_header_footer","meta":{"footnotes":""},"class_list":["post-612","page","type-page","status-publish","hentry","post-no-thumbnail"],"_links":{"self":[{"href":"https:\/\/legolandhotelshanghai.com\/es\/wp-json\/wp\/v2\/pages\/612","targetHints":{"allow":["GET"]}}],"collection":[{"href":"https:\/\/legolandhotelshanghai.com\/es\/wp-json\/wp\/v2\/pages"}],"about":[{"href":"https:\/\/legolandhotelshanghai.com\/es\/wp-json\/wp\/v2\/types\/page"}],"author":[{"embeddable":true,"href":"https:\/\/legolandhotelshanghai.com\/es\/wp-json\/wp\/v2\/users\/1"}],"replies":[{"embeddable":true,"href":"https:\/\/legolandhotelshanghai.com\/es\/wp-json\/wp\/v2\/comments?post=612"}],"version-history":[{"count":0,"href":"https:\/\/legolandhotelshanghai.com\/es\/wp-json\/wp\/v2\/pages\/612\/revisions"}],"wp:attachment":[{"href":"https:\/\/legolandhotelshanghai.com\/es\/wp-json\/wp\/v2\/media?parent=612"}],"curies":[{"name":"wp","href":"https:\/\/api.w.org\/{rel}","templated":true}]}}