{"id":2104,"date":"2021-03-23T09:33:48","date_gmt":"2021-03-23T09:33:48","guid":{"rendered":"http:\/\/localhost\/nuss\/?page_id=167"},"modified":"2026-04-07T04:14:28","modified_gmt":"2026-04-07T04:14:28","slug":"notre-histoire","status":"publish","type":"page","link":"https:\/\/legolandhotelshanghai.com\/fr\/our-story\/","title":{"rendered":"Notre histoire"},"content":{"rendered":"<div data-elementor-type=\"wp-page\" data-elementor-id=\"2104\" class=\"elementor elementor-2104\">\n\t\t\t\t\t\t<section class=\"elementor-section elementor-top-section elementor-element elementor-element-8f5bb9d elementor-section-boxed elementor-section-gap-beside-yes elementor-section-height-default elementor-section-height-default elementor-section-column-vertical-align-stretch\" data-id=\"8f5bb9d\" data-element_type=\"section\" data-e-type=\"section\">\n\t\t\t\t\t\t<div class=\"elementor-container elementor-column-gap-extended\">\n\t\t\t\t\t<div class=\"elementor-column elementor-col-100 elementor-top-column elementor-element elementor-element-7ec4215\" data-id=\"7ec4215\" data-element_type=\"column\" data-e-type=\"column\">\n\t\t\t<div class=\"elementor-widget-wrap elementor-element-populated\">\n\t\t\t\t\t\t<div class=\"elementor-element elementor-element-edd9d03 elementor-widget__width-initial elementor-invisible elementor-widget elementor-widget-text-editor\" data-id=\"edd9d03\" data-element_type=\"widget\" data-e-type=\"widget\" data-settings=\"{&quot;_animation&quot;:&quot;nussFadeInUp&quot;}\" data-widget_type=\"text-editor.default\">\n\t\t\t\t\t\t\t\t\tNotre histoire\u00a0: LEGOLAND\u00ae Hotel Shanghai \u2013 L\u00e0 o\u00f9 l\u2019imagination prend racine au c\u0153ur de Jinshan\t\t\t\t\t\t\t\t<\/div>\n\t\t\t\t\t<\/div>\n\t\t<\/div>\n\t\t\t\t\t<\/div>\n\t\t<\/section>\n\t\t<div class=\"elementor-element elementor-element-7cccb04 e-flex e-con-boxed e-con e-parent\" data-id=\"7cccb04\" data-element_type=\"container\" data-e-type=\"container\">\n\t\t\t\t\t<div class=\"e-con-inner\">\n\t\t\t\t<div class=\"elementor-element elementor-element-a12cf9b elementor-widget elementor-widget-text-editor\" data-id=\"a12cf9b\" data-element_type=\"widget\" data-e-type=\"widget\" data-widget_type=\"text-editor.default\">\n\t\t\t\t\t\t\t\t\t<h2 class=\"qwen-markdown-heading\"><span class=\"qwen-markdown-text\">Un r\u00eave construit brique par brique<\/span><\/h2><div class=\"qwen-markdown-paragraph\"><span class=\"qwen-markdown-text\">L&#039;histoire de <\/span><strong class=\"qwen-markdown-strong\"><span class=\"qwen-markdown-text\">H\u00f4tel LEGOLAND\u00ae Shanghai<\/span><\/strong><span class=\"qwen-markdown-text\"> Cela ne commence pas par des plans ou des c\u00e9r\u00e9monies d&#039;inauguration, mais par une id\u00e9e simple et puissante\u00a0: <\/span><em><span class=\"qwen-markdown-text\">Et si un h\u00f4tel pouvait \u00eatre plus qu&#039;un simple lieu o\u00f9 dormir ? Et s&#039;il pouvait \u00eatre une destination \u00e0 part enti\u00e8re \u2014 un monde o\u00f9 la cr\u00e9ativit\u00e9 suscite des liens, o\u00f9 le jeu alimente la d\u00e9couverte et o\u00f9 les familles construisent des souvenirs aussi imp\u00e9rissables que les briques qui les inspirent ?<\/span><\/em><\/div><div class=\"qwen-markdown-space\">\u00a0<\/div><div class=\"qwen-markdown-paragraph\"><span class=\"qwen-markdown-text\">Nich\u00e9 au 188, rue Lefen, dans le quartier paisible et culturellement riche de Fengjing, dans le district de Jinshan \u00e0 Shanghai, l&#039;h\u00f4tel LEGOLAND\u00ae Shanghai concr\u00e9tise cette vision. Con\u00e7u comme la porte d&#039;entr\u00e9e officielle et th\u00e9matique de LEGOLAND\u00ae Shanghai Resort \u2013 le plus grand parc LEGOLAND\u00ae au monde \u2013 cet extraordinaire \u00e9tablissement 5 \u00e9toiles a \u00e9t\u00e9 m\u00e9ticuleusement pens\u00e9 pour prolonger la magie de l&#039;univers LEGO\u00ae au-del\u00e0 des portes du parc et l&#039;accompagner \u00e0 chaque instant du s\u00e9jour des familles. De ses premiers croquis \u00e0 son inauguration en grande pompe, l&#039;h\u00f4tel a \u00e9t\u00e9 guid\u00e9 par un objectif unique\u00a0: cr\u00e9er une exp\u00e9rience fluide, immersive et joyeuse o\u00f9 l&#039;imagination est la bienvenue et l&#039;\u00e9merveillement la norme.<\/span><\/div><div class=\"qwen-markdown-space\">\u00a0<\/div><h2 class=\"qwen-markdown-heading\"><span class=\"qwen-markdown-text\">Enracin\u00e9e dans l&#039;h\u00e9ritage, inspir\u00e9e par Shanghai<\/span><\/h2><div class=\"qwen-markdown-paragraph\"><span class=\"qwen-markdown-text\">L\u2019h\u00f4tel LEGOLAND\u00ae Shanghai s\u2019inspire de l\u2019h\u00e9ritage intemporel du groupe LEGO\u00ae, une entreprise familiale danoise qui, depuis des g\u00e9n\u00e9rations, pr\u00f4ne la cr\u00e9ativit\u00e9, la qualit\u00e9 et l\u2019apprentissage par le jeu. Mais cet h\u00f4tel n\u2019est pas une simple r\u00e9plique de ses homologues internationaux\u00a0; c\u2019est un v\u00e9ritable hommage \u00e0 Shanghai et \u00e0 la culture chinoise. Chaque \u00e9l\u00e9ment de design, chaque interaction avec le client et chaque anecdote qui contribue \u00e0 son exp\u00e9rience refl\u00e8tent une fusion subtile entre la magie internationale de LEGO\u00ae et l\u2019authenticit\u00e9 locale.<\/span><\/div><div class=\"qwen-markdown-space\">\u00a0<\/div><div class=\"qwen-markdown-paragraph\"><span class=\"qwen-markdown-text\">Le choix de Fengjing, ville lacustre historique r\u00e9put\u00e9e pour ses peintures paysannes traditionnelles chinoises, ses canaux anciens et son esprit artistique, \u00e9tait d\u00e9lib\u00e9r\u00e9. \u00c0 l&#039;instar des briques LEGO\u00ae qui invitent \u00e0 une infinit\u00e9 de r\u00e9interpr\u00e9tations, Fengjing incarne l&#039;harmonie entre patrimoine et innovation. L&#039;architecture et la d\u00e9coration int\u00e9rieure de l&#039;h\u00f4tel refl\u00e8tent cet \u00e9quilibre : une esth\u00e9tique LEGO\u00ae vibrante et ludique se m\u00eale \u00e0 de subtiles touches de design r\u00e9gional du Jiangnan, cr\u00e9ant un espace \u00e0 la fois r\u00e9solument novateur et chaleureusement familier. Mat\u00e9riaux locaux, collaborations artistiques avec des cr\u00e9ateurs shanghaiens et une offre culinaire c\u00e9l\u00e9brant les saveurs r\u00e9gionales garantissent aux clients une exp\u00e9rience unique, bien au-del\u00e0 d&#039;une marque internationale, et une immersion dans l&#039;histoire authentiquement shanghaienne.<\/span><\/div><div class=\"qwen-markdown-space\">\u00a0<\/div><h2 class=\"qwen-markdown-heading\"><span class=\"qwen-markdown-text\">Con\u00e7u pour la d\u00e9couverte, cr\u00e9\u00e9 pour la connexion<\/span><\/h2><div class=\"qwen-markdown-paragraph\"><span class=\"qwen-markdown-text\">D\u00e8s leur arriv\u00e9e dans le hall majestueux de l&#039;h\u00f4tel, anim\u00e9 par d&#039;imposantes sculptures LEGO\u00ae, des expositions interactives et l&#039;excitation palpable de l&#039;impatience, les familles p\u00e9n\u00e8trent dans un univers con\u00e7u sp\u00e9cialement pour elles. Chaque couloir, chaque chambre et chaque espace commun raconte un chapitre d&#039;aventure. Les cinq th\u00e8mes de chambres immersifs \u2013 LEGO\u00ae CITY, CH\u00c2TEAU, NINJAGO\u00ae, Friends et la collection exclusive LEGO\u00ae Monkie Kid\u2122 \u2013 ont \u00e9t\u00e9 imagin\u00e9s en tenant compte de ce qui captive les jeunes esprits et rassure les parents. Des espaces de repos s\u00e9par\u00e9s, des tr\u00e9sors LEGO\u00ae cach\u00e9s et des d\u00e9tails ludiques transforment une simple nuit de sommeil en un prolongement des explorations de la journ\u00e9e.<\/span><\/div><div class=\"qwen-markdown-space\">\u00a0<\/div><div class=\"qwen-markdown-paragraph\"><span class=\"qwen-markdown-text\">Mais l&#039;histoire de l&#039;h\u00f4tel LEGOLAND\u00ae Shanghai ne se r\u00e9sume pas \u00e0 son architecture. Elle est avant tout celle des personnes qui lui donnent vie. Notre \u00e9quipe, multilingue, passionn\u00e9e et rigoureusement form\u00e9e, partage une conviction commune\u00a0: l&#039;hospitalit\u00e9 est une cr\u00e9ation partag\u00e9e. Nous ne nous contentons pas de servir nos clients\u00a0; nous collaborons avec les familles pour cr\u00e9er des moments de joie personnalis\u00e9s. Qu&#039;il s&#039;agisse d&#039;un concierge organisant une f\u00eate d&#039;anniversaire surprise, d&#039;un chef adaptant un repas aux besoins alimentaires d&#039;un jeune client ou d&#039;un animateur encadrant un atelier de construction LEGO\u00ae, chaque interaction est empreinte de chaleur, d&#039;expertise et d&#039;une r\u00e9elle volont\u00e9 de rendre votre s\u00e9jour inoubliable.<\/span><\/div><div class=\"qwen-markdown-space\">\u00a0<\/div><h2 class=\"qwen-markdown-heading\"><span class=\"qwen-markdown-text\">Un engagement envers le jeu, le sens et la plan\u00e8te<\/span><\/h2><div class=\"qwen-markdown-paragraph\"><span class=\"qwen-markdown-text\">Notre histoire est aussi une histoire de responsabilit\u00e9. L\u2019h\u00f4tel LEGOLAND\u00ae Shanghai adh\u00e8re \u00e0 l\u2019engagement mondial du groupe LEGO\u00ae en faveur du d\u00e9veloppement durable et d\u2019un impact positif. Des syst\u00e8mes de construction \u00e9conomes en \u00e9nergie aux mesures de conservation de l\u2019eau, en passant par les initiatives de r\u00e9duction des d\u00e9chets et l\u2019approvisionnement \u00e9coresponsable, nous nous effor\u00e7ons de minimiser notre empreinte environnementale tout en optimisant le confort de nos clients. Nous privil\u00e9gions les partenariats avec les fournisseurs locaux, soutenons les programmes artistiques communautaires du district de Jinshan et favorisons les \u00e9changes culturels qui enrichissent \u00e0 la fois nos clients et nos voisins.<\/span><\/div><div class=\"qwen-markdown-space\">\u00a0<\/div><div class=\"qwen-markdown-paragraph\"><span class=\"qwen-markdown-text\">De plus, nous croyons que le jeu est un puissant vecteur d&#039;apprentissage et de connexion. C&#039;est pourquoi nos activit\u00e9s vont au-del\u00e0 du simple divertissement\u00a0: les ateliers de construction LEGO\u00ae favorisent la r\u00e9solution de probl\u00e8mes et la cr\u00e9ativit\u00e9\u00a0; les interactions avec les personnages illustrent la bienveillance et le travail d&#039;\u00e9quipe\u00a0; et les activit\u00e9s familiales encouragent la d\u00e9couverte partag\u00e9e. Dans un monde souvent agit\u00e9, nous offrons un havre de paix o\u00f9 prendre le temps de jouer ensemble n&#039;est pas seulement encourag\u00e9, c&#039;est c\u00e9l\u00e9br\u00e9.<\/span><\/div><div class=\"qwen-markdown-space\">\u00a0<\/div><h2 class=\"qwen-markdown-heading\"><span class=\"qwen-markdown-text\">Votre chapitre vous attend<\/span><\/h2><div class=\"qwen-markdown-paragraph\"><span class=\"qwen-markdown-text\">Aujourd&#039;hui, l&#039;h\u00f4tel LEGOLAND\u00ae Shanghai est bien plus qu&#039;un simple lieu d&#039;h\u00e9bergement. C&#039;est une histoire vivante qui s&#039;\u00e9crit avec chaque famille qui franchit ses portes. C&#039;est la preuve que lorsque l&#039;imagination peut s&#039;\u00e9panouir, des choses extraordinaires se produisent. C&#039;est la promesse qu&#039;au c\u0153ur du district de Jinshan \u00e0 Shanghai, existe un havre de paix o\u00f9 les enfants laissent libre cours \u00e0 leurs r\u00eaves, o\u00f9 les parents se d\u00e9tendent pleinement et o\u00f9 chacun repart avec un peu plus d&#039;\u00e9merveillement qu&#039;\u00e0 son arriv\u00e9e.<\/span><\/div><div class=\"qwen-markdown-space\">\u00a0<\/div><div class=\"qwen-markdown-paragraph\"><span class=\"qwen-markdown-text\">Voici notre histoire. Et nous vous invitons \u00e0 \u00e9crire le prochain chapitre avec nous. Que vous c\u00e9l\u00e9briez un \u00e9v\u00e9nement marquant, vous lanciez dans une premi\u00e8re aventure ou recherchiez simplement une escapade joyeuse, l&#039;h\u00f4tel LEGOLAND\u00ae Shanghai est pr\u00eat \u00e0 vous accueillir dans un monde o\u00f9 chaque brique rec\u00e8le des possibilit\u00e9s, chaque instant favorise les liens et chaque s\u00e9jour devient un pr\u00e9cieux souvenir de famille.<\/span><\/div><div class=\"qwen-markdown-space\">\u00a0<\/div><div class=\"qwen-markdown-paragraph\" data-spm-anchor-id=\"a2ty_o01.29997173.0.i21.16955171QIa6jo\"><em><span class=\"qwen-markdown-text\">Venez \u00e9crire votre histoire avec nous. L&#039;aventure commence d\u00e8s votre arriv\u00e9e.<\/span><\/em><span class=\"qwen-markdown-text\"> \ud83e\uddf1\u2728<\/span><\/div>\t\t\t\t\t\t\t\t<\/div>\n\t\t\t\t\t<\/div>\n\t\t\t\t<\/div>\n\t\t\t\t<\/div>","protected":false},"excerpt":{"rendered":"<p>Our Story: LEGOLAND\u00ae Hotel Shanghai \u2013 Where Imagination Takes Root in the Heart of Jinshan A Dream Built Brick by Brick The story of LEGOLAND\u00ae Hotel Shanghai begins not with blueprints or groundbreaking ceremonies, but with a simple, powerful idea: What if a hotel could be more than just a place to sleep? What if [&hellip;]<\/p>\n","protected":false},"author":1,"featured_media":0,"parent":0,"menu_order":0,"comment_status":"closed","ping_status":"closed","template":"elementor_header_footer","meta":{"footnotes":""},"class_list":["post-2104","page","type-page","status-publish","hentry","post-no-thumbnail"],"_links":{"self":[{"href":"https:\/\/legolandhotelshanghai.com\/fr\/wp-json\/wp\/v2\/pages\/2104","targetHints":{"allow":["GET"]}}],"collection":[{"href":"https:\/\/legolandhotelshanghai.com\/fr\/wp-json\/wp\/v2\/pages"}],"about":[{"href":"https:\/\/legolandhotelshanghai.com\/fr\/wp-json\/wp\/v2\/types\/page"}],"author":[{"embeddable":true,"href":"https:\/\/legolandhotelshanghai.com\/fr\/wp-json\/wp\/v2\/users\/1"}],"replies":[{"embeddable":true,"href":"https:\/\/legolandhotelshanghai.com\/fr\/wp-json\/wp\/v2\/comments?post=2104"}],"version-history":[{"count":0,"href":"https:\/\/legolandhotelshanghai.com\/fr\/wp-json\/wp\/v2\/pages\/2104\/revisions"}],"wp:attachment":[{"href":"https:\/\/legolandhotelshanghai.com\/fr\/wp-json\/wp\/v2\/media?parent=2104"}],"curies":[{"name":"wp","href":"https:\/\/api.w.org\/{rel}","templated":true}]}}