{"id":5266,"date":"2021-07-18T08:03:35","date_gmt":"2021-07-18T08:03:35","guid":{"rendered":"https:\/\/nuss.uxper.co\/luxury-resort\/?page_id=5266"},"modified":"2026-04-07T04:33:20","modified_gmt":"2026-04-07T04:33:20","slug":"a-propos-de-nous","status":"publish","type":"page","link":"https:\/\/legolandhotelshanghai.com\/fr\/about-us\/","title":{"rendered":"\u00c0 propos de nous"},"content":{"rendered":"<div data-elementor-type=\"wp-page\" data-elementor-id=\"5266\" class=\"elementor elementor-5266\">\n\t\t\t\t\t\t<section class=\"elementor-section elementor-top-section elementor-element elementor-element-10416953 elementor-section-boxed elementor-section-gap-beside-yes elementor-section-height-default elementor-section-height-default elementor-section-column-vertical-align-stretch\" data-id=\"10416953\" data-element_type=\"section\" data-e-type=\"section\">\n\t\t\t\t\t\t<div class=\"elementor-container elementor-column-gap-extended\">\n\t\t\t\t\t<div class=\"elementor-column elementor-col-100 elementor-top-column elementor-element elementor-element-29c6aa8\" data-id=\"29c6aa8\" data-element_type=\"column\" data-e-type=\"column\">\n\t\t\t<div class=\"elementor-widget-wrap elementor-element-populated\">\n\t\t\t\t\t\t<div class=\"elementor-element elementor-element-7be18fe7 elementor-widget__width-initial elementor-invisible elementor-widget elementor-widget-text-editor\" data-id=\"7be18fe7\" data-element_type=\"widget\" data-e-type=\"widget\" data-settings=\"{&quot;_animation&quot;:&quot;nussFadeInUp&quot;}\" data-widget_type=\"text-editor.default\">\n\t\t\t\t\t\t\t\t\tLEGOLAND\u00ae Hotel Shanghai : La destination id\u00e9ale pour une aventure familiale inoubliable \u00e0 Fengjing\t\t\t\t\t\t\t\t<\/div>\n\t\t\t\t\t<\/div>\n\t\t<\/div>\n\t\t\t\t\t<\/div>\n\t\t<\/section>\n\t\t\t\t<section class=\"elementor-section elementor-top-section elementor-element elementor-element-7d18327f elementor-section-boxed elementor-section-gap-beside-yes elementor-section-height-default elementor-section-height-default elementor-section-column-vertical-align-stretch\" data-id=\"7d18327f\" data-element_type=\"section\" data-e-type=\"section\">\n\t\t\t\t\t\t<div class=\"elementor-container elementor-column-gap-extended\">\n\t\t\t\t\t<div class=\"elementor-column elementor-col-50 elementor-top-column elementor-element elementor-element-56533670\" data-id=\"56533670\" data-element_type=\"column\" data-e-type=\"column\">\n\t\t\t<div class=\"elementor-widget-wrap elementor-element-populated\">\n\t\t\t\t\t\t<div class=\"elementor-element elementor-element-19c3f543 elementor-invisible elementor-widget elementor-widget-text-editor\" data-id=\"19c3f543\" data-element_type=\"widget\" data-e-type=\"widget\" data-settings=\"{&quot;_animation&quot;:&quot;nussFadeInUp&quot;}\" data-widget_type=\"text-editor.default\">\n\t\t\t\t\t\t\t\t\t<p><span class=\"qwen-markdown-text\">D\u00e9couvrez la magie des merveilles construites en briques \u00e0 <\/span><strong class=\"qwen-markdown-strong\"><span class=\"qwen-markdown-text\">H\u00f4tel LEGOLAND\u00ae Shanghai<\/span><\/strong><span class=\"qwen-markdown-text\">, Situ\u00e9 au 188, rue Lefen, dans le quartier de Fengjing, district de Jinshan \u00e0 Shanghai, en Chine, cet h\u00f4tel 5 \u00e9toiles est une destination familiale par excellence. H\u00f4tel \u00e0 th\u00e8me officiel du plus grand parc LEGOLAND\u00ae Resort au monde, il offre une exp\u00e9rience immersive o\u00f9 chaque recoin stimule la cr\u00e9ativit\u00e9, l&#039;imagination et cr\u00e9e des souvenirs inoubliables pour les visiteurs de tous \u00e2ges. Con\u00e7u sp\u00e9cialement pour les familles avec enfants de 2 \u00e0 12 ans, l&#039;h\u00f4tel transforme un simple s\u00e9jour en une aventure interactive riche en surprises LEGO\u00ae, en animations th\u00e9matiques et en un service personnalis\u00e9 qui c\u00e9l\u00e8bre la joie du jeu.<\/span><\/p>\t\t\t\t\t\t\t\t<\/div>\n\t\t\t\t\t<\/div>\n\t\t<\/div>\n\t\t\t\t<div class=\"elementor-column elementor-col-50 elementor-top-column elementor-element elementor-element-30f14127\" data-id=\"30f14127\" data-element_type=\"column\" data-e-type=\"column\">\n\t\t\t<div class=\"elementor-widget-wrap elementor-element-populated\">\n\t\t\t\t\t\t<div class=\"elementor-element elementor-element-46bc30f elementor-widget elementor-widget-image\" data-id=\"46bc30f\" data-element_type=\"widget\" data-e-type=\"widget\" data-widget_type=\"image.default\">\n\t\t\t\t\t\t\t\t\t\t\t\t\t\t\t<img fetchpriority=\"high\" decoding=\"async\" width=\"1024\" height=\"682\" src=\"https:\/\/legolandhotelshanghai.com\/wp-content\/uploads\/2026\/04\/LEGOLAND-Hotel-45-1024x682.webp\" class=\"attachment-large size-large wp-image-5645\" alt=\"\" srcset=\"https:\/\/legolandhotelshanghai.com\/wp-content\/uploads\/2026\/04\/LEGOLAND-Hotel-45-1024x682.webp 1024w, https:\/\/legolandhotelshanghai.com\/wp-content\/uploads\/2026\/04\/LEGOLAND-Hotel-45-300x200.webp 300w, https:\/\/legolandhotelshanghai.com\/wp-content\/uploads\/2026\/04\/LEGOLAND-Hotel-45-768x512.webp 768w, https:\/\/legolandhotelshanghai.com\/wp-content\/uploads\/2026\/04\/LEGOLAND-Hotel-45.webp 1280w\" sizes=\"(max-width: 1024px) 100vw, 1024px\" \/>\t\t\t\t\t\t\t\t\t\t\t\t\t\t\t<\/div>\n\t\t\t\t\t<\/div>\n\t\t<\/div>\n\t\t\t\t\t<\/div>\n\t\t<\/section>\n\t\t\t\t<section class=\"elementor-section elementor-top-section elementor-element elementor-element-29fb8578 elementor-section-height-min-height elementor-section-stretched elementor-section-full_width elementor-section-items-stretch elementor-section-height-default elementor-section-column-vertical-align-stretch\" data-id=\"29fb8578\" data-element_type=\"section\" data-e-type=\"section\" data-settings=\"{&quot;stretch_section&quot;:&quot;section-stretched&quot;}\">\n\t\t\t\t\t\t<div class=\"elementor-container elementor-column-gap-no\">\n\t\t\t\t\t<div class=\"elementor-column elementor-col-50 elementor-top-column elementor-element elementor-element-40ac270b\" data-id=\"40ac270b\" data-element_type=\"column\" data-e-type=\"column\">\n\t\t\t<div class=\"elementor-widget-wrap elementor-element-populated\">\n\t\t\t\t\t\t<div class=\"elementor-element elementor-element-20872773 elementor-widget__width-initial elementor-widget-mobile__width-inherit elementor-invisible nuss-elementor-loading nuss-slide-in-right elementor-widget elementor-widget-image\" data-id=\"20872773\" data-element_type=\"widget\" data-e-type=\"widget\" data-settings=\"{&quot;_animation&quot;:&quot;nussSlideInRight&quot;}\" data-widget_type=\"image.default\">\n\t\t\t\t\t\t\t\t\t\t\t\t\t\t\t<img decoding=\"async\" width=\"1179\" height=\"853\" src=\"https:\/\/legolandhotelshanghai.com\/wp-content\/uploads\/2026\/04\/LEGOLAND-Hotel-58.webp\" class=\"attachment-full size-full wp-image-5658\" alt=\"\" srcset=\"https:\/\/legolandhotelshanghai.com\/wp-content\/uploads\/2026\/04\/LEGOLAND-Hotel-58.webp 1179w, https:\/\/legolandhotelshanghai.com\/wp-content\/uploads\/2026\/04\/LEGOLAND-Hotel-58-300x217.webp 300w, https:\/\/legolandhotelshanghai.com\/wp-content\/uploads\/2026\/04\/LEGOLAND-Hotel-58-1024x741.webp 1024w, https:\/\/legolandhotelshanghai.com\/wp-content\/uploads\/2026\/04\/LEGOLAND-Hotel-58-768x556.webp 768w\" sizes=\"(max-width: 1179px) 100vw, 1179px\" \/>\t\t\t\t\t\t\t\t\t\t\t\t\t\t\t<\/div>\n\t\t\t\t\t<\/div>\n\t\t<\/div>\n\t\t\t\t<div class=\"elementor-column elementor-col-50 elementor-top-column elementor-element elementor-element-2dac103\" data-id=\"2dac103\" data-element_type=\"column\" data-e-type=\"column\">\n\t\t\t<div class=\"elementor-widget-wrap elementor-element-populated\">\n\t\t\t\t\t\t<div class=\"elementor-element elementor-element-6f1b8966 elementor-invisible elementor-widget elementor-widget-text-editor\" data-id=\"6f1b8966\" data-element_type=\"widget\" data-e-type=\"widget\" data-settings=\"{&quot;_animation&quot;:&quot;nussFadeInUp&quot;}\" data-widget_type=\"text-editor.default\">\n\t\t\t\t\t\t\t\t\t<p><span class=\"qwen-markdown-text\">Plongez dans un univers vibrant o\u00f9 l&#039;imagination prend vie d\u00e8s votre arriv\u00e9e. L&#039;h\u00f4tel LEGOLAND\u00ae Shanghai propose 250 chambres et suites familiales au design unique, chacune con\u00e7ue avec des espaces nuit s\u00e9par\u00e9s pour les adultes et les enfants, pour le confort de toute la famille. Choisissez parmi cinq environnements LEGO\u00ae captivants\u00a0: LEGO\u00ae CITY, LEGO\u00ae CASTLE, LEGO\u00ae NINJAGO\u00ae, LEGO\u00ae Friends ou la collection exclusive LEGO\u00ae Monkie Kid\u2122. Chaque chambre est d\u00e9cor\u00e9e de d\u00e9tails LEGO\u00ae ludiques, d&#039;\u00e9l\u00e9ments interactifs, de lits superpos\u00e9s pour les jeunes constructeurs, d&#039;\u00e9quipements modernes tels que le Wi-Fi haut d\u00e9bit gratuit, la climatisation, une salle de bains privative et une vue imprenable sur le parc ou le jardin. R\u00e9veillez-vous en pleine forme et \u00e0 deux pas de l&#039;effervescence de LEGOLAND\u00ae Shanghai Resort, gr\u00e2ce \u00e0 un acc\u00e8s anticip\u00e9 exclusif au parc qui permet aux clients de l&#039;h\u00f4tel de profiter des attractions les plus populaires avant l&#039;arriv\u00e9e des foules.<\/span><\/p>\t\t\t\t\t\t\t\t<\/div>\n\t\t\t\t\t<\/div>\n\t\t<\/div>\n\t\t\t\t\t<\/div>\n\t\t<\/section>\n\t\t\t\t<section class=\"elementor-section elementor-top-section elementor-element elementor-element-ecd78ac elementor-section-height-min-height elementor-section-stretched elementor-section-full_width elementor-section-items-stretch elementor-section-height-default elementor-section-column-vertical-align-stretch\" data-id=\"ecd78ac\" data-element_type=\"section\" data-e-type=\"section\" data-settings=\"{&quot;stretch_section&quot;:&quot;section-stretched&quot;}\">\n\t\t\t\t\t\t<div class=\"elementor-container elementor-column-gap-no\">\n\t\t\t\t\t<div class=\"elementor-column elementor-col-50 elementor-top-column elementor-element elementor-element-7e39197\" data-id=\"7e39197\" data-element_type=\"column\" data-e-type=\"column\">\n\t\t\t<div class=\"elementor-widget-wrap elementor-element-populated\">\n\t\t\t\t\t\t<div class=\"elementor-element elementor-element-a43080a elementor-invisible elementor-widget elementor-widget-text-editor\" data-id=\"a43080a\" data-element_type=\"widget\" data-e-type=\"widget\" data-settings=\"{&quot;_animation&quot;:&quot;nussFadeInUp&quot;}\" data-widget_type=\"text-editor.default\">\n\t\t\t\t\t\t\t\t\t<p><span class=\"qwen-markdown-text\">Des aventures culinaires vous attendent dans les trois restaurants distincts de l&#039;h\u00f4tel, o\u00f9 cr\u00e9ativit\u00e9 et saveurs se rencontrent \u00e0 chaque bouch\u00e9e. Le restaurant familial Bricks propose un copieux buffet de petit-d\u00e9jeuner compos\u00e9 de plats occidentaux et chinois, de quoi ravir tous les palais. L&#039;Adventure Lounge offre un service \u00e0 la carte tout au long de la journ\u00e9e, avec des pr\u00e9sentations inspir\u00e9es de LEGO\u00ae qui rendent les repas amusants pour les enfants et suffisamment raffin\u00e9s pour les adultes. Pour une pause gourmande et des boissons rafra\u00eechissantes, Splash Bites offre un cadre d\u00e9contract\u00e9, id\u00e9al pour se ressourcer entre deux aventures dans le parc. Tous les restaurants mettent l&#039;accent sur des ingr\u00e9dients frais, des menus adapt\u00e9s aux enfants et l&#039;esprit ludique qui caract\u00e9rise la marque LEGOLAND\u00ae.<\/span><\/p>\t\t\t\t\t\t\t\t<\/div>\n\t\t\t\t\t<\/div>\n\t\t<\/div>\n\t\t\t\t<div class=\"elementor-column elementor-col-50 elementor-top-column elementor-element elementor-element-7a21817\" data-id=\"7a21817\" data-element_type=\"column\" data-e-type=\"column\">\n\t\t\t<div class=\"elementor-widget-wrap elementor-element-populated\">\n\t\t\t\t\t\t<div class=\"elementor-element elementor-element-385c1d4 elementor-widget__width-initial elementor-widget-mobile__width-inherit elementor-invisible nuss-elementor-loading nuss-slide-in-right elementor-widget elementor-widget-image\" data-id=\"385c1d4\" data-element_type=\"widget\" data-e-type=\"widget\" data-settings=\"{&quot;_animation&quot;:&quot;nussSlideInRight&quot;}\" data-widget_type=\"image.default\">\n\t\t\t\t\t\t\t\t\t\t\t\t\t\t\t<img decoding=\"async\" width=\"1280\" height=\"853\" src=\"https:\/\/legolandhotelshanghai.com\/wp-content\/uploads\/2026\/04\/LEGOLAND-Hotel-12.webp\" class=\"attachment-full size-full wp-image-5612\" alt=\"\" srcset=\"https:\/\/legolandhotelshanghai.com\/wp-content\/uploads\/2026\/04\/LEGOLAND-Hotel-12.webp 1280w, https:\/\/legolandhotelshanghai.com\/wp-content\/uploads\/2026\/04\/LEGOLAND-Hotel-12-300x200.webp 300w, https:\/\/legolandhotelshanghai.com\/wp-content\/uploads\/2026\/04\/LEGOLAND-Hotel-12-1024x682.webp 1024w, https:\/\/legolandhotelshanghai.com\/wp-content\/uploads\/2026\/04\/LEGOLAND-Hotel-12-768x512.webp 768w\" sizes=\"(max-width: 1280px) 100vw, 1280px\" \/>\t\t\t\t\t\t\t\t\t\t\t\t\t\t\t<\/div>\n\t\t\t\t\t<\/div>\n\t\t<\/div>\n\t\t\t\t\t<\/div>\n\t\t<\/section>\n\t\t\t\t<section class=\"elementor-section elementor-top-section elementor-element elementor-element-0ad8a04 elementor-section-height-min-height elementor-section-stretched elementor-section-full_width elementor-section-items-stretch elementor-section-height-default elementor-section-column-vertical-align-stretch\" data-id=\"0ad8a04\" data-element_type=\"section\" data-e-type=\"section\" data-settings=\"{&quot;stretch_section&quot;:&quot;section-stretched&quot;}\">\n\t\t\t\t\t\t<div class=\"elementor-container elementor-column-gap-no\">\n\t\t\t\t\t<div class=\"elementor-column elementor-col-50 elementor-top-column elementor-element elementor-element-f4fd966\" data-id=\"f4fd966\" data-element_type=\"column\" data-e-type=\"column\">\n\t\t\t<div class=\"elementor-widget-wrap elementor-element-populated\">\n\t\t\t\t\t\t<div class=\"elementor-element elementor-element-cbe9535 elementor-widget__width-initial elementor-widget-mobile__width-inherit elementor-invisible nuss-elementor-loading nuss-slide-in-right elementor-widget elementor-widget-image\" data-id=\"cbe9535\" data-element_type=\"widget\" data-e-type=\"widget\" data-settings=\"{&quot;_animation&quot;:&quot;nussSlideInRight&quot;}\" data-widget_type=\"image.default\">\n\t\t\t\t\t\t\t\t\t\t\t\t\t\t\t<img loading=\"lazy\" decoding=\"async\" width=\"1123\" height=\"808\" src=\"https:\/\/legolandhotelshanghai.com\/wp-content\/uploads\/2026\/04\/LEGOLAND-Hotel-4.webp\" class=\"attachment-full size-full wp-image-5604\" alt=\"\" srcset=\"https:\/\/legolandhotelshanghai.com\/wp-content\/uploads\/2026\/04\/LEGOLAND-Hotel-4.webp 1123w, https:\/\/legolandhotelshanghai.com\/wp-content\/uploads\/2026\/04\/LEGOLAND-Hotel-4-300x216.webp 300w, https:\/\/legolandhotelshanghai.com\/wp-content\/uploads\/2026\/04\/LEGOLAND-Hotel-4-1024x737.webp 1024w, https:\/\/legolandhotelshanghai.com\/wp-content\/uploads\/2026\/04\/LEGOLAND-Hotel-4-768x553.webp 768w\" sizes=\"(max-width: 1123px) 100vw, 1123px\" \/>\t\t\t\t\t\t\t\t\t\t\t\t\t\t\t<\/div>\n\t\t\t\t\t<\/div>\n\t\t<\/div>\n\t\t\t\t<div class=\"elementor-column elementor-col-50 elementor-top-column elementor-element elementor-element-0a70ed4\" data-id=\"0a70ed4\" data-element_type=\"column\" data-e-type=\"column\">\n\t\t\t<div class=\"elementor-widget-wrap elementor-element-populated\">\n\t\t\t\t\t\t<div class=\"elementor-element elementor-element-8075589 elementor-invisible elementor-widget elementor-widget-text-editor\" data-id=\"8075589\" data-element_type=\"widget\" data-e-type=\"widget\" data-settings=\"{&quot;_animation&quot;:&quot;nussFadeInUp&quot;}\" data-widget_type=\"text-editor.default\">\n\t\t\t\t\t\t\t\t\t<p><span class=\"qwen-markdown-text\" data-spm-anchor-id=\"a2ty_o01.29997173.0.i37.16955171QIa6jo\">Au-del\u00e0 des chambres et des restaurants, l&#039;h\u00f4tel LEGOLAND\u00ae Shanghai propose des services exceptionnels con\u00e7us pour faciliter et agr\u00e9menter les voyages en famille. Profitez d&#039;un parking priv\u00e9 gratuit avec bornes de recharge pour v\u00e9hicules \u00e9lectriques, d&#039;une r\u00e9ception ouverte 24h\/24 avec un personnel multilingue, d&#039;un service de conciergerie pour vous aider \u00e0 organiser votre s\u00e9jour et d&#039;une consigne \u00e0 bagages pour plus de confort. Les enfants appr\u00e9cieront l&#039;aire de jeux qui leur est d\u00e9di\u00e9e, les animations quotidiennes, les ateliers de construction LEGO\u00ae, les chasses au tr\u00e9sor et les rencontres avec les personnages qui font de votre s\u00e9jour un moment magique. L&#039;h\u00f4tel comprend \u00e9galement une piscine \u00e9tincelante, une boutique de souvenirs proposant des produits LEGO\u00ae exclusifs, un service de secr\u00e9tariat pour les voyageurs d&#039;affaires et des installations accessibles aux personnes \u00e0 mobilit\u00e9 r\u00e9duite pour le confort de tous.<\/span><\/p>\t\t\t\t\t\t\t\t<\/div>\n\t\t\t\t\t<\/div>\n\t\t<\/div>\n\t\t\t\t\t<\/div>\n\t\t<\/section>\n\t\t\t\t<section class=\"elementor-section elementor-top-section elementor-element elementor-element-98f28aa elementor-section-height-min-height elementor-section-stretched elementor-section-full_width elementor-section-items-stretch elementor-section-height-default elementor-section-column-vertical-align-stretch\" data-id=\"98f28aa\" data-element_type=\"section\" data-e-type=\"section\" data-settings=\"{&quot;stretch_section&quot;:&quot;section-stretched&quot;}\">\n\t\t\t\t\t\t<div class=\"elementor-container elementor-column-gap-no\">\n\t\t\t\t\t<div class=\"elementor-column elementor-col-50 elementor-top-column elementor-element elementor-element-3775aa0\" data-id=\"3775aa0\" data-element_type=\"column\" data-e-type=\"column\">\n\t\t\t<div class=\"elementor-widget-wrap elementor-element-populated\">\n\t\t\t\t\t\t<div class=\"elementor-element elementor-element-221f52e elementor-invisible elementor-widget elementor-widget-text-editor\" data-id=\"221f52e\" data-element_type=\"widget\" data-e-type=\"widget\" data-settings=\"{&quot;_animation&quot;:&quot;nussFadeInUp&quot;}\" data-widget_type=\"text-editor.default\">\n\t\t\t\t\t\t\t\t\t<p><span class=\"qwen-markdown-text\">Id\u00e9alement situ\u00e9 dans le pittoresque district de Jinshan \u00e0 Shanghai, l&#039;h\u00f4tel offre un acc\u00e8s facile au parc LEGOLAND\u00ae Shanghai Resort (\u00e0 seulement 250 m\u00e8tres) et aux autres attractions de la ville. La gare de Jinshanbei, \u00e0 1,8 km, permet de rejoindre rapidement l&#039;a\u00e9roport international de Shanghai Hongqiao et le centre-ville gr\u00e2ce au train \u00e0 grande vitesse. Parmi les sites d&#039;int\u00e9r\u00eat \u00e0 proximit\u00e9, citons la charmante vieille ville de Fengjing, le parc \u00e9cologique de Huakai Haishang et le village fleuri de Flower Sea, vous permettant ainsi de prolonger votre aventure au-del\u00e0 de l&#039;univers LEGO\u00ae. Que vous planifiiez un s\u00e9jour enti\u00e8rement d\u00e9di\u00e9 \u00e0 LEGOLAND\u00ae ou que vous souhaitiez int\u00e9grer le complexe \u00e0 un itin\u00e9raire plus complet \u00e0 Shanghai, l&#039;h\u00f4tel LEGOLAND\u00ae Shanghai est le point de d\u00e9part id\u00e9al pour explorer la ville, se d\u00e9tendre et partager des moments privil\u00e9gi\u00e9s en famille, brique par brique.<\/span><\/p>\t\t\t\t\t\t\t\t<\/div>\n\t\t\t\t\t<\/div>\n\t\t<\/div>\n\t\t\t\t<div class=\"elementor-column elementor-col-50 elementor-top-column elementor-element elementor-element-08a3384\" data-id=\"08a3384\" data-element_type=\"column\" data-e-type=\"column\">\n\t\t\t<div class=\"elementor-widget-wrap elementor-element-populated\">\n\t\t\t\t\t\t<div class=\"elementor-element elementor-element-219d980 elementor-widget__width-initial elementor-widget-mobile__width-inherit elementor-invisible nuss-elementor-loading nuss-slide-in-right elementor-widget elementor-widget-image\" data-id=\"219d980\" data-element_type=\"widget\" data-e-type=\"widget\" data-settings=\"{&quot;_animation&quot;:&quot;nussSlideInRight&quot;}\" data-widget_type=\"image.default\">\n\t\t\t\t\t\t\t\t\t\t\t\t\t\t\t<img loading=\"lazy\" decoding=\"async\" width=\"1200\" height=\"800\" src=\"https:\/\/legolandhotelshanghai.com\/wp-content\/uploads\/2026\/04\/legoland-resort.jpg\" class=\"attachment-full size-full wp-image-5697\" alt=\"\" srcset=\"https:\/\/legolandhotelshanghai.com\/wp-content\/uploads\/2026\/04\/legoland-resort.jpg 1200w, https:\/\/legolandhotelshanghai.com\/wp-content\/uploads\/2026\/04\/legoland-resort-300x200.jpg 300w, https:\/\/legolandhotelshanghai.com\/wp-content\/uploads\/2026\/04\/legoland-resort-1024x683.jpg 1024w, https:\/\/legolandhotelshanghai.com\/wp-content\/uploads\/2026\/04\/legoland-resort-768x512.jpg 768w\" sizes=\"(max-width: 1200px) 100vw, 1200px\" \/>\t\t\t\t\t\t\t\t\t\t\t\t\t\t\t<\/div>\n\t\t\t\t\t<\/div>\n\t\t<\/div>\n\t\t\t\t\t<\/div>\n\t\t<\/section>\n\t\t<div class=\"elementor-element elementor-element-ae7873f e-flex e-con-boxed e-con e-parent\" data-id=\"ae7873f\" data-element_type=\"container\" data-e-type=\"container\">\n\t\t\t\t\t<div class=\"e-con-inner\">\n\t\t\t\t<div class=\"elementor-element elementor-element-208c793 elementor-widget elementor-widget-text-editor\" data-id=\"208c793\" data-element_type=\"widget\" data-e-type=\"widget\" data-widget_type=\"text-editor.default\">\n\t\t\t\t\t\t\t\t\t<p><span class=\"qwen-markdown-text\" data-spm-anchor-id=\"a2ty_o01.29997173.0.i38.16955171QIa6jo\">Vivez une exp\u00e9rience unique dans un h\u00f4tel o\u00f9 chaque d\u00e9tail est pens\u00e9 pour les familles. Du hall color\u00e9 et interactif orn\u00e9 d&#039;impressionnantes sculptures LEGO\u00ae aux petites attentions dans chaque chambre, le LEGOLAND\u00ae Hotel Shanghai va bien au-del\u00e0 de l&#039;h\u00e9bergement pour vous offrir un divertissement complet. Fort de commentaires clients exceptionnels qui saluent un service irr\u00e9prochable, une propret\u00e9 impeccable, un emplacement id\u00e9al et une atmosph\u00e8re magique, cet h\u00f4tel s&#039;est impos\u00e9 comme l&#039;une des meilleures destinations familiales de Shanghai. R\u00e9servez votre s\u00e9jour d\u00e8s aujourd&#039;hui et transformez votre voyage \u00e0 Shanghai en une aventure l\u00e9gendaire o\u00f9 le jeu est sans fin et o\u00f9 se cr\u00e9ent des souvenirs inoubliables, \u00e0 l&#039;image des briques qui l&#039;inspirent.<\/span><\/p>\t\t\t\t\t\t\t\t<\/div>\n\t\t\t\t\t<\/div>\n\t\t\t\t<\/div>\n\t\t\t\t<\/div>","protected":false},"excerpt":{"rendered":"<p>LEGOLAND\u00ae Hotel Shanghai: The Ultimate Family Adventure Destination in Fengjing Town Discover the magic of brick-built wonder at LEGOLAND\u00ae Hotel Shanghai, the premier family-friendly destination nestled at No. 188 Lefen Road, Fengjing Town, Jinshan District, Shanghai, China. As the official themed hotel of the world&#8217;s largest LEGOLAND\u00ae Resort, this extraordinary 5-star property offers an immersive [&hellip;]<\/p>\n","protected":false},"author":1,"featured_media":0,"parent":0,"menu_order":0,"comment_status":"closed","ping_status":"closed","template":"","meta":{"footnotes":""},"class_list":["post-5266","page","type-page","status-publish","hentry","post-no-thumbnail"],"_links":{"self":[{"href":"https:\/\/legolandhotelshanghai.com\/fr\/wp-json\/wp\/v2\/pages\/5266","targetHints":{"allow":["GET"]}}],"collection":[{"href":"https:\/\/legolandhotelshanghai.com\/fr\/wp-json\/wp\/v2\/pages"}],"about":[{"href":"https:\/\/legolandhotelshanghai.com\/fr\/wp-json\/wp\/v2\/types\/page"}],"author":[{"embeddable":true,"href":"https:\/\/legolandhotelshanghai.com\/fr\/wp-json\/wp\/v2\/users\/1"}],"replies":[{"embeddable":true,"href":"https:\/\/legolandhotelshanghai.com\/fr\/wp-json\/wp\/v2\/comments?post=5266"}],"version-history":[{"count":0,"href":"https:\/\/legolandhotelshanghai.com\/fr\/wp-json\/wp\/v2\/pages\/5266\/revisions"}],"wp:attachment":[{"href":"https:\/\/legolandhotelshanghai.com\/fr\/wp-json\/wp\/v2\/media?parent=5266"}],"curies":[{"name":"wp","href":"https:\/\/api.w.org\/{rel}","templated":true}]}}