{"id":612,"date":"2021-03-26T10:04:13","date_gmt":"2021-03-26T10:04:13","guid":{"rendered":"http:\/\/localhost\/nuss\/?page_id=612"},"modified":"2026-04-07T04:12:44","modified_gmt":"2026-04-07T04:12:44","slug":"restaurant","status":"publish","type":"page","link":"https:\/\/legolandhotelshanghai.com\/fr\/restaurant\/","title":{"rendered":"Restaurant"},"content":{"rendered":"<div data-elementor-type=\"wp-page\" data-elementor-id=\"612\" class=\"elementor elementor-612\">\n\t\t\t\t\t\t<section class=\"elementor-section elementor-top-section elementor-element elementor-element-e2effe8 elementor-section-boxed elementor-section-gap-beside-yes elementor-section-height-default elementor-section-height-default elementor-section-column-vertical-align-stretch\" data-id=\"e2effe8\" data-element_type=\"section\" data-e-type=\"section\">\n\t\t\t\t\t\t<div class=\"elementor-container elementor-column-gap-extended\">\n\t\t\t\t\t<div class=\"elementor-column elementor-col-100 elementor-top-column elementor-element elementor-element-e18f688\" data-id=\"e18f688\" data-element_type=\"column\" data-e-type=\"column\">\n\t\t\t<div class=\"elementor-widget-wrap elementor-element-populated\">\n\t\t\t\t\t\t<div class=\"elementor-element elementor-element-6db146d elementor-widget__width-initial elementor-invisible elementor-widget elementor-widget-text-editor\" data-id=\"6db146d\" data-element_type=\"widget\" data-e-type=\"widget\" data-settings=\"{&quot;_animation&quot;:&quot;nussFadeInUp&quot;}\" data-widget_type=\"text-editor.default\">\n\t\t\t\t\t\t\t\t\tSe restaurer \u00e0 l&#039;h\u00f4tel LEGOLAND\u00ae Shanghai : o\u00f9 chaque repas est une aventure gustative construite en briques\t\t\t\t\t\t\t\t<\/div>\n\t\t\t\t\t<\/div>\n\t\t<\/div>\n\t\t\t\t\t<\/div>\n\t\t<\/section>\n\t\t<div class=\"elementor-element elementor-element-5919518 e-flex e-con-boxed e-con e-parent\" data-id=\"5919518\" data-element_type=\"container\" data-e-type=\"container\">\n\t\t\t\t\t<div class=\"e-con-inner\">\n\t\t\t\t<div class=\"elementor-element elementor-element-5300052 elementor-widget elementor-widget-text-editor\" data-id=\"5300052\" data-element_type=\"widget\" data-e-type=\"widget\" data-widget_type=\"text-editor.default\">\n\t\t\t\t\t\t\t\t\t<div class=\"qwen-markdown-paragraph\"><span class=\"qwen-markdown-text\">Entrez dans un monde o\u00f9 la cr\u00e9ativit\u00e9 culinaire rencontre l&#039;imagination ludique dans les restaurants de <\/span><strong class=\"qwen-markdown-strong\"><span class=\"qwen-markdown-text\">H\u00f4tel LEGOLAND\u00ae Shanghai<\/span><\/strong><span class=\"qwen-markdown-text\">, Situ\u00e9s au 188, rue Lefen, dans le quartier de Fengjing, district de Jinshan, \u00e0 Shanghai, en Chine, nos trois restaurants uniques vous plongent au c\u0153ur de l&#039;univers LEGO\u00ae. Con\u00e7us pour \u00e9merveiller petits et grands, ils proposent des th\u00e8mes color\u00e9s, des menus raffin\u00e9s et un service attentionn\u00e9 qui transforme chaque repas en un moment inoubliable de votre aventure familiale. Que vous souhaitiez faire le plein d&#039;\u00e9nergie avant une journ\u00e9e au parc, c\u00e9l\u00e9brer une occasion sp\u00e9ciale ou simplement passer une agr\u00e9able soir\u00e9e ensemble, nos restaurants allient qualit\u00e9 internationale et saveurs locales, le tout dans une ambiance LEGO\u00ae chaleureuse et conviviale.<\/span><\/div><div class=\"qwen-markdown-space\">\u00a0<\/div><h2 class=\"qwen-markdown-heading\"><span class=\"qwen-markdown-text\">\ud83c\udf7d\ufe0f Restaurant familial Bricks\u00a0: Le c\u0153ur des repas en famille<\/span><\/h2><div class=\"qwen-markdown-paragraph\"><span class=\"qwen-markdown-text\">Commencez votre journ\u00e9e par un petit-d\u00e9jeuner inoubliable chez <\/span><strong class=\"qwen-markdown-strong\"><span class=\"qwen-markdown-text\">Restaurant familial Bricks<\/span><\/strong><span class=\"qwen-markdown-text\">, Le Bricks Family Restaurant, restaurant buffet embl\u00e9matique de l&#039;h\u00f4tel, est un lieu o\u00f9 vari\u00e9t\u00e9 et dynamisme se conjuguent. D\u00e8s le matin, un somptueux buffet propose des classiques occidentaux et des sp\u00e9cialit\u00e9s chinoises authentiques : \u0153ufs brouill\u00e9s moelleux, bacon croustillant, viennoiseries fra\u00eeches, dim sum fumants, congee et nouilles d&#039;inspiration locale. Con\u00e7u pour les familles, le restaurant offre un espace ouvert, un d\u00e9cor color\u00e9 sur le th\u00e8me LEGO\u00ae et des stands interactifs qui captivent les enfants pendant que les parents profitent d&#039;un d\u00e9but de journ\u00e9e serein. Chaises hautes, couverts adapt\u00e9s aux enfants et personnel attentionn\u00e9 garantissent le bien-\u00eatre des plus petits constructeurs. Apr\u00e8s le petit-d\u00e9jeuner, le Bricks Family Restaurant se transforme pour le d\u00eener, proposant des soir\u00e9es buffet \u00e0 th\u00e8me c\u00e9l\u00e9brant les cuisines du monde avec des pr\u00e9sentations ludiques inspir\u00e9es des LEGO\u00ae. Car pourquoi un d\u00eener devrait-il \u00eatre ordinaire quand il peut \u00eatre extraordinaire ?<\/span><\/div><div class=\"qwen-markdown-space\">\u00a0<\/div><h2 class=\"qwen-markdown-heading\"><span class=\"qwen-markdown-text\">\ud83e\udd57 Adventure Lounge\u00a0: Restauration toute la journ\u00e9e avec une touche d\u2019imagination<\/span><\/h2><div class=\"qwen-markdown-paragraph\"><span class=\"qwen-markdown-text\">Pour une restauration flexible \u00e0 la carte qui s&#039;adapte \u00e0 votre emploi du temps, le <\/span><strong class=\"qwen-markdown-strong\"><span class=\"qwen-markdown-text\">Salon Aventure<\/span><\/strong><span class=\"qwen-markdown-text\"> L&#039;Adventure Lounge est l&#039;endroit id\u00e9al pour d\u00e9jeuner, d\u00eener et prendre un petit creux. Cet espace polyvalent allie une \u00e9l\u00e9gance d\u00e9contract\u00e9e \u00e0 des touches ludiques LEGO\u00ae, cr\u00e9ant une atmosph\u00e8re chaleureuse pour les familles, les couples et les petits groupes. La carte propose une s\u00e9lection raffin\u00e9e de plats internationaux et de sp\u00e9cialit\u00e9s inspir\u00e9es de Shanghai, allant des burgers gourmands aux p\u00e2tes fra\u00eeches, en passant par les l\u00e9gumes de saison saut\u00e9s et les tendres rouleaux de canard laqu\u00e9. Les enfants adorent le \u201c Menu Constructeur \u201d, sp\u00e9cialement con\u00e7u pour eux, avec ses nuggets aux formes amusantes, ses mini-pizzas et ses en-cas sains pr\u00e9sent\u00e9s avec une touche LEGO\u00ae. Pendant ce temps, les adultes peuvent se d\u00e9tendre autour d&#039;un verre, d&#039;un caf\u00e9 de sp\u00e9cialit\u00e9 ou d&#039;un verre de vin, tout en profitant du confort des si\u00e8ges et de l&#039;ambiance dynamique du lounge. Que vous souhaitiez reprendre des forces apr\u00e8s une matin\u00e9e au parc ou savourer un d\u00eener tranquille, l&#039;Adventure Lounge vous offre qualit\u00e9, cr\u00e9ativit\u00e9 et praticit\u00e9 \u00e0 chaque bouch\u00e9e.<\/span><\/div><div class=\"qwen-markdown-space\">\u00a0<\/div><h2 class=\"qwen-markdown-heading\"><span class=\"qwen-markdown-text\">\ud83c\udf66 Splash Bites : Des douceurs rapides et des moments rafra\u00eechissants<\/span><\/h2><div class=\"qwen-markdown-paragraph\"><span class=\"qwen-markdown-text\">Besoin d&#039;un en-cas rapide ou d&#039;une boisson rafra\u00eechissante entre deux aventures ? <\/span><strong class=\"qwen-markdown-strong\"><span class=\"qwen-markdown-text\">Splash Bites<\/span><\/strong><span class=\"qwen-markdown-text\"> Splash Bites est l&#039;endroit id\u00e9al pour une pause gourmande. Ce lieu d\u00e9contract\u00e9 \u00e0 emporter propose un d\u00e9licieux choix de douceurs \u00e0 d\u00e9guster sur le pouce, de boissons fra\u00eechement pr\u00e9par\u00e9es et de desserts LEGO\u00ae qui combleront vos envies sans interrompre votre plaisir. Savourez des glaces artisanales, des smoothies color\u00e9s, des cookies tout juste sortis du four et des sandwichs savoureux, le tout servi avec le sourire et con\u00e7u pour \u00eatre d\u00e9gust\u00e9 facilement, m\u00eame en d\u00e9placement. Splash Bites est particuli\u00e8rement appr\u00e9ci\u00e9 pendant les beaux jours, offrant une pause rafra\u00eechissante avec des places assises \u00e0 l&#039;int\u00e9rieur et \u00e0 l&#039;ext\u00e9rieur o\u00f9 les familles peuvent se ressourcer tout en partageant les meilleurs moments de la journ\u00e9e. C&#039;est l&#039;endroit id\u00e9al pour un remontant en milieu d&#039;apr\u00e8s-midi ou une douce conclusion \u00e0 une journ\u00e9e bien remplie.<\/span><\/div><div class=\"qwen-markdown-space\">\u00a0<\/div><h2 class=\"qwen-markdown-heading\"><span class=\"qwen-markdown-text\">\ud83c\udf31 Philosophie culinaire\u00a0: Qualit\u00e9, inclusion et joie<\/span><\/h2><div class=\"qwen-markdown-paragraph\"><span class=\"qwen-markdown-text\">\u00c0 l&#039;h\u00f4tel LEGOLAND\u00ae Shanghai, nous sommes convaincus qu&#039;une excellente cuisine doit \u00eatre aussi accessible que savoureuse. Notre \u00e9quipe culinaire privil\u00e9gie des ingr\u00e9dients frais et de haute qualit\u00e9, provenant de fournisseurs locaux et internationaux de confiance, afin de garantir que chaque plat r\u00e9ponde \u00e0 des normes rigoureuses en mati\u00e8re de go\u00fbt et de nutrition. Nous sommes fiers de prendre en compte tous les r\u00e9gimes alimentaires\u00a0: les options v\u00e9g\u00e9tariennes, v\u00e9g\u00e9taliennes, sans gluten et adapt\u00e9es aux allergies sont clairement indiqu\u00e9es sur tous nos menus, et nos chefs se feront un plaisir de personnaliser les plats sur demande. Il vous suffit d&#039;informer votre serveur de vos restrictions alimentaires ou de contacter l&#039;h\u00f4tel \u00e0 l&#039;avance pour une planification personnalis\u00e9e de vos repas. Nous avons \u00e0 c\u0153ur d&#039;offrir \u00e0 chaque client une exp\u00e9rience culinaire s\u00fbre, agr\u00e9able et m\u00e9morable.<\/span><\/div><div class=\"qwen-markdown-space\">\u00a0<\/div><h2 class=\"qwen-markdown-heading\"><span class=\"qwen-markdown-text\">\u2728 Exp\u00e9riences culinaires \u00e0 th\u00e8me : quand la gastronomie rencontre le fantastique<\/span><\/h2><div class=\"qwen-markdown-paragraph\"><span class=\"qwen-markdown-text\">Ce qui distingue v\u00e9ritablement nos restaurants, c&#039;est l&#039;int\u00e9gration harmonieuse de l&#039;univers LEGO\u00ae \u00e0 chaque instant culinaire. Imaginez des pancakes au petit-d\u00e9jeuner en forme de briques LEGO\u00ae, des burgers avec des garnitures \u00e0 composer soi-m\u00eame, ou des desserts d\u00e9cor\u00e9s de motifs LEGO\u00ae comestibles. Les \u00e9v\u00e9nements saisonniers ajoutent une touche de magie suppl\u00e9mentaire\u00a0: buffets th\u00e9matiques pour les f\u00eates, rencontres avec les personnages LEGO\u00ae lors des repas et ateliers de cuisine interactifs o\u00f9 les enfants peuvent cr\u00e9er leurs propres gourmandises inspir\u00e9es de LEGO\u00ae. Ces attentions particuli\u00e8res transforment les repas en moments de partage, de cr\u00e9ativit\u00e9 et de rires partag\u00e9s, car \u00e0 l&#039;h\u00f4tel LEGOLAND\u00ae de Shanghai, d\u00eener n&#039;est pas seulement un repas\u00a0; c&#039;est aussi cr\u00e9er des souvenirs, une d\u00e9licieuse bouch\u00e9e \u00e0 la fois.<\/span><\/div><div class=\"qwen-markdown-space\">\u00a0<\/div><h2 class=\"qwen-markdown-heading\"><span class=\"qwen-markdown-text\">\ud83d\udccd Id\u00e9alement situ\u00e9 pour des voyages en famille sans encombre<\/span><\/h2><div class=\"qwen-markdown-paragraph\"><span class=\"qwen-markdown-text\">Situ\u00e9s au sein de l&#039;h\u00f4tel au 188, rue Lefen, dans la ville de Fengjing, district de Jinshan, nos restaurants offrent un confort in\u00e9gal\u00e9 aux clients s\u00e9journant au LEGOLAND\u00ae Hotel Shanghai ou visitant le LEGOLAND\u00ae Shanghai Resort. Avec un service de petit-d\u00e9jeuner matinal programm\u00e9 \u00e0 l&#039;ouverture du parc, des horaires de restauration flexibles adapt\u00e9s \u00e0 votre emploi du temps et la possibilit\u00e9 de r\u00e9gler vos repas sur votre note de chambre, nous \u00e9liminons tout souci logistique pour que vous puissiez vous concentrer sur l&#039;essentiel\u00a0: profiter pleinement de votre temps ensemble. Pour les visiteurs explorant le district de Jinshan, nos restaurants accueillent \u00e9galement les visiteurs ext\u00e9rieurs, ce qui en fait une destination culinaire unique pour les familles \u00e0 la recherche d&#039;un repas ludique et de qualit\u00e9 dans la pittoresque banlieue sud-ouest de Shanghai.<\/span><\/div><div class=\"qwen-markdown-space\">\u00a0<\/div><h2 class=\"qwen-markdown-heading\"><span class=\"qwen-markdown-text\">\ud83c\udf1f Votre table vous attend : r\u00e9servez votre aventure culinaire<\/span><\/h2><div class=\"qwen-markdown-paragraph\"><span class=\"qwen-markdown-text\">Que vous savouriez un petit-d\u00e9jeuner familial en toute tranquillit\u00e9, un d\u00eener festif ou une petite douceur entre deux attractions, les restaurants du LEGOLAND\u00ae Hotel Shanghai vous promettent bien plus qu&#039;un simple repas : une v\u00e9ritable exp\u00e9rience. R\u00e9put\u00e9s pour la qualit\u00e9 de leurs plats, la chaleur de leur service et leur ambiance familiale, nos restaurants sont devenus des lieux incontournables. Nous vous invitons \u00e0 vous installer confortablement, \u00e0 d\u00e9couvrir nos menus et \u00e0 comprendre pourquoi des familles du monde entier choisissent de d\u00eener chez nous. Au LEGOLAND\u00ae Hotel Shanghai, chaque assiette raconte une histoire, chaque saveur \u00e9veille la joie et chaque repas est une invitation \u00e0 cr\u00e9er ensemble quelque chose de merveilleux.<\/span><\/div><div class=\"qwen-markdown-space\">\u00a0<\/div><div class=\"qwen-markdown-paragraph\" data-spm-anchor-id=\"a2ty_o01.29997173.0.i18.16955171QIa6jo\"><em><span class=\"qwen-markdown-text\">Pr\u00eat \u00e0 go\u00fbter \u00e0 la magie ?<\/span><\/em><span class=\"qwen-markdown-text\"> Rejoignez-nous dans les restaurants de l&#039;h\u00f4tel LEGOLAND\u00ae Shanghai, o\u00f9 l&#039;imagination est toujours au menu et o\u00f9 chaque bouch\u00e9e est pr\u00e9par\u00e9e avec amour. \ud83e\uddf1\ud83c\udf74\u2728<\/span><\/div>\t\t\t\t\t\t\t\t<\/div>\n\t\t\t\t\t<\/div>\n\t\t\t\t<\/div>\n\t\t\t\t<\/div>","protected":false},"excerpt":{"rendered":"<p>Dining at LEGOLAND\u00ae Hotel Shanghai: Where Every Meal is a Brick-Built Adventure in FlavorStep into a world where culinary creativity meets playful imagination at the restaurants of LEGOLAND\u00ae Hotel Shanghai, located at No. 188 Lefen Road, Fengjing Town, Jinshan District, Shanghai, China. More than just places to eat, our three distinctive dining venues are immersive [&hellip;]<\/p>\n","protected":false},"author":1,"featured_media":0,"parent":0,"menu_order":0,"comment_status":"closed","ping_status":"closed","template":"elementor_header_footer","meta":{"footnotes":""},"class_list":["post-612","page","type-page","status-publish","hentry","post-no-thumbnail"],"_links":{"self":[{"href":"https:\/\/legolandhotelshanghai.com\/fr\/wp-json\/wp\/v2\/pages\/612","targetHints":{"allow":["GET"]}}],"collection":[{"href":"https:\/\/legolandhotelshanghai.com\/fr\/wp-json\/wp\/v2\/pages"}],"about":[{"href":"https:\/\/legolandhotelshanghai.com\/fr\/wp-json\/wp\/v2\/types\/page"}],"author":[{"embeddable":true,"href":"https:\/\/legolandhotelshanghai.com\/fr\/wp-json\/wp\/v2\/users\/1"}],"replies":[{"embeddable":true,"href":"https:\/\/legolandhotelshanghai.com\/fr\/wp-json\/wp\/v2\/comments?post=612"}],"version-history":[{"count":0,"href":"https:\/\/legolandhotelshanghai.com\/fr\/wp-json\/wp\/v2\/pages\/612\/revisions"}],"wp:attachment":[{"href":"https:\/\/legolandhotelshanghai.com\/fr\/wp-json\/wp\/v2\/media?parent=612"}],"curies":[{"name":"wp","href":"https:\/\/api.w.org\/{rel}","templated":true}]}}