{"id":647,"date":"2021-03-29T02:13:52","date_gmt":"2021-03-29T02:13:52","guid":{"rendered":"http:\/\/localhost\/nuss\/?page_id=647"},"modified":"2026-04-07T04:11:27","modified_gmt":"2026-04-07T04:11:27","slug":"services","status":"publish","type":"page","link":"https:\/\/legolandhotelshanghai.com\/fr\/services\/","title":{"rendered":"Services"},"content":{"rendered":"<div data-elementor-type=\"wp-page\" data-elementor-id=\"647\" class=\"elementor elementor-647\">\n\t\t\t\t\t\t<section class=\"elementor-section elementor-top-section elementor-element elementor-element-3353bc8 elementor-section-boxed elementor-section-gap-beside-yes elementor-section-height-default elementor-section-height-default elementor-section-column-vertical-align-stretch\" data-id=\"3353bc8\" data-element_type=\"section\" data-e-type=\"section\">\n\t\t\t\t\t\t<div class=\"elementor-container elementor-column-gap-extended\">\n\t\t\t\t\t<div class=\"elementor-column elementor-col-100 elementor-top-column elementor-element elementor-element-0a2bc64\" data-id=\"0a2bc64\" data-element_type=\"column\" data-e-type=\"column\">\n\t\t\t<div class=\"elementor-widget-wrap elementor-element-populated\">\n\t\t\t\t\t\t<div class=\"elementor-element elementor-element-447e3ef elementor-widget__width-initial elementor-invisible elementor-widget elementor-widget-text-editor\" data-id=\"447e3ef\" data-element_type=\"widget\" data-e-type=\"widget\" data-settings=\"{&quot;_animation&quot;:&quot;nussFadeInUp&quot;}\" data-widget_type=\"text-editor.default\">\n\t\t\t\t\t\t\t\t\t<p class=\"qwen-markdown-heading\"><span class=\"qwen-markdown-text\" data-spm-anchor-id=\"a2ty_o01.29997173.0.i17.16955171QIa6jo\">Services \u00e0 l&#039;h\u00f4tel LEGOLAND\u00ae Shanghai\u00a0: o\u00f9 chaque d\u00e9tail est pens\u00e9 pour le bonheur des familles et une hospitalit\u00e9 sans faille.<\/span><\/p>\t\t\t\t\t\t\t\t<\/div>\n\t\t\t\t\t<\/div>\n\t\t<\/div>\n\t\t\t\t\t<\/div>\n\t\t<\/section>\n\t\t<div class=\"elementor-element elementor-element-46f3998 e-flex e-con-boxed e-con e-parent\" data-id=\"46f3998\" data-element_type=\"container\" data-e-type=\"container\">\n\t\t\t\t\t<div class=\"e-con-inner\">\n\t\t\t\t<div class=\"elementor-element elementor-element-2bb0b84 elementor-widget elementor-widget-text-editor\" data-id=\"2bb0b84\" data-element_type=\"widget\" data-e-type=\"widget\" data-widget_type=\"text-editor.default\">\n\t\t\t\t\t\t\t\t\t<div class=\"qwen-markdown-paragraph\"><span class=\"qwen-markdown-text\">Bienvenue sur <\/span><strong class=\"qwen-markdown-strong\"><span class=\"qwen-markdown-text\">H\u00f4tel LEGOLAND\u00ae Shanghai<\/span><\/strong><span class=\"qwen-markdown-text\">, Situ\u00e9 au 188, rue Lefen, dans le quartier de Fengjing, district de Jinshan \u00e0 Shanghai, en Chine, notre \u00e9tablissement est une destination o\u00f9 un service exceptionnel se conjugue \u00e0 une cr\u00e9ativit\u00e9 ludique pour vous offrir une exp\u00e9rience familiale inoubliable. D\u00e8s votre arriv\u00e9e et jusqu&#039;\u00e0 votre d\u00e9part, notre \u00e9quipe d\u00e9vou\u00e9e s&#039;engage \u00e0 vous offrir un accueil attentionn\u00e9 et personnalis\u00e9, anticipant vos besoins, c\u00e9l\u00e9brant vos moments importants et transformant chaque instant de votre s\u00e9jour en une aventure unique. Que vous planifiiez des vacances familiales magiques, une f\u00eate sp\u00e9ciale ou une escapade relaxante, notre gamme compl\u00e8te de services vous garantit confort, commodit\u00e9 et \u00e9merveillement \u00e0 chaque instant.<\/span><\/div><div class=\"qwen-markdown-space\">\u00a0<\/div><h2 class=\"qwen-markdown-heading\"><span class=\"qwen-markdown-text\">\ud83d\udece\ufe0f R\u00e9ception et services aux clients\u00a0: vos partenaires h\u00f4teliers 24\u00a0h\/24 et 7\u00a0j\/7<\/span><\/h2><div class=\"qwen-markdown-paragraph\"><span class=\"qwen-markdown-text\">\u00c0 l&#039;h\u00f4tel LEGOLAND\u00ae Shanghai, le service commence avant m\u00eame votre arriv\u00e9e. Notre \u00e9quipe de concierges multilingue, parlant couramment le mandarin, l&#039;anglais et d&#039;autres langues, vous accompagne avant votre arriv\u00e9e pour personnaliser votre s\u00e9jour, du choix du th\u00e8me de votre chambre aux r\u00e9servations de restaurant et \u00e0 la r\u00e9servation de vos billets pour le parc. D\u00e8s votre arriv\u00e9e, profitez d&#039;un enregistrement simplifi\u00e9 gr\u00e2ce \u00e0 nos options VIP express, \u00e0 la v\u00e9rification \u00e9lectronique de votre pi\u00e8ce d&#039;identit\u00e9 pour plus d&#039;efficacit\u00e9 et \u00e0 un accueil chaleureux qui donnera le ton \u00e0 votre s\u00e9jour. Notre r\u00e9ception ouverte 24h\/24 est toujours pr\u00eate \u00e0 r\u00e9pondre \u00e0 vos demandes, qu&#039;il s&#039;agisse de serviettes suppl\u00e9mentaires, d&#039;articles de toilette, d&#039;organisation de transport ou de recommandations d&#039;attractions locales. Besoin de d\u00e9poser vos bagages avant votre arriv\u00e9e ou apr\u00e8s votre d\u00e9part\u00a0? Notre consigne \u00e0 bagages gratuite vous permet d&#039;explorer le quartier de Jinshan en toute s\u00e9r\u00e9nit\u00e9. Parmi nos autres services, vous trouverez le service de r\u00e9veil, le change de devises, l&#039;assistance en traduction et une \u00e9quipe de bagagistes d\u00e9di\u00e9e pour vous aider avec vos bagages et vous orienter. Car pour nous, chaque d\u00e9tail compte pour cr\u00e9er des souvenirs inoubliables.<\/span><\/div><div class=\"qwen-markdown-space\">\u00a0<\/div><h2 class=\"qwen-markdown-heading\"><span class=\"qwen-markdown-text\">\ud83c\udfe0 Services en chambre et confort en chambre\u00a0: des espaces personnalis\u00e9s pour chaque famille<\/span><\/h2><div class=\"qwen-markdown-paragraph\"><span class=\"qwen-markdown-text\">Chaque chambre familiale du LEGOLAND\u00ae Hotel Shanghai est con\u00e7ue pour allier jeu et praticit\u00e9, et nos services en chambre refl\u00e8tent cet \u00e9quilibre judicieux. Tous les h\u00e9bergements disposent d&#039;espaces de couchage s\u00e9par\u00e9s pour adultes et enfants, avec lits superpos\u00e9s sur mesure, linge de lit haut de gamme, climatisation et fen\u00eatres \u00e0 isolation phonique pour des nuits paisibles. Profitez du confort moderne avec le Wi-Fi haut d\u00e9bit gratuit dans tout l&#039;h\u00f4tel, t\u00e9l\u00e9viseurs \u00e0 \u00e9cran plat, r\u00e9frig\u00e9rateurs, minibars et salles de bains privatives avec articles de toilette de qualit\u00e9. Pour les familles avec de jeunes enfants, nous mettons gratuitement \u00e0 votre disposition, sur demande, des lits b\u00e9b\u00e9, des barri\u00e8res de lit, des kits de s\u00e9curit\u00e9 enfant, des baignoires pour b\u00e9b\u00e9s, des peignoirs et chaussons pour enfants, des brosses \u00e0 dents et des jouets adapt\u00e9s \u00e0 l&#039;\u00e2ge. Il vous suffit de nous en informer lors de votre r\u00e9servation ou \u00e0 votre arriv\u00e9e. Le service en chambre est disponible \u00e0 certaines heures pour plus de confort, vous permettant ainsi de savourer vos repas ou collations dans le havre de paix de votre chambre \u00e0 th\u00e8me. Notre service de m\u00e9nage garantit une propret\u00e9 irr\u00e9prochable dans le respect de l&#039;environnement, et notre \u00e9quipe de maintenance intervient rapidement pour r\u00e9pondre \u00e0 tous vos besoins en chambre et vous assurer un confort optimal.<\/span><\/div><div class=\"qwen-markdown-space\">\u00a0<\/div><h2 class=\"qwen-markdown-heading\"><span class=\"qwen-markdown-text\">\ud83c\udf7d\ufe0f Services de restauration\u00a0: Des aventures culinaires pour tous les \u00e2ges et tous les app\u00e9tits<\/span><\/h2><div class=\"qwen-markdown-paragraph\"><span class=\"qwen-markdown-text\">D\u00eener \u00e0 l&#039;h\u00f4tel LEGOLAND\u00ae Shanghai est une exp\u00e9rience en soi, avec trois restaurants distincts con\u00e7us pour ravir les clients de tous \u00e2ges. <\/span><strong class=\"qwen-markdown-strong\"><span class=\"qwen-markdown-text\">Restaurant familial Bricks<\/span><\/strong><span class=\"qwen-markdown-text\"> Il propose un copieux buffet de petit-d\u00e9jeuner comprenant des classiques occidentaux et d&#039;authentiques sp\u00e9cialit\u00e9s chinoises, avec des stations interactives et des pr\u00e9sentations sur le th\u00e8me LEGO\u00ae qui rendent les repas du matin magiques. <\/span><strong class=\"qwen-markdown-strong\"><span class=\"qwen-markdown-text\">Salon Aventure<\/span><\/strong><span class=\"qwen-markdown-text\"> propose un service \u00e0 la carte tout au long de la journ\u00e9e, avec un menu m\u00ealant plats internationaux et sp\u00e9cialit\u00e9s d&#039;inspiration shanghaienne, dont un \u201c Menu des B\u00e2tisseurs \u201d sp\u00e9cialement con\u00e7u pour les jeunes clients. Pour une pause rafra\u00eechissante, <\/span><strong class=\"qwen-markdown-strong\"><span class=\"qwen-markdown-text\">Splash Bites<\/span><\/strong><span class=\"qwen-markdown-text\"> Nous proposons des en-cas \u00e0 emporter, des glaces artisanales, des smoothies et des boissons, parfaits pour une pause gourmande. Notre \u00e9quipe culinaire se fait un plaisir de r\u00e9pondre \u00e0 tous les r\u00e9gimes alimentaires : v\u00e9g\u00e9tariens, v\u00e9g\u00e9taliens, sans gluten et adapt\u00e9s aux allergies sont clairement indiqu\u00e9s, et nos chefs sont \u00e0 votre disposition pour personnaliser vos plats sur demande. Pour c\u00e9l\u00e9brer anniversaires, anniversaires de mariage ou autres \u00e9v\u00e9nements importants, notre \u00e9quipe \u00e9v\u00e9nementielle peut organiser des exp\u00e9riences culinaires uniques, comme des petits-d\u00e9jeuners avec des personnages Disney, des d\u00eeners \u00e0 th\u00e8me et des f\u00eates priv\u00e9es.<\/span><\/div><div class=\"qwen-markdown-space\">\u00a0<\/div><h2 class=\"qwen-markdown-heading\"><span class=\"qwen-markdown-text\">\ud83c\udfa1 Services de divertissement et d&#039;activit\u00e9s familiales\u00a0: Des jeux qui se prolongent au-del\u00e0 du parc<\/span><\/h2><div class=\"qwen-markdown-paragraph\"><span class=\"qwen-markdown-text\">La magie de LEGOLAND\u00ae ne s&#039;arr\u00eate pas aux portes du parc. L&#039;h\u00f4tel LEGOLAND\u00ae Shanghai propose un programme d&#039;activit\u00e9s quotidiennes gratuites, soigneusement s\u00e9lectionn\u00e9es pour \u00e9veiller les jeunes constructeurs et cr\u00e9er des moments de partage en famille. Participez \u00e0 des ateliers de construction LEGO\u00ae interactifs anim\u00e9s par des animateurs certifi\u00e9s, partez \u00e0 la chasse au tr\u00e9sor th\u00e9matique diss\u00e9min\u00e9e dans tout l&#039;h\u00f4tel ou rencontrez vos personnages LEGO\u00ae pr\u00e9f\u00e9r\u00e9s lors de leurs apparitions programm\u00e9es. Le hall d&#039;entr\u00e9e, \u00e0 l&#039;ambiance chaleureuse, abrite une aire de jeux int\u00e9rieure avec des structures d&#039;escalade souples et des espaces de jeux cr\u00e9atifs, offrant un environnement s\u00fbr et encadr\u00e9 o\u00f9 les enfants peuvent s&#039;amuser pendant que leurs parents se d\u00e9tendent \u00e0 proximit\u00e9. Des animations saisonni\u00e8res ajoutent une touche de magie suppl\u00e9mentaire\u00a0: ateliers cr\u00e9atifs sur le th\u00e8me des f\u00eates, pool parties estivales et soir\u00e9es exclusives transforment chaque jour en souvenirs inoubliables. Pour les clients en qu\u00eate de d\u00e9tente, la piscine de l&#039;h\u00f4tel offre un havre de paix, tandis que le LEGOLAND\u00ae Shanghai Resort, situ\u00e9 \u00e0 seulement 250\u00a0m\u00e8tres, promet des sensations fortes et un acc\u00e8s anticip\u00e9 exclusif au parc pour les clients de l&#039;h\u00f4tel.<\/span><\/div><div class=\"qwen-markdown-space\">\u00a0<\/div><h2 class=\"qwen-markdown-heading\"><span class=\"qwen-markdown-text\">\ud83d\ude97 Services de transport, de stationnement et d&#039;accessibilit\u00e9\u00a0: Arriv\u00e9es et d\u00e9parts facilit\u00e9s<\/span><\/h2><div class=\"qwen-markdown-paragraph\"><span class=\"qwen-markdown-text\">Se rendre \u00e0 l&#039;h\u00f4tel LEGOLAND\u00ae Shanghai et s&#039;y d\u00e9placer est con\u00e7u pour votre confort et votre bien-\u00eatre. Un parking priv\u00e9 gratuit est mis \u00e0 la disposition des clients, avec des emplacements d\u00e9di\u00e9s aux v\u00e9hicules \u00e9lectriques \u00e9quip\u00e9s de bornes de recharge\u00a0; il vous suffit de r\u00e9server votre place lors de votre r\u00e9servation. Bien que l&#039;h\u00f4tel ne propose pas de navette a\u00e9roport directe, notre \u00e9quipe de conciergerie peut organiser des transferts priv\u00e9s depuis l&#039;a\u00e9roport international de Shanghai Hongqiao (\u00e0 environ 55\u00a0km) ou coordonner des services de taxi et de VTC pour votre plus grand confort. Pour les voyageurs arrivant en train, la gare de Jinshanbei se trouve \u00e0 seulement 1,8\u00a0km et offre des liaisons \u00e0 grande vitesse vers le centre-ville de Shanghai et au-del\u00e0. L&#039;h\u00f4tel est enti\u00e8rement accessible, avec des entr\u00e9es principales sans escalier, des ascenseurs desservant tous les \u00e9tages et des chambres sp\u00e9cialement con\u00e7ues pour les personnes \u00e0 mobilit\u00e9 r\u00e9duite, avec des portes plus larges, des douches \u00e0 l&#039;italienne, des barres d&#039;appui et des syst\u00e8mes d&#039;alerte visuelle et sonore. Notre personnel b\u00e9n\u00e9ficie d&#039;une formation continue pour accompagner les clients ayant des besoins sp\u00e9cifiques en mati\u00e8re de mobilit\u00e9, de sensibilit\u00e9 ou d&#039;accessibilit\u00e9, afin que chacun puisse profiter pleinement de l&#039;exp\u00e9rience LEGOLAND\u00ae dans la dignit\u00e9 et la joie.<\/span><\/div><div class=\"qwen-markdown-space\">\u00a0<\/div><h2 class=\"qwen-markdown-heading\"><span class=\"qwen-markdown-text\">\ud83d\udcbc Services aux entreprises et \u00e9v\u00e9nements sp\u00e9ciaux\u00a0: Un soutien professionnel dans un cadre ludique<\/span><\/h2><div class=\"qwen-markdown-paragraph\"><span class=\"qwen-markdown-text\">R\u00e9put\u00e9 pour son accueil chaleureux et familial, l&#039;h\u00f4tel LEGOLAND\u00ae Shanghai propose \u00e9galement des services adapt\u00e9s aux voyageurs d&#039;affaires et aux petits groupes. Un service de secr\u00e9tariat (impression, photocopie, num\u00e9risation et fax) est disponible \u00e0 la r\u00e9ception. Les espaces communs modulables de l&#039;h\u00f4tel peuvent accueillir des r\u00e9unions ou des c\u00e9l\u00e9brations en petit comit\u00e9, avec des coordinateurs \u00e9v\u00e9nementiels d\u00e9di\u00e9s pour vous accompagner dans l&#039;organisation, le service traiteur et la mise en place technique. Le Wi-Fi haut d\u00e9bit, disponible dans tout l&#039;\u00e9tablissement, facilite le t\u00e9l\u00e9travail et les visioconf\u00e9rences, tandis que des espaces calmes et des zones de travail bien \u00e9clair\u00e9es offrent un environnement propice \u00e0 la productivit\u00e9. Pour les entreprises en qu\u00eate d&#039;activit\u00e9s de team building originales, nous organisons des ateliers LEGO\u00ae Serious Play\u00ae qui stimulent la cr\u00e9ativit\u00e9, la communication et la collaboration gr\u00e2ce \u00e0 des exercices pratiques avec des briques LEGO\u00ae \u2013 une approche unique du d\u00e9veloppement professionnel qui inspire et renforce les liens entre les participants.<\/span><\/div><div class=\"qwen-markdown-space\">\u00a0<\/div><h2 class=\"qwen-markdown-heading\"><span class=\"qwen-markdown-text\">\ud83c\udf31 D\u00e9veloppement durable et services communautaires\u00a0: Un accueil responsable et chaleureux<\/span><\/h2><div class=\"qwen-markdown-paragraph\"><span class=\"qwen-markdown-text\">L&#039;h\u00f4tel LEGOLAND\u00ae Shanghai s&#039;engage pour la protection de l&#039;environnement et l&#039;implication communautaire. Ses pratiques \u00e9coresponsables incluent des syst\u00e8mes d&#039;\u00e9clairage et de climatisation \u00e0 faible consommation d&#039;\u00e9nergie, des mesures de conservation de l&#039;eau, des programmes de r\u00e9duction des d\u00e9chets et des partenariats avec des fournisseurs locaux afin de soutenir l&#039;\u00e9conomie du district de Jinshan. Conform\u00e9ment aux directives municipales de Shanghai, l&#039;h\u00f4tel minimise l&#039;utilisation de plastique \u00e0 usage unique et propose des produits d&#039;accueil rechargeables lorsque cela est possible. Nous c\u00e9l\u00e9brons \u00e9galement la culture locale en collaborant avec des artistes de la ville de Fengjing, en exposant l&#039;artisanat r\u00e9gional et des peintures paysannes dans les espaces publics et en proposant des suggestions d&#039;activit\u00e9s culturelles pour permettre \u00e0 nos clients de d\u00e9couvrir le riche patrimoine du sud-ouest de Shanghai. Notre \u00e9quipe participe activement \u00e0 des initiatives communautaires et nos clients sont invit\u00e9s \u00e0 s&#039;y joindre par le biais d&#039;activit\u00e9s de b\u00e9n\u00e9volat ou de programmes d&#039;\u00e9changes culturels qui favorisent des liens enrichissants entre visiteurs et habitants.<\/span><\/div><div class=\"qwen-markdown-space\">\u00a0<\/div><h2 class=\"qwen-markdown-heading\"><span class=\"qwen-markdown-text\">\ud83d\udd12 Services de s\u00e9curit\u00e9 et de sant\u00e9 : la tranquillit\u00e9 d&#039;esprit pour chaque client<\/span><\/h2><div class=\"qwen-markdown-paragraph\"><span class=\"qwen-markdown-text\">Votre bien-\u00eatre est notre priorit\u00e9. L\u2019h\u00f4tel LEGOLAND\u00ae Shanghai applique des protocoles de s\u00e9curit\u00e9 rigoureux, incluant une s\u00e9curit\u00e9 assur\u00e9e 24h\/24, un syst\u00e8me d\u2019acc\u00e8s par carte magn\u00e9tique pour les \u00e9tages r\u00e9serv\u00e9s aux clients, un syst\u00e8me de vid\u00e9osurveillance dans les espaces communs, des d\u00e9tecteurs de fum\u00e9e, des alarmes incendie, des extincteurs et des trousses de premiers secours facilement accessibles. L\u2019ensemble du personnel est form\u00e9 aux proc\u00e9dures d\u2019urgence et \u00e0 l\u2019assistance aux clients. Face \u00e0 l\u2019\u00e9volution de la situation sanitaire, l\u2019h\u00f4tel a mis en place des protocoles de nettoyage renforc\u00e9s, utilisant des d\u00e9sinfectants de qualit\u00e9 hospitali\u00e8re dans les zones fr\u00e9quemment touch\u00e9es, mettant \u00e0 disposition des distributeurs de gel hydroalcoolique dans les espaces communs et proposant des services sans contact. Notre \u00e9quipe culinaire respecte des normes strictes d\u2019hygi\u00e8ne alimentaire et les restrictions alimentaires sont trait\u00e9es avec soin et confidentialit\u00e9. En cas de besoin m\u00e9dical pendant votre s\u00e9jour, notre r\u00e9ception peut vous aider \u00e0 trouver un \u00e9tablissement de sant\u00e9 \u00e0 proximit\u00e9 ou \u00e0 coordonner les services d\u2019urgence.<\/span><\/div><div class=\"qwen-markdown-space\">\u00a0<\/div><h2 class=\"qwen-markdown-heading\"><span class=\"qwen-markdown-text\">\u2728 La diff\u00e9rence LEGOLAND\u00ae : Un service qui cr\u00e9e de la joie, une brique \u00e0 la fois<\/span><\/h2><div class=\"qwen-markdown-paragraph\"><span class=\"qwen-markdown-text\">Ce qui distingue v\u00e9ritablement les services du LEGOLAND\u00ae Hotel Shanghai, c&#039;est l&#039;alliance harmonieuse de l&#039;excellence op\u00e9rationnelle et d&#039;un esprit ludique. Chaque membre de l&#039;\u00e9quipe, du service d&#039;entretien m\u00e9nager \u00e0 la cuisine, de la conciergerie aux animations, partage une mission commune\u00a0: cr\u00e9er des moments d&#039;\u00e9merveillement qui restent grav\u00e9s dans les m\u00e9moires bien apr\u00e8s le d\u00e9part. Nous sommes \u00e0 votre \u00e9coute, nous nous adaptons et nous mettons tout en \u0153uvre pour que le s\u00e9jour de votre famille se d\u00e9roule exactement comme vous l&#039;avez imagin\u00e9. Qu&#039;il s&#039;agisse de surprendre un enfant avec un cadeau de bienvenue LEGO\u00ae personnalis\u00e9, d&#039;aider les parents \u00e0 organiser une journ\u00e9e sereine au parc ou simplement d&#039;offrir un sourire chaleureux apr\u00e8s une longue aventure, notre philosophie de service repose sur une attention sinc\u00e8re et une recherche constante de solutions cr\u00e9atives.<\/span><\/div><div class=\"qwen-markdown-space\">\u00a0<\/div><div class=\"qwen-markdown-paragraph\"><span class=\"qwen-markdown-text\">\u00c0 l&#039;h\u00f4tel LEGOLAND\u00ae Shanghai, nos services ne sont pas de simples commodit\u00e9s\u00a0: ce sont des invitations \u00e0 partager, d\u00e9couvrir et c\u00e9l\u00e9brer ensemble. Nous vous invitons \u00e0 vivre une exp\u00e9rience d&#039;hospitalit\u00e9 r\u00e9invent\u00e9e\u00a0: o\u00f9 professionnalisme et cr\u00e9ativit\u00e9 se conjuguent, o\u00f9 chaque demande est accueillie avec enthousiasme et o\u00f9 le bonheur de votre famille est notre plus grande satisfaction. Votre aventure en briques LEGO commence d\u00e8s votre arriv\u00e9e, et nous sommes honor\u00e9s d&#039;en faire partie.<\/span><\/div><div class=\"qwen-markdown-space\">\u00a0<\/div><div class=\"qwen-markdown-paragraph\"><em><span class=\"qwen-markdown-text\">Pr\u00eat \u00e0 vivre une exp\u00e9rience de service qui vous apporte de la joie ?<\/span><\/em><span class=\"qwen-markdown-text\"> Contactez d\u00e8s aujourd&#039;hui notre \u00e9quipe du service client\u00e8le pour planifier votre s\u00e9jour au LEGOLAND\u00ae Hotel Shanghai, o\u00f9 chaque d\u00e9tail est con\u00e7u avec amour, chaque interaction est empreinte de chaleur et chaque souvenir est fait pour durer. \ud83e\uddf1\u2728<\/span><\/div>\t\t\t\t\t\t\t\t<\/div>\n\t\t\t\t\t<\/div>\n\t\t\t\t<\/div>\n\t\t\t\t<\/div>","protected":false},"excerpt":{"rendered":"<p>Services at LEGOLAND\u00ae Hotel Shanghai: Where Every Detail is Designed for Family Joy and Seamless Hospitality Welcome to LEGOLAND\u00ae Hotel Shanghai, located at No. 188 Lefen Road, Fengjing Town, Jinshan District, Shanghai, China\u2014a destination where exceptional service meets playful innovation to create an unforgettable family experience. From the moment you arrive until your final farewell, [&hellip;]<\/p>\n","protected":false},"author":1,"featured_media":0,"parent":0,"menu_order":0,"comment_status":"closed","ping_status":"closed","template":"","meta":{"footnotes":""},"class_list":["post-647","page","type-page","status-publish","hentry","post-no-thumbnail"],"_links":{"self":[{"href":"https:\/\/legolandhotelshanghai.com\/fr\/wp-json\/wp\/v2\/pages\/647","targetHints":{"allow":["GET"]}}],"collection":[{"href":"https:\/\/legolandhotelshanghai.com\/fr\/wp-json\/wp\/v2\/pages"}],"about":[{"href":"https:\/\/legolandhotelshanghai.com\/fr\/wp-json\/wp\/v2\/types\/page"}],"author":[{"embeddable":true,"href":"https:\/\/legolandhotelshanghai.com\/fr\/wp-json\/wp\/v2\/users\/1"}],"replies":[{"embeddable":true,"href":"https:\/\/legolandhotelshanghai.com\/fr\/wp-json\/wp\/v2\/comments?post=647"}],"version-history":[{"count":0,"href":"https:\/\/legolandhotelshanghai.com\/fr\/wp-json\/wp\/v2\/pages\/647\/revisions"}],"wp:attachment":[{"href":"https:\/\/legolandhotelshanghai.com\/fr\/wp-json\/wp\/v2\/media?parent=647"}],"curies":[{"name":"wp","href":"https:\/\/api.w.org\/{rel}","templated":true}]}}