{"id":2104,"date":"2021-03-23T09:33:48","date_gmt":"2021-03-23T09:33:48","guid":{"rendered":"http:\/\/localhost\/nuss\/?page_id=167"},"modified":"2026-04-07T04:14:28","modified_gmt":"2026-04-07T04:14:28","slug":"la-nostra-storia","status":"publish","type":"page","link":"https:\/\/legolandhotelshanghai.com\/it\/our-story\/","title":{"rendered":"La nostra storia"},"content":{"rendered":"<div data-elementor-type=\"wp-page\" data-elementor-id=\"2104\" class=\"elementor elementor-2104\">\n\t\t\t\t\t\t<section class=\"elementor-section elementor-top-section elementor-element elementor-element-8f5bb9d elementor-section-boxed elementor-section-gap-beside-yes elementor-section-height-default elementor-section-height-default elementor-section-column-vertical-align-stretch\" data-id=\"8f5bb9d\" data-element_type=\"section\" data-e-type=\"section\">\n\t\t\t\t\t\t<div class=\"elementor-container elementor-column-gap-extended\">\n\t\t\t\t\t<div class=\"elementor-column elementor-col-100 elementor-top-column elementor-element elementor-element-7ec4215\" data-id=\"7ec4215\" data-element_type=\"column\" data-e-type=\"column\">\n\t\t\t<div class=\"elementor-widget-wrap elementor-element-populated\">\n\t\t\t\t\t\t<div class=\"elementor-element elementor-element-edd9d03 elementor-widget__width-initial elementor-invisible elementor-widget elementor-widget-text-editor\" data-id=\"edd9d03\" data-element_type=\"widget\" data-e-type=\"widget\" data-settings=\"{&quot;_animation&quot;:&quot;nussFadeInUp&quot;}\" data-widget_type=\"text-editor.default\">\n\t\t\t\t\t\t\t\t\tLa nostra storia: LEGOLAND\u00ae Hotel Shanghai \u2013 Dove l&#039;immaginazione prende forma nel cuore di Jinshan\t\t\t\t\t\t\t\t<\/div>\n\t\t\t\t\t<\/div>\n\t\t<\/div>\n\t\t\t\t\t<\/div>\n\t\t<\/section>\n\t\t<div class=\"elementor-element elementor-element-7cccb04 e-flex e-con-boxed e-con e-parent\" data-id=\"7cccb04\" data-element_type=\"container\" data-e-type=\"container\">\n\t\t\t\t\t<div class=\"e-con-inner\">\n\t\t\t\t<div class=\"elementor-element elementor-element-a12cf9b elementor-widget elementor-widget-text-editor\" data-id=\"a12cf9b\" data-element_type=\"widget\" data-e-type=\"widget\" data-widget_type=\"text-editor.default\">\n\t\t\t\t\t\t\t\t\t<h2 class=\"qwen-markdown-heading\"><span class=\"qwen-markdown-text\">Un sogno costruito mattone dopo mattone<\/span><\/h2><div class=\"qwen-markdown-paragraph\"><span class=\"qwen-markdown-text\">La storia di <\/span><strong class=\"qwen-markdown-strong\"><span class=\"qwen-markdown-text\">LEGOLAND\u00ae Hotel Shanghai<\/span><\/strong><span class=\"qwen-markdown-text\"> Non inizia con progetti o cerimonie di inaugurazione, ma con un&#039;idea semplice e potente: <\/span><em><span class=\"qwen-markdown-text\">E se un hotel potesse essere pi\u00f9 di un semplice luogo dove dormire? E se potesse essere una destinazione in s\u00e9, un mondo in cui la creativit\u00e0 genera connessioni, il gioco alimenta la scoperta e le famiglie costruiscono ricordi indelebili, come i mattoni che li ispirano?<\/span><\/em><\/div><div class=\"qwen-markdown-space\">\u00a0<\/div><div class=\"qwen-markdown-paragraph\"><span class=\"qwen-markdown-text\">Situato al numero 188 di Lefen Road, nella tranquilla e ricca di cultura Fengjing Town, nel distretto di Jinshan a Shanghai, il LEGOLAND\u00ae Hotel Shanghai \u00e8 la concretizzazione di questa visione. Concepito come porta d&#039;accesso ufficiale a tema del LEGOLAND\u00ae Shanghai Resort, la pi\u00f9 grande destinazione LEGOLAND\u00ae al mondo, questo straordinario hotel a 5 stelle \u00e8 stato meticolosamente progettato per estendere la magia dell&#039;universo LEGO\u00ae oltre i cancelli del parco e in ogni momento del soggiorno di una famiglia. Dai primi bozzetti concettuali al suo vibrante giorno di inaugurazione, l&#039;hotel \u00e8 stato guidato da un unico obiettivo: creare un&#039;esperienza fluida, coinvolgente e gioiosa, dove l&#039;immaginazione \u00e8 il benvenuto e la meraviglia \u00e8 la norma.<\/span><\/div><div class=\"qwen-markdown-space\">\u00a0<\/div><h2 class=\"qwen-markdown-heading\"><span class=\"qwen-markdown-text\">Radicato nella tradizione, ispirato da Shanghai<\/span><\/h2><div class=\"qwen-markdown-paragraph\"><span class=\"qwen-markdown-text\">Il LEGOLAND\u00ae Hotel Shanghai trae ispirazione dalla tradizione senza tempo del Gruppo LEGO\u00ae, un&#039;azienda danese a conduzione familiare che da generazioni promuove la creativit\u00e0, la qualit\u00e0 e l&#039;apprendimento attraverso il gioco. Questo hotel, tuttavia, non \u00e8 una semplice replica delle sue controparti in tutto il mondo; \u00e8 una dichiarazione d&#039;amore per Shanghai e per la cultura cinese. Ogni elemento di design, ogni dettaglio del servizio e ogni storia intrecciata all&#039;esperienza degli ospiti riflette un&#039;attenta fusione tra la magia internazionale di LEGO\u00ae e l&#039;autenticit\u00e0 locale.<\/span><\/div><div class=\"qwen-markdown-space\">\u00a0<\/div><div class=\"qwen-markdown-paragraph\"><span class=\"qwen-markdown-text\">La scelta di Fengjing Town, una storica citt\u00e0 sull&#039;acqua rinomata per i suoi dipinti tradizionali di contadini cinesi, gli antichi canali e lo spirito artistico, \u00e8 stata intenzionale. Proprio come i mattoncini LEGO\u00ae si prestano a infinite reinterpretazioni, Fengjing incarna l&#039;armonia tra tradizione e innovazione. L&#039;architettura e gli interni dell&#039;hotel riflettono questo equilibrio: l&#039;estetica vivace e giocosa dei LEGO\u00ae si fonde con sottili richiami al design regionale del Jiangnan, creando uno spazio che risulta al tempo stesso entusiasmantemente nuovo e piacevolmente familiare. Materiali locali, collaborazioni artistiche con creatori di Shanghai e un&#039;offerta culinaria che celebra i sapori regionali assicurano agli ospiti non solo un&#039;esperienza con un marchio globale, ma anche un&#039;esperienza tipicamente shanghaiese.<\/span><\/div><div class=\"qwen-markdown-space\">\u00a0<\/div><h2 class=\"qwen-markdown-heading\"><span class=\"qwen-markdown-text\">Progettato per la scoperta, realizzato per la connessione.<\/span><\/h2><div class=\"qwen-markdown-paragraph\"><span class=\"qwen-markdown-text\">Fin dal momento in cui le famiglie varcano la soglia della maestosa hall dell&#039;hotel, animata da imponenti sculture LEGO\u00ae, installazioni interattive e dalla gioiosa atmosfera di attesa, entrano in una narrazione pensata appositamente per loro. Ogni corridoio, ogni camera e ogni spazio comune racconta un capitolo di avventura. I cinque coinvolgenti temi delle camere \u2013 LEGO\u00ae CITY, CASTLE, NINJAGO\u00ae, Friends e l&#039;esclusiva collezione LEGO\u00ae Monkie Kid\u2122 \u2013 sono stati sviluppati con una profonda conoscenza di ci\u00f2 che affascina le giovani menti e rassicura i genitori. Zone notte separate, tesori LEGO\u00ae nascosti e dettagli giocosi trasformano un semplice riposo notturno in un&#039;estensione dell&#039;esplorazione della giornata.<\/span><\/div><div class=\"qwen-markdown-space\">\u00a0<\/div><div class=\"qwen-markdown-paragraph\"><span class=\"qwen-markdown-text\">Ma la storia del LEGOLAND\u00ae Hotel Shanghai non riguarda solo la struttura fisica. Riguarda le persone che le danno vita. Il nostro team, multilingue, appassionato e meticolosamente formato, condivide una convinzione comune: che l&#039;ospitalit\u00e0 sia un atto di co-creazione. Non ci limitiamo a servire gli ospiti; collaboriamo con le famiglie per creare momenti di gioia personalizzati. Che si tratti di un concierge che organizza una festa di compleanno a sorpresa, di uno chef che adatta un pasto alle esigenze dietetiche di un giovane ospite o di un animatore che guida un laboratorio di costruzioni LEGO\u00ae, ogni interazione \u00e8 intrisa di calore, competenza e un sincero desiderio di rendere la vostra esperienza indimenticabile.<\/span><\/div><div class=\"qwen-markdown-space\">\u00a0<\/div><h2 class=\"qwen-markdown-heading\"><span class=\"qwen-markdown-text\">Un impegno per il gioco, lo scopo e il pianeta.<\/span><\/h2><div class=\"qwen-markdown-paragraph\"><span class=\"qwen-markdown-text\">La nostra storia \u00e8 anche una storia di responsabilit\u00e0. Il LEGOLAND\u00ae Hotel Shanghai abbraccia l&#039;impegno globale del Gruppo LEGO\u00ae per la sostenibilit\u00e0 e l&#039;impatto positivo. Dai sistemi edilizi a basso consumo energetico e le misure di risparmio idrico alle iniziative di riduzione dei rifiuti e all&#039;approvvigionamento ecocompatibile, ci impegniamo a ridurre al minimo il nostro impatto ambientale massimizzando al contempo il comfort dei nostri ospiti. Diamo priorit\u00e0 alle partnership con i fornitori locali, sosteniamo i programmi artistici della comunit\u00e0 nel distretto di Jinshan e creiamo opportunit\u00e0 di scambio culturale che arricchiscono sia i nostri ospiti che i nostri vicini.<\/span><\/div><div class=\"qwen-markdown-space\">\u00a0<\/div><div class=\"qwen-markdown-paragraph\"><span class=\"qwen-markdown-text\">Inoltre, crediamo che il gioco sia una potente forza per l&#039;apprendimento e la connessione. Per questo motivo, la nostra programmazione va oltre il semplice intrattenimento: i laboratori di costruzione LEGO\u00ae promuovono la capacit\u00e0 di risolvere problemi e la creativit\u00e0; le interazioni tra i personaggi insegnano gentilezza e lavoro di squadra; e le attivit\u00e0 per famiglie incoraggiano la scoperta condivisa. In un mondo che spesso corre a perdifiato, offriamo un&#039;oasi di pace dove rallentare per giocare insieme non \u00e8 solo incoraggiato, ma celebrato.<\/span><\/div><div class=\"qwen-markdown-space\">\u00a0<\/div><h2 class=\"qwen-markdown-heading\"><span class=\"qwen-markdown-text\">Il tuo capitolo ti aspetta<\/span><\/h2><div class=\"qwen-markdown-paragraph\"><span class=\"qwen-markdown-text\">Oggi, il LEGOLAND\u00ae Hotel Shanghai \u00e8 molto pi\u00f9 di un semplice luogo dove soggiornare. \u00c8 una storia vivente, che continua a svelarsi con ogni famiglia che varca le sue porte. \u00c8 la testimonianza della convinzione che, quando si d\u00e0 spazio all&#039;immaginazione, accadono cose straordinarie. \u00c8 la promessa che nel cuore del distretto di Jinshan a Shanghai esiste un&#039;oasi dove i bambini sognano in grande, i genitori si rilassano profondamente e tutti se ne vanno con un pizzico di meraviglia in pi\u00f9 di quanta ne avessero all&#039;arrivo.<\/span><\/div><div class=\"qwen-markdown-space\">\u00a0<\/div><div class=\"qwen-markdown-paragraph\"><span class=\"qwen-markdown-text\">Questa \u00e8 la nostra storia. E vi invitiamo a scrivere il prossimo capitolo, insieme a noi. Che stiate celebrando un traguardo importante, intraprendendo la vostra prima avventura o semplicemente cercando una fuga all&#039;insegna del divertimento, il LEGOLAND\u00ae Hotel Shanghai \u00e8 pronto ad accogliervi in un mondo dove ogni mattoncino racchiude una possibilit\u00e0, ogni momento crea legami e ogni soggiorno diventa un ricordo prezioso della vostra famiglia.<\/span><\/div><div class=\"qwen-markdown-space\">\u00a0<\/div><div class=\"qwen-markdown-paragraph\" data-spm-anchor-id=\"a2ty_o01.29997173.0.i21.16955171QIa6jo\"><em><span class=\"qwen-markdown-text\">Vieni a costruire la tua storia con noi. L&#039;avventura inizia nel momento stesso in cui arrivi.<\/span><\/em><span class=\"qwen-markdown-text\"> \ud83e\uddf1\u2728<\/span><\/div>\t\t\t\t\t\t\t\t<\/div>\n\t\t\t\t\t<\/div>\n\t\t\t\t<\/div>\n\t\t\t\t<\/div>","protected":false},"excerpt":{"rendered":"<p>Our Story: LEGOLAND\u00ae Hotel Shanghai \u2013 Where Imagination Takes Root in the Heart of Jinshan A Dream Built Brick by Brick The story of LEGOLAND\u00ae Hotel Shanghai begins not with blueprints or groundbreaking ceremonies, but with a simple, powerful idea: What if a hotel could be more than just a place to sleep? What if [&hellip;]<\/p>\n","protected":false},"author":1,"featured_media":0,"parent":0,"menu_order":0,"comment_status":"closed","ping_status":"closed","template":"elementor_header_footer","meta":{"footnotes":""},"class_list":["post-2104","page","type-page","status-publish","hentry","post-no-thumbnail"],"_links":{"self":[{"href":"https:\/\/legolandhotelshanghai.com\/it\/wp-json\/wp\/v2\/pages\/2104","targetHints":{"allow":["GET"]}}],"collection":[{"href":"https:\/\/legolandhotelshanghai.com\/it\/wp-json\/wp\/v2\/pages"}],"about":[{"href":"https:\/\/legolandhotelshanghai.com\/it\/wp-json\/wp\/v2\/types\/page"}],"author":[{"embeddable":true,"href":"https:\/\/legolandhotelshanghai.com\/it\/wp-json\/wp\/v2\/users\/1"}],"replies":[{"embeddable":true,"href":"https:\/\/legolandhotelshanghai.com\/it\/wp-json\/wp\/v2\/comments?post=2104"}],"version-history":[{"count":0,"href":"https:\/\/legolandhotelshanghai.com\/it\/wp-json\/wp\/v2\/pages\/2104\/revisions"}],"wp:attachment":[{"href":"https:\/\/legolandhotelshanghai.com\/it\/wp-json\/wp\/v2\/media?parent=2104"}],"curies":[{"name":"wp","href":"https:\/\/api.w.org\/{rel}","templated":true}]}}