{"id":5266,"date":"2021-07-18T08:03:35","date_gmt":"2021-07-18T08:03:35","guid":{"rendered":"https:\/\/nuss.uxper.co\/luxury-resort\/?page_id=5266"},"modified":"2026-04-07T04:33:20","modified_gmt":"2026-04-07T04:33:20","slug":"chi-siamo","status":"publish","type":"page","link":"https:\/\/legolandhotelshanghai.com\/it\/about-us\/","title":{"rendered":"Chi siamo"},"content":{"rendered":"<div data-elementor-type=\"wp-page\" data-elementor-id=\"5266\" class=\"elementor elementor-5266\">\n\t\t\t\t\t\t<section class=\"elementor-section elementor-top-section elementor-element elementor-element-10416953 elementor-section-boxed elementor-section-gap-beside-yes elementor-section-height-default elementor-section-height-default elementor-section-column-vertical-align-stretch\" data-id=\"10416953\" data-element_type=\"section\" data-e-type=\"section\">\n\t\t\t\t\t\t<div class=\"elementor-container elementor-column-gap-extended\">\n\t\t\t\t\t<div class=\"elementor-column elementor-col-100 elementor-top-column elementor-element elementor-element-29c6aa8\" data-id=\"29c6aa8\" data-element_type=\"column\" data-e-type=\"column\">\n\t\t\t<div class=\"elementor-widget-wrap elementor-element-populated\">\n\t\t\t\t\t\t<div class=\"elementor-element elementor-element-7be18fe7 elementor-widget__width-initial elementor-invisible elementor-widget elementor-widget-text-editor\" data-id=\"7be18fe7\" data-element_type=\"widget\" data-e-type=\"widget\" data-settings=\"{&quot;_animation&quot;:&quot;nussFadeInUp&quot;}\" data-widget_type=\"text-editor.default\">\n\t\t\t\t\t\t\t\t\tLEGOLAND\u00ae Hotel Shanghai: la destinazione ideale per avventure in famiglia nella citt\u00e0 di Fengjing.\t\t\t\t\t\t\t\t<\/div>\n\t\t\t\t\t<\/div>\n\t\t<\/div>\n\t\t\t\t\t<\/div>\n\t\t<\/section>\n\t\t\t\t<section class=\"elementor-section elementor-top-section elementor-element elementor-element-7d18327f elementor-section-boxed elementor-section-gap-beside-yes elementor-section-height-default elementor-section-height-default elementor-section-column-vertical-align-stretch\" data-id=\"7d18327f\" data-element_type=\"section\" data-e-type=\"section\">\n\t\t\t\t\t\t<div class=\"elementor-container elementor-column-gap-extended\">\n\t\t\t\t\t<div class=\"elementor-column elementor-col-50 elementor-top-column elementor-element elementor-element-56533670\" data-id=\"56533670\" data-element_type=\"column\" data-e-type=\"column\">\n\t\t\t<div class=\"elementor-widget-wrap elementor-element-populated\">\n\t\t\t\t\t\t<div class=\"elementor-element elementor-element-19c3f543 elementor-invisible elementor-widget elementor-widget-text-editor\" data-id=\"19c3f543\" data-element_type=\"widget\" data-e-type=\"widget\" data-settings=\"{&quot;_animation&quot;:&quot;nussFadeInUp&quot;}\" data-widget_type=\"text-editor.default\">\n\t\t\t\t\t\t\t\t\t<p><span class=\"qwen-markdown-text\">Scopri la magia delle meraviglie costruite in mattoni a <\/span><strong class=\"qwen-markdown-strong\"><span class=\"qwen-markdown-text\">LEGOLAND\u00ae Hotel Shanghai<\/span><\/strong><span class=\"qwen-markdown-text\">, Situato al numero 188 di Lefen Road, nel quartiere di Fengjing, distretto di Jinshan, a Shanghai, in Cina, questo straordinario hotel a 5 stelle, destinazione ideale per le famiglie, \u00e8 l&#039;hotel a tema ufficiale del pi\u00f9 grande LEGOLAND\u00ae Resort al mondo. Offre un&#039;esperienza coinvolgente in cui ogni angolo stimola la creativit\u00e0, l&#039;immaginazione e crea ricordi indimenticabili per ospiti di tutte le et\u00e0. Progettato specificamente per famiglie con bambini dai 2 ai 12 anni, l&#039;hotel trasforma un semplice pernottamento in un&#039;avventura interattiva ricca di sorprese LEGO\u00ae, intrattenimento a tema e un servizio personalizzato che celebra la gioia del gioco.<\/span><\/p>\t\t\t\t\t\t\t\t<\/div>\n\t\t\t\t\t<\/div>\n\t\t<\/div>\n\t\t\t\t<div class=\"elementor-column elementor-col-50 elementor-top-column elementor-element elementor-element-30f14127\" data-id=\"30f14127\" data-element_type=\"column\" data-e-type=\"column\">\n\t\t\t<div class=\"elementor-widget-wrap elementor-element-populated\">\n\t\t\t\t\t\t<div class=\"elementor-element elementor-element-46bc30f elementor-widget elementor-widget-image\" data-id=\"46bc30f\" data-element_type=\"widget\" data-e-type=\"widget\" data-widget_type=\"image.default\">\n\t\t\t\t\t\t\t\t\t\t\t\t\t\t\t<img fetchpriority=\"high\" decoding=\"async\" width=\"1024\" height=\"682\" src=\"https:\/\/legolandhotelshanghai.com\/wp-content\/uploads\/2026\/04\/LEGOLAND-Hotel-45-1024x682.webp\" class=\"attachment-large size-large wp-image-5645\" alt=\"\" srcset=\"https:\/\/legolandhotelshanghai.com\/wp-content\/uploads\/2026\/04\/LEGOLAND-Hotel-45-1024x682.webp 1024w, https:\/\/legolandhotelshanghai.com\/wp-content\/uploads\/2026\/04\/LEGOLAND-Hotel-45-300x200.webp 300w, https:\/\/legolandhotelshanghai.com\/wp-content\/uploads\/2026\/04\/LEGOLAND-Hotel-45-768x512.webp 768w, https:\/\/legolandhotelshanghai.com\/wp-content\/uploads\/2026\/04\/LEGOLAND-Hotel-45.webp 1280w\" sizes=\"(max-width: 1024px) 100vw, 1024px\" \/>\t\t\t\t\t\t\t\t\t\t\t\t\t\t\t<\/div>\n\t\t\t\t\t<\/div>\n\t\t<\/div>\n\t\t\t\t\t<\/div>\n\t\t<\/section>\n\t\t\t\t<section class=\"elementor-section elementor-top-section elementor-element elementor-element-29fb8578 elementor-section-height-min-height elementor-section-stretched elementor-section-full_width elementor-section-items-stretch elementor-section-height-default elementor-section-column-vertical-align-stretch\" data-id=\"29fb8578\" data-element_type=\"section\" data-e-type=\"section\" data-settings=\"{&quot;stretch_section&quot;:&quot;section-stretched&quot;}\">\n\t\t\t\t\t\t<div class=\"elementor-container elementor-column-gap-no\">\n\t\t\t\t\t<div class=\"elementor-column elementor-col-50 elementor-top-column elementor-element elementor-element-40ac270b\" data-id=\"40ac270b\" data-element_type=\"column\" data-e-type=\"column\">\n\t\t\t<div class=\"elementor-widget-wrap elementor-element-populated\">\n\t\t\t\t\t\t<div class=\"elementor-element elementor-element-20872773 elementor-widget__width-initial elementor-widget-mobile__width-inherit elementor-invisible nuss-elementor-loading nuss-slide-in-right elementor-widget elementor-widget-image\" data-id=\"20872773\" data-element_type=\"widget\" data-e-type=\"widget\" data-settings=\"{&quot;_animation&quot;:&quot;nussSlideInRight&quot;}\" data-widget_type=\"image.default\">\n\t\t\t\t\t\t\t\t\t\t\t\t\t\t\t<img decoding=\"async\" width=\"1179\" height=\"853\" src=\"https:\/\/legolandhotelshanghai.com\/wp-content\/uploads\/2026\/04\/LEGOLAND-Hotel-58.webp\" class=\"attachment-full size-full wp-image-5658\" alt=\"\" srcset=\"https:\/\/legolandhotelshanghai.com\/wp-content\/uploads\/2026\/04\/LEGOLAND-Hotel-58.webp 1179w, https:\/\/legolandhotelshanghai.com\/wp-content\/uploads\/2026\/04\/LEGOLAND-Hotel-58-300x217.webp 300w, https:\/\/legolandhotelshanghai.com\/wp-content\/uploads\/2026\/04\/LEGOLAND-Hotel-58-1024x741.webp 1024w, https:\/\/legolandhotelshanghai.com\/wp-content\/uploads\/2026\/04\/LEGOLAND-Hotel-58-768x556.webp 768w\" sizes=\"(max-width: 1179px) 100vw, 1179px\" \/>\t\t\t\t\t\t\t\t\t\t\t\t\t\t\t<\/div>\n\t\t\t\t\t<\/div>\n\t\t<\/div>\n\t\t\t\t<div class=\"elementor-column elementor-col-50 elementor-top-column elementor-element elementor-element-2dac103\" data-id=\"2dac103\" data-element_type=\"column\" data-e-type=\"column\">\n\t\t\t<div class=\"elementor-widget-wrap elementor-element-populated\">\n\t\t\t\t\t\t<div class=\"elementor-element elementor-element-6f1b8966 elementor-invisible elementor-widget elementor-widget-text-editor\" data-id=\"6f1b8966\" data-element_type=\"widget\" data-e-type=\"widget\" data-settings=\"{&quot;_animation&quot;:&quot;nussFadeInUp&quot;}\" data-widget_type=\"text-editor.default\">\n\t\t\t\t\t\t\t\t\t<p><span class=\"qwen-markdown-text\">Entrate in un mondo vibrante dove l&#039;immaginazione prende vita fin dal vostro arrivo. Il LEGOLAND\u00ae Hotel Shanghai offre 250 camere e suite familiari dal design unico, ognuna progettata con cura e dotata di zone notte separate per adulti e bambini, per garantire comfort e praticit\u00e0 a tutta la famiglia. Scegliete tra cinque entusiasmanti ambientazioni a tema LEGO\u00ae: LEGO\u00ae CITY, LEGO\u00ae CASTLE, LEGO\u00ae NINJAGO\u00ae, LEGO\u00ae Friends o l&#039;esclusiva collezione LEGO\u00ae Monkie Kid\u2122. Ogni camera \u00e8 decorata con divertenti dettagli LEGO\u00ae, elementi interattivi, letti a castello per i piccoli costruttori, comfort moderni tra cui Wi-Fi ad alta velocit\u00e0 gratuito, aria condizionata, bagno privato e splendide viste sul parco o sul giardino. Svegliatevi riposati e a pochi passi dalle emozioni del LEGOLAND\u00ae Shanghai Resort, con l&#039;esclusivo accesso anticipato al parco che consente agli ospiti dell&#039;hotel di godersi le attrazioni pi\u00f9 popolari prima dell&#039;arrivo della folla.<\/span><\/p>\t\t\t\t\t\t\t\t<\/div>\n\t\t\t\t\t<\/div>\n\t\t<\/div>\n\t\t\t\t\t<\/div>\n\t\t<\/section>\n\t\t\t\t<section class=\"elementor-section elementor-top-section elementor-element elementor-element-ecd78ac elementor-section-height-min-height elementor-section-stretched elementor-section-full_width elementor-section-items-stretch elementor-section-height-default elementor-section-column-vertical-align-stretch\" data-id=\"ecd78ac\" data-element_type=\"section\" data-e-type=\"section\" data-settings=\"{&quot;stretch_section&quot;:&quot;section-stretched&quot;}\">\n\t\t\t\t\t\t<div class=\"elementor-container elementor-column-gap-no\">\n\t\t\t\t\t<div class=\"elementor-column elementor-col-50 elementor-top-column elementor-element elementor-element-7e39197\" data-id=\"7e39197\" data-element_type=\"column\" data-e-type=\"column\">\n\t\t\t<div class=\"elementor-widget-wrap elementor-element-populated\">\n\t\t\t\t\t\t<div class=\"elementor-element elementor-element-a43080a elementor-invisible elementor-widget elementor-widget-text-editor\" data-id=\"a43080a\" data-element_type=\"widget\" data-e-type=\"widget\" data-settings=\"{&quot;_animation&quot;:&quot;nussFadeInUp&quot;}\" data-widget_type=\"text-editor.default\">\n\t\t\t\t\t\t\t\t\t<p><span class=\"qwen-markdown-text\">Avventure culinarie vi attendono nei tre ristoranti distinti dell&#039;hotel, dove la creativit\u00e0 incontra il sapore in ogni boccone. Il Bricks Family Restaurant offre una ricca colazione a buffet con piatti della cucina occidentale e cinese, per soddisfare ogni palato. L&#039;Adventure Lounge propone un men\u00f9 \u00e0 la carte per tutto il giorno con presentazioni ispirate ai LEGO\u00ae che rendono i pasti divertenti per i bambini e raffinati per gli adulti. Per spuntini veloci e bevande rinfrescanti, Splash Bites offre un ambiente informale perfetto per ricaricarsi tra un&#039;avventura e l&#039;altra nel parco. Tutte le esperienze culinarie puntano su ingredienti freschi, men\u00f9 adatti ai bambini e lo spirito giocoso che contraddistingue il marchio LEGOLAND\u00ae.<\/span><\/p>\t\t\t\t\t\t\t\t<\/div>\n\t\t\t\t\t<\/div>\n\t\t<\/div>\n\t\t\t\t<div class=\"elementor-column elementor-col-50 elementor-top-column elementor-element elementor-element-7a21817\" data-id=\"7a21817\" data-element_type=\"column\" data-e-type=\"column\">\n\t\t\t<div class=\"elementor-widget-wrap elementor-element-populated\">\n\t\t\t\t\t\t<div class=\"elementor-element elementor-element-385c1d4 elementor-widget__width-initial elementor-widget-mobile__width-inherit elementor-invisible nuss-elementor-loading nuss-slide-in-right elementor-widget elementor-widget-image\" data-id=\"385c1d4\" data-element_type=\"widget\" data-e-type=\"widget\" data-settings=\"{&quot;_animation&quot;:&quot;nussSlideInRight&quot;}\" data-widget_type=\"image.default\">\n\t\t\t\t\t\t\t\t\t\t\t\t\t\t\t<img decoding=\"async\" width=\"1280\" height=\"853\" src=\"https:\/\/legolandhotelshanghai.com\/wp-content\/uploads\/2026\/04\/LEGOLAND-Hotel-12.webp\" class=\"attachment-full size-full wp-image-5612\" alt=\"\" srcset=\"https:\/\/legolandhotelshanghai.com\/wp-content\/uploads\/2026\/04\/LEGOLAND-Hotel-12.webp 1280w, https:\/\/legolandhotelshanghai.com\/wp-content\/uploads\/2026\/04\/LEGOLAND-Hotel-12-300x200.webp 300w, https:\/\/legolandhotelshanghai.com\/wp-content\/uploads\/2026\/04\/LEGOLAND-Hotel-12-1024x682.webp 1024w, https:\/\/legolandhotelshanghai.com\/wp-content\/uploads\/2026\/04\/LEGOLAND-Hotel-12-768x512.webp 768w\" sizes=\"(max-width: 1280px) 100vw, 1280px\" \/>\t\t\t\t\t\t\t\t\t\t\t\t\t\t\t<\/div>\n\t\t\t\t\t<\/div>\n\t\t<\/div>\n\t\t\t\t\t<\/div>\n\t\t<\/section>\n\t\t\t\t<section class=\"elementor-section elementor-top-section elementor-element elementor-element-0ad8a04 elementor-section-height-min-height elementor-section-stretched elementor-section-full_width elementor-section-items-stretch elementor-section-height-default elementor-section-column-vertical-align-stretch\" data-id=\"0ad8a04\" data-element_type=\"section\" data-e-type=\"section\" data-settings=\"{&quot;stretch_section&quot;:&quot;section-stretched&quot;}\">\n\t\t\t\t\t\t<div class=\"elementor-container elementor-column-gap-no\">\n\t\t\t\t\t<div class=\"elementor-column elementor-col-50 elementor-top-column elementor-element elementor-element-f4fd966\" data-id=\"f4fd966\" data-element_type=\"column\" data-e-type=\"column\">\n\t\t\t<div class=\"elementor-widget-wrap elementor-element-populated\">\n\t\t\t\t\t\t<div class=\"elementor-element elementor-element-cbe9535 elementor-widget__width-initial elementor-widget-mobile__width-inherit elementor-invisible nuss-elementor-loading nuss-slide-in-right elementor-widget elementor-widget-image\" data-id=\"cbe9535\" data-element_type=\"widget\" data-e-type=\"widget\" data-settings=\"{&quot;_animation&quot;:&quot;nussSlideInRight&quot;}\" data-widget_type=\"image.default\">\n\t\t\t\t\t\t\t\t\t\t\t\t\t\t\t<img loading=\"lazy\" decoding=\"async\" width=\"1123\" height=\"808\" src=\"https:\/\/legolandhotelshanghai.com\/wp-content\/uploads\/2026\/04\/LEGOLAND-Hotel-4.webp\" class=\"attachment-full size-full wp-image-5604\" alt=\"\" srcset=\"https:\/\/legolandhotelshanghai.com\/wp-content\/uploads\/2026\/04\/LEGOLAND-Hotel-4.webp 1123w, https:\/\/legolandhotelshanghai.com\/wp-content\/uploads\/2026\/04\/LEGOLAND-Hotel-4-300x216.webp 300w, https:\/\/legolandhotelshanghai.com\/wp-content\/uploads\/2026\/04\/LEGOLAND-Hotel-4-1024x737.webp 1024w, https:\/\/legolandhotelshanghai.com\/wp-content\/uploads\/2026\/04\/LEGOLAND-Hotel-4-768x553.webp 768w\" sizes=\"(max-width: 1123px) 100vw, 1123px\" \/>\t\t\t\t\t\t\t\t\t\t\t\t\t\t\t<\/div>\n\t\t\t\t\t<\/div>\n\t\t<\/div>\n\t\t\t\t<div class=\"elementor-column elementor-col-50 elementor-top-column elementor-element elementor-element-0a70ed4\" data-id=\"0a70ed4\" data-element_type=\"column\" data-e-type=\"column\">\n\t\t\t<div class=\"elementor-widget-wrap elementor-element-populated\">\n\t\t\t\t\t\t<div class=\"elementor-element elementor-element-8075589 elementor-invisible elementor-widget elementor-widget-text-editor\" data-id=\"8075589\" data-element_type=\"widget\" data-e-type=\"widget\" data-settings=\"{&quot;_animation&quot;:&quot;nussFadeInUp&quot;}\" data-widget_type=\"text-editor.default\">\n\t\t\t\t\t\t\t\t\t<p><span class=\"qwen-markdown-text\" data-spm-anchor-id=\"a2ty_o01.29997173.0.i37.16955171QIa6jo\">Oltre alle camere e ai ristoranti, il LEGOLAND\u00ae Hotel Shanghai offre servizi eccezionali pensati per rendere i viaggi in famiglia semplici e senza stress. Potrete usufruire di un parcheggio privato gratuito con stazioni di ricarica per veicoli elettrici, di una reception aperta 24 ore su 24 con personale multilingue, di un servizio concierge per aiutarvi a pianificare la vostra esperienza al resort e di un deposito bagagli per una maggiore comodit\u00e0. I piccoli ospiti adoreranno l&#039;area giochi a loro dedicata, i programmi di intrattenimento giornalieri, i laboratori di costruzione LEGO\u00ae, le cacce al tesoro e gli incontri con i personaggi che manterranno viva la magia durante tutto il soggiorno. Tra i servizi aggiuntivi figurano una splendida piscina, un negozio di souvenir con articoli LEGO\u00ae esclusivi, servizi di segreteria per i viaggiatori d&#039;affari e strutture accessibili per garantire il comfort di tutti gli ospiti.<\/span><\/p>\t\t\t\t\t\t\t\t<\/div>\n\t\t\t\t\t<\/div>\n\t\t<\/div>\n\t\t\t\t\t<\/div>\n\t\t<\/section>\n\t\t\t\t<section class=\"elementor-section elementor-top-section elementor-element elementor-element-98f28aa elementor-section-height-min-height elementor-section-stretched elementor-section-full_width elementor-section-items-stretch elementor-section-height-default elementor-section-column-vertical-align-stretch\" data-id=\"98f28aa\" data-element_type=\"section\" data-e-type=\"section\" data-settings=\"{&quot;stretch_section&quot;:&quot;section-stretched&quot;}\">\n\t\t\t\t\t\t<div class=\"elementor-container elementor-column-gap-no\">\n\t\t\t\t\t<div class=\"elementor-column elementor-col-50 elementor-top-column elementor-element elementor-element-3775aa0\" data-id=\"3775aa0\" data-element_type=\"column\" data-e-type=\"column\">\n\t\t\t<div class=\"elementor-widget-wrap elementor-element-populated\">\n\t\t\t\t\t\t<div class=\"elementor-element elementor-element-221f52e elementor-invisible elementor-widget elementor-widget-text-editor\" data-id=\"221f52e\" data-element_type=\"widget\" data-e-type=\"widget\" data-settings=\"{&quot;_animation&quot;:&quot;nussFadeInUp&quot;}\" data-widget_type=\"text-editor.default\">\n\t\t\t\t\t\t\t\t\t<p><span class=\"qwen-markdown-text\">Situato in posizione strategica nel pittoresco quartiere di Jinshan a Shanghai, l&#039;hotel offre un facile accesso sia al LEGOLAND\u00ae Shanghai Resort, raggiungibile con una breve passeggiata di soli 250 metri, sia alle principali attrazioni di Shanghai. La stazione ferroviaria di Jinshanbei dista solo 1,8 chilometri e offre comodi collegamenti con l&#039;aeroporto internazionale di Shanghai Hongqiao e il centro citt\u00e0 tramite treni ad alta velocit\u00e0. Tra i punti di interesse nelle vicinanze si annoverano l&#039;affascinante citt\u00e0 antica di Fengjing, il parco ecologico di Huakai Haishang e Flower Sea Town, che rendono semplice estendere la vostra avventura oltre l&#039;universo LEGO\u00ae. Che stiate pianificando una vacanza interamente dedicata a LEGOLAND\u00ae o che vogliate includere il resort in un itinerario pi\u00f9 ampio a Shanghai, il LEGOLAND\u00ae Hotel Shanghai \u00e8 la base ideale per esplorare, rilassarvi e trascorrere momenti indimenticabili in famiglia, mattone dopo mattone.<\/span><\/p>\t\t\t\t\t\t\t\t<\/div>\n\t\t\t\t\t<\/div>\n\t\t<\/div>\n\t\t\t\t<div class=\"elementor-column elementor-col-50 elementor-top-column elementor-element elementor-element-08a3384\" data-id=\"08a3384\" data-element_type=\"column\" data-e-type=\"column\">\n\t\t\t<div class=\"elementor-widget-wrap elementor-element-populated\">\n\t\t\t\t\t\t<div class=\"elementor-element elementor-element-219d980 elementor-widget__width-initial elementor-widget-mobile__width-inherit elementor-invisible nuss-elementor-loading nuss-slide-in-right elementor-widget elementor-widget-image\" data-id=\"219d980\" data-element_type=\"widget\" data-e-type=\"widget\" data-settings=\"{&quot;_animation&quot;:&quot;nussSlideInRight&quot;}\" data-widget_type=\"image.default\">\n\t\t\t\t\t\t\t\t\t\t\t\t\t\t\t<img loading=\"lazy\" decoding=\"async\" width=\"1200\" height=\"800\" src=\"https:\/\/legolandhotelshanghai.com\/wp-content\/uploads\/2026\/04\/legoland-resort.jpg\" class=\"attachment-full size-full wp-image-5697\" alt=\"\" srcset=\"https:\/\/legolandhotelshanghai.com\/wp-content\/uploads\/2026\/04\/legoland-resort.jpg 1200w, https:\/\/legolandhotelshanghai.com\/wp-content\/uploads\/2026\/04\/legoland-resort-300x200.jpg 300w, https:\/\/legolandhotelshanghai.com\/wp-content\/uploads\/2026\/04\/legoland-resort-1024x683.jpg 1024w, https:\/\/legolandhotelshanghai.com\/wp-content\/uploads\/2026\/04\/legoland-resort-768x512.jpg 768w\" sizes=\"(max-width: 1200px) 100vw, 1200px\" \/>\t\t\t\t\t\t\t\t\t\t\t\t\t\t\t<\/div>\n\t\t\t\t\t<\/div>\n\t\t<\/div>\n\t\t\t\t\t<\/div>\n\t\t<\/section>\n\t\t<div class=\"elementor-element elementor-element-ae7873f e-flex e-con-boxed e-con e-parent\" data-id=\"ae7873f\" data-element_type=\"container\" data-e-type=\"container\">\n\t\t\t\t\t<div class=\"e-con-inner\">\n\t\t\t\t<div class=\"elementor-element elementor-element-208c793 elementor-widget elementor-widget-text-editor\" data-id=\"208c793\" data-element_type=\"widget\" data-e-type=\"widget\" data-widget_type=\"text-editor.default\">\n\t\t\t\t\t\t\t\t\t<p><span class=\"qwen-markdown-text\" data-spm-anchor-id=\"a2ty_o01.29997173.0.i38.16955171QIa6jo\">Scoprite la differenza di un soggiorno in cui ogni dettaglio \u00e8 pensato per le famiglie. Dalla hall colorata e interattiva, ricca di impressionanti sculture LEGO\u00ae, ai tocchi premurosi in ogni camera, il LEGOLAND\u00ae Hotel Shanghai va oltre il semplice alloggio per creare un&#039;esperienza di intrattenimento completa. Grazie alle recensioni costantemente positive degli ospiti, che elogiano il servizio impeccabile, la pulizia perfetta, la posizione privilegiata e l&#039;atmosfera magica, questo hotel si \u00e8 guadagnato la reputazione di una delle migliori destinazioni per famiglie a Shanghai. Prenotate oggi stesso il vostro soggiorno e trasformate il vostro viaggio a Shanghai in un&#039;avventura leggendaria, dove il gioco non finisce mai e i ricordi durano per sempre, proprio come i mattoncini che lo ispirano.<\/span><\/p>\t\t\t\t\t\t\t\t<\/div>\n\t\t\t\t\t<\/div>\n\t\t\t\t<\/div>\n\t\t\t\t<\/div>","protected":false},"excerpt":{"rendered":"<p>LEGOLAND\u00ae Hotel Shanghai: The Ultimate Family Adventure Destination in Fengjing Town Discover the magic of brick-built wonder at LEGOLAND\u00ae Hotel Shanghai, the premier family-friendly destination nestled at No. 188 Lefen Road, Fengjing Town, Jinshan District, Shanghai, China. As the official themed hotel of the world&#8217;s largest LEGOLAND\u00ae Resort, this extraordinary 5-star property offers an immersive [&hellip;]<\/p>\n","protected":false},"author":1,"featured_media":0,"parent":0,"menu_order":0,"comment_status":"closed","ping_status":"closed","template":"","meta":{"footnotes":""},"class_list":["post-5266","page","type-page","status-publish","hentry","post-no-thumbnail"],"_links":{"self":[{"href":"https:\/\/legolandhotelshanghai.com\/it\/wp-json\/wp\/v2\/pages\/5266","targetHints":{"allow":["GET"]}}],"collection":[{"href":"https:\/\/legolandhotelshanghai.com\/it\/wp-json\/wp\/v2\/pages"}],"about":[{"href":"https:\/\/legolandhotelshanghai.com\/it\/wp-json\/wp\/v2\/types\/page"}],"author":[{"embeddable":true,"href":"https:\/\/legolandhotelshanghai.com\/it\/wp-json\/wp\/v2\/users\/1"}],"replies":[{"embeddable":true,"href":"https:\/\/legolandhotelshanghai.com\/it\/wp-json\/wp\/v2\/comments?post=5266"}],"version-history":[{"count":0,"href":"https:\/\/legolandhotelshanghai.com\/it\/wp-json\/wp\/v2\/pages\/5266\/revisions"}],"wp:attachment":[{"href":"https:\/\/legolandhotelshanghai.com\/it\/wp-json\/wp\/v2\/media?parent=5266"}],"curies":[{"name":"wp","href":"https:\/\/api.w.org\/{rel}","templated":true}]}}