{"id":612,"date":"2021-03-26T10:04:13","date_gmt":"2021-03-26T10:04:13","guid":{"rendered":"http:\/\/localhost\/nuss\/?page_id=612"},"modified":"2026-04-07T04:12:44","modified_gmt":"2026-04-07T04:12:44","slug":"ristorante","status":"publish","type":"page","link":"https:\/\/legolandhotelshanghai.com\/it\/restaurant\/","title":{"rendered":"Ristorante"},"content":{"rendered":"<div data-elementor-type=\"wp-page\" data-elementor-id=\"612\" class=\"elementor elementor-612\">\n\t\t\t\t\t\t<section class=\"elementor-section elementor-top-section elementor-element elementor-element-e2effe8 elementor-section-boxed elementor-section-gap-beside-yes elementor-section-height-default elementor-section-height-default elementor-section-column-vertical-align-stretch\" data-id=\"e2effe8\" data-element_type=\"section\" data-e-type=\"section\">\n\t\t\t\t\t\t<div class=\"elementor-container elementor-column-gap-extended\">\n\t\t\t\t\t<div class=\"elementor-column elementor-col-100 elementor-top-column elementor-element elementor-element-e18f688\" data-id=\"e18f688\" data-element_type=\"column\" data-e-type=\"column\">\n\t\t\t<div class=\"elementor-widget-wrap elementor-element-populated\">\n\t\t\t\t\t\t<div class=\"elementor-element elementor-element-6db146d elementor-widget__width-initial elementor-invisible elementor-widget elementor-widget-text-editor\" data-id=\"6db146d\" data-element_type=\"widget\" data-e-type=\"widget\" data-settings=\"{&quot;_animation&quot;:&quot;nussFadeInUp&quot;}\" data-widget_type=\"text-editor.default\">\n\t\t\t\t\t\t\t\t\tCenare al LEGOLAND\u00ae Hotel Shanghai: dove ogni pasto \u00e8 un&#039;avventura di sapori costruita con i mattoncini\t\t\t\t\t\t\t\t<\/div>\n\t\t\t\t\t<\/div>\n\t\t<\/div>\n\t\t\t\t\t<\/div>\n\t\t<\/section>\n\t\t<div class=\"elementor-element elementor-element-5919518 e-flex e-con-boxed e-con e-parent\" data-id=\"5919518\" data-element_type=\"container\" data-e-type=\"container\">\n\t\t\t\t\t<div class=\"e-con-inner\">\n\t\t\t\t<div class=\"elementor-element elementor-element-5300052 elementor-widget elementor-widget-text-editor\" data-id=\"5300052\" data-element_type=\"widget\" data-e-type=\"widget\" data-widget_type=\"text-editor.default\">\n\t\t\t\t\t\t\t\t\t<div class=\"qwen-markdown-paragraph\"><span class=\"qwen-markdown-text\">Entra in un mondo dove la creativit\u00e0 culinaria incontra la fantasia giocosa nei ristoranti di <\/span><strong class=\"qwen-markdown-strong\"><span class=\"qwen-markdown-text\">LEGOLAND\u00ae Hotel Shanghai<\/span><\/strong><span class=\"qwen-markdown-text\">, Situato al numero 188 di Lefen Road, Fengjing Town, distretto di Jinshan, Shanghai, Cina, il nostro ristorante LEGO\u00ae offre tre diverse opzioni di ristorazione, pi\u00f9 che semplici ristoranti: sono un&#039;immersione totale nell&#039;universo LEGO\u00ae, pensata per deliziare ospiti di tutte le et\u00e0 con ambientazioni vivaci, men\u00f9 curati nei minimi dettagli e un servizio che trasforma ogni pasto in un capitolo memorabile della vostra avventura in famiglia. Che vogliate fare il pieno di energie prima di una giornata alla scoperta del parco, celebrare un&#039;occasione speciale o semplicemente godervi una serata rilassante insieme, le nostre esperienze culinarie uniscono la qualit\u00e0 internazionale al gusto locale, il tutto condito da una generosa dose di gioia LEGO\u00ae.<\/span><\/div><div class=\"qwen-markdown-space\">\u00a0<\/div><h2 class=\"qwen-markdown-heading\"><span class=\"qwen-markdown-text\">\ud83c\udf7d\ufe0f Bricks Family Restaurant: Il cuore della ristorazione per famiglie<\/span><\/h2><div class=\"qwen-markdown-paragraph\"><span class=\"qwen-markdown-text\">Inizia la giornata con un&#039;esperienza di colazione indimenticabile a <\/span><strong class=\"qwen-markdown-strong\"><span class=\"qwen-markdown-text\">Ristorante per famiglie Bricks<\/span><\/strong><span class=\"qwen-markdown-text\">, Il Bricks Family Restaurant, fiore all&#039;occhiello dell&#039;hotel, offre un buffet dove la variet\u00e0 incontra la vivacit\u00e0. Le mattine si animano con un&#039;ampia selezione di piatti, dai classici occidentali alle autentiche specialit\u00e0 cinesi: uova strapazzate soffici, pancetta croccante e pasticcini freschi, insieme a fumanti dim sum, congee e postazioni di noodle ispirate alla cucina locale. Pensato per le famiglie, il ristorante, con la sua disposizione aperta, le colorate decorazioni a tema LEGO\u00ae e le postazioni interattive, intrattiene i pi\u00f9 piccoli mentre i genitori si godono un inizio di giornata senza stress. Seggioloni, posate adatte ai bambini e uno staff paziente e attento assicurano che anche i costruttori pi\u00f9 piccoli si sentano i benvenuti. Oltre alla colazione, il Bricks Family Restaurant si trasforma per la cena, offrendo serate a buffet a tema che celebrano le cucine del mondo con divertenti presentazioni ispirate ai LEGO\u00ae: perch\u00e9 una cena dovrebbe essere ordinaria quando pu\u00f2 essere straordinaria?<\/span><\/div><div class=\"qwen-markdown-space\">\u00a0<\/div><h2 class=\"qwen-markdown-heading\"><span class=\"qwen-markdown-text\">\ud83e\udd57 Adventure Lounge: Ristorazione per tutto il giorno con un pizzico di fantasia<\/span><\/h2><div class=\"qwen-markdown-paragraph\"><span class=\"qwen-markdown-text\">Per una ristorazione flessibile e \u00e0 la carte che si adatta ai tuoi orari, il <\/span><strong class=\"qwen-markdown-strong\"><span class=\"qwen-markdown-text\">AdventureLounge<\/span><\/strong><span class=\"qwen-markdown-text\"> \u00c8 la destinazione ideale per il pranzo, la cena e qualsiasi altro momento della giornata. Questo spazio versatile combina un&#039;eleganza rilassata con tocchi giocosi LEGO\u00ae, creando un&#039;atmosfera accogliente per famiglie, coppie e piccoli gruppi. Il menu offre una selezione curata di piatti internazionali e specialit\u00e0 ispirate a Shanghai, da hamburger gourmet e pasta fresca a verdure di stagione saltate in padella e teneri involtini di anatra alla pechinese. I bambini adorano lo speciale &quot;Menu del Costruttore&quot;, con nuggets dalle forme divertenti, mini pizze e snack salutari presentati con un tocco LEGO\u00ae. Gli adulti, invece, possono rilassarsi con bevande artigianali, caff\u00e8 speciali o un bicchiere di vino, godendosi le comode poltrone e l&#039;atmosfera vivace del lounge. Che si tratti di rifocillarsi dopo una mattinata al parco o di godersi una cena in tutta tranquillit\u00e0, l&#039;Adventure Lounge offre qualit\u00e0, creativit\u00e0 e praticit\u00e0 in ogni boccone.<\/span><\/div><div class=\"qwen-markdown-space\">\u00a0<\/div><h2 class=\"qwen-markdown-heading\"><span class=\"qwen-markdown-text\">\ud83c\udf66 Splash Bites: Spuntini veloci e momenti rinfrescanti<\/span><\/h2><div class=\"qwen-markdown-paragraph\"><span class=\"qwen-markdown-text\">Hai bisogno di uno spuntino veloce o di una bevanda rinfrescante tra un&#039;avventura e l&#039;altra? <\/span><strong class=\"qwen-markdown-strong\"><span class=\"qwen-markdown-text\">Splash Bites<\/span><\/strong><span class=\"qwen-markdown-text\"> Splash Bites \u00e8 la sosta perfetta. Questo locale informale, ideale per uno spuntino veloce, offre una deliziosa variet\u00e0 di snack da asporto, bevande fresche e dessert a tema LEGO\u00ae che soddisfano la voglia di qualcosa di buono senza rallentare il divertimento. Gustate gelati artigianali, frullati colorati, biscotti appena sfornati e panini saporiti, il tutto servito con un sorriso e pensato per essere gustato al volo. Splash Bites \u00e8 particolarmente apprezzato durante i mesi pi\u00f9 caldi, offrendo un rifugio rinfrescante con posti a sedere sia all&#039;interno che all&#039;esterno, dove le famiglie possono rilassarsi e condividere i momenti pi\u00f9 belli della giornata. \u00c8 il luogo ideale per una pausa rigenerante a met\u00e0 pomeriggio o per concludere in dolcezza una giornata ricca di emozioni.<\/span><\/div><div class=\"qwen-markdown-space\">\u00a0<\/div><h2 class=\"qwen-markdown-heading\"><span class=\"qwen-markdown-text\">\ud83c\udf31 Filosofia culinaria: Qualit\u00e0, Inclusivit\u00e0 e Gioia<\/span><\/h2><div class=\"qwen-markdown-paragraph\"><span class=\"qwen-markdown-text\">Al LEGOLAND\u00ae Hotel Shanghai, crediamo che il buon cibo debba essere tanto delizioso quanto inclusivo. Il nostro team culinario privilegia ingredienti freschi e di alta qualit\u00e0, provenienti da fornitori locali e internazionali di fiducia, garantendo che ogni piatto soddisfi rigorosi standard di gusto e nutrizione. Siamo orgogliosi di soddisfare le diverse esigenze alimentari: le opzioni vegetariane, vegane, senza glutine e per chi soffre di allergie sono chiaramente indicate in tutti i menu e i nostri chef saranno lieti di personalizzare i piatti su richiesta. \u00c8 sufficiente informare il personale di sala di eventuali restrizioni o contattare l&#039;hotel in anticipo per una pianificazione personalizzata dei pasti: ci impegniamo a garantire a ogni ospite un&#039;esperienza culinaria sicura, appagante e piacevole.<\/span><\/div><div class=\"qwen-markdown-space\">\u00a0<\/div><h2 class=\"qwen-markdown-heading\"><span class=\"qwen-markdown-text\">\u2728 Esperienze culinarie a tema: dove il cibo incontra la fantasia<\/span><\/h2><div class=\"qwen-markdown-paragraph\"><span class=\"qwen-markdown-text\">Ci\u00f2 che distingue davvero i nostri ristoranti \u00e8 la perfetta integrazione della narrazione LEGO\u00ae in ogni momento culinario. Immaginate pancake a forma di mattoncini LEGO\u00ae per la colazione, hamburger serviti con bar di condimenti &quot;personalizzabili&quot; o dessert decorati con motivi LEGO\u00ae commestibili. Gli eventi stagionali aggiungono ulteriore magia: buffet a tema festivo, incontri con i personaggi e laboratori di cucina interattivi dove i bambini possono creare le proprie prelibatezze ispirate ai LEGO\u00ae. Questi tocchi coinvolgenti trasformano i pasti ordinari in occasioni di condivisione, creativit\u00e0 e risate, perch\u00e9 al LEGOLAND\u00ae Hotel Shanghai, mangiare non significa solo nutrirsi, ma anche creare ricordi, un delizioso boccone alla volta.<\/span><\/div><div class=\"qwen-markdown-space\">\u00a0<\/div><h2 class=\"qwen-markdown-heading\"><span class=\"qwen-markdown-text\">\ud83d\udccd Posizione ideale per viaggi in famiglia senza intoppi<\/span><\/h2><div class=\"qwen-markdown-paragraph\"><span class=\"qwen-markdown-text\">Situati all&#039;interno dell&#039;hotel al numero 188 di Lefen Road, Fengjing Town, distretto di Jinshan, i nostri ristoranti offrono una comodit\u00e0 senza pari per gli ospiti del LEGOLAND\u00ae Hotel Shanghai o per chi visita il LEGOLAND\u00ae Shanghai Resort. Con il servizio di colazione anticipata in concomitanza con l&#039;apertura del parco, orari flessibili per adattarsi ai vostri impegni e la possibilit\u00e0 di addebitare i pasti sulla camera, eliminiamo lo stress logistico in modo che possiate concentrarvi su ci\u00f2 che conta di pi\u00f9: godervi il tempo insieme. Per gli ospiti che esplorano il distretto di Jinshan, i nostri locali accolgono anche visitatori esterni, diventando cos\u00ec una destinazione culinaria unica per le famiglie che desiderano un pasto divertente e di alta qualit\u00e0 nella pittoresca periferia sud-occidentale di Shanghai.<\/span><\/div><div class=\"qwen-markdown-space\">\u00a0<\/div><h2 class=\"qwen-markdown-heading\"><span class=\"qwen-markdown-text\">\ud83c\udf1f Il tuo tavolo ti aspetta: prenota la tua avventura culinaria<\/span><\/h2><div class=\"qwen-markdown-paragraph\"><span class=\"qwen-markdown-text\">Che si tratti di una tranquilla colazione in famiglia, di una cena per festeggiare o di uno spuntino veloce tra un&#039;attrazione e l&#039;altra, i ristoranti del LEGOLAND\u00ae Hotel Shanghai promettono molto pi\u00f9 di un semplice pasto: promettono un&#039;esperienza. Grazie alle valutazioni costantemente elevate per la qualit\u00e0 del cibo, la cordialit\u00e0 del servizio e l&#039;atmosfera adatta alle famiglie, i nostri ristoranti sono diventati mete amatissime. Vi invitiamo ad accomodarvi, a esplorare i nostri menu e a scoprire perch\u00e9 famiglie da tutto il mondo scelgono di cenare da noi. Al LEGOLAND\u00ae Hotel Shanghai, ogni piatto racconta una storia, ogni sapore regala gioia e ogni pasto \u00e8 un invito a costruire qualcosa di meraviglioso, insieme.<\/span><\/div><div class=\"qwen-markdown-space\">\u00a0<\/div><div class=\"qwen-markdown-paragraph\" data-spm-anchor-id=\"a2ty_o01.29997173.0.i18.16955171QIa6jo\"><em><span class=\"qwen-markdown-text\">Pronti ad assaporare la magia?<\/span><\/em><span class=\"qwen-markdown-text\"> Unisciti a noi nei ristoranti del LEGOLAND\u00ae Hotel Shanghai, dove la fantasia \u00e8 sempre in men\u00f9 e ogni boccone \u00e8 preparato con amore. \ud83e\uddf1\ud83c\udf74\u2728<\/span><\/div>\t\t\t\t\t\t\t\t<\/div>\n\t\t\t\t\t<\/div>\n\t\t\t\t<\/div>\n\t\t\t\t<\/div>","protected":false},"excerpt":{"rendered":"<p>Dining at LEGOLAND\u00ae Hotel Shanghai: Where Every Meal is a Brick-Built Adventure in FlavorStep into a world where culinary creativity meets playful imagination at the restaurants of LEGOLAND\u00ae Hotel Shanghai, located at No. 188 Lefen Road, Fengjing Town, Jinshan District, Shanghai, China. More than just places to eat, our three distinctive dining venues are immersive [&hellip;]<\/p>\n","protected":false},"author":1,"featured_media":0,"parent":0,"menu_order":0,"comment_status":"closed","ping_status":"closed","template":"elementor_header_footer","meta":{"footnotes":""},"class_list":["post-612","page","type-page","status-publish","hentry","post-no-thumbnail"],"_links":{"self":[{"href":"https:\/\/legolandhotelshanghai.com\/it\/wp-json\/wp\/v2\/pages\/612","targetHints":{"allow":["GET"]}}],"collection":[{"href":"https:\/\/legolandhotelshanghai.com\/it\/wp-json\/wp\/v2\/pages"}],"about":[{"href":"https:\/\/legolandhotelshanghai.com\/it\/wp-json\/wp\/v2\/types\/page"}],"author":[{"embeddable":true,"href":"https:\/\/legolandhotelshanghai.com\/it\/wp-json\/wp\/v2\/users\/1"}],"replies":[{"embeddable":true,"href":"https:\/\/legolandhotelshanghai.com\/it\/wp-json\/wp\/v2\/comments?post=612"}],"version-history":[{"count":0,"href":"https:\/\/legolandhotelshanghai.com\/it\/wp-json\/wp\/v2\/pages\/612\/revisions"}],"wp:attachment":[{"href":"https:\/\/legolandhotelshanghai.com\/it\/wp-json\/wp\/v2\/media?parent=612"}],"curies":[{"name":"wp","href":"https:\/\/api.w.org\/{rel}","templated":true}]}}